{"id":3997,"date":"2020-11-10T12:41:00","date_gmt":"2020-11-10T11:41:00","guid":{"rendered":"https:\/\/fredericmistral-tecniceulalia.cat\/visita-virtual\/"},"modified":"2021-01-14T11:02:47","modified_gmt":"2021-01-14T10:02:47","slug":"visita-virtual","status":"publish","type":"page","link":"https:\/\/www.institutpsicologia.cat\/es\/visita-virtual","title":{"rendered":"Visita virtual al colegio"},"content":{"rendered":"\n<p><\/p>\n\n\n\n<p><\/p>\n\n\n\n<style scoped=\"\">\n   @media (max-width: 768px) {\n     #tour-virtual { \n         height: 350px !important;\n     }\n   }\n<\/style>\n<iframe loading=\"lazy\" id=\"tour-virtual\" width=\"100%\" height=\"600px\" src=\"https:\/\/my.matterport.com\/show\/?m=eUAVioLhao4&amp;qs=1&amp;play=1&amp;ts=2\" frameborder=\"0\" allowfullscreen=\"\" allow=\"xr-spatial-tracking\"><\/iframe>\n\n\n\t<div id=\"textodestacado-block_5f218be1b8f30\" class=\"text-destacat bg-ultra_clar lazy\">\t\t<div class=\"grid-container\">\n\t\t\t<!-- Item -->\n        <div class=\"text-destacat__text\">\n\t\t\t\t\t<h2 class=\"titol_bloc\"><\/h2>\n\t\t\t\t\t<div class=\"text_bloc\">\n\t\t\t\t\t\t<p>Os invitamos a hacer una visita virtual para que pod\u00e1is conocer las distintas aulas y espacios del colegio Frederic Mistral-T\u00e8cnic Eul\u00e0lia.<\/p>\n<p>Como ver\u00e9is, tenemos dos edificios, el de <strong>Tibidabo<\/strong> y el de <strong>Sarri\u00e1<\/strong>.<br \/>\nEn el de Tibidabo, hay 4 l\u00edneas de Educaci\u00f3n Infantil y 6 l\u00edneas de Educaci\u00f3n Primaria.<br \/>\nEn el de Sarri\u00e1, hay 2 l\u00edneas de Educaci\u00f3n Infantil, 5 l\u00edneas de Educaci\u00f3n Secundaria Obligatoria y 8 l\u00edneas de Bachillerato.<\/p>\n<p>Si quer\u00e9is conocer el colegio, haced clic <a href=\"https:\/\/www.institutpsicologia.cat\/preinscripcion-2021-2022\">aqu\u00ed<\/a>.<\/p>\n\t\t\t\t\t<\/div>\n\t\t\t\t<\/div>\n\t\t\t<!-- .\/ Item -->\t\n\t\t<\/div>\n\t<\/div>\n\n\t\n\n\n<div style=\"height:87px\" aria-hidden=\"true\" class=\"wp-block-spacer\"><\/div>\n\n\n\n<h1 class=\"has-text-align-center wp-block-heading\"><strong><strong>Visitad nuestros espacios<\/strong><\/strong><\/h1>\n\n\n\n<div class=\"wp-block-group\"><div class=\"wp-block-group__inner-container is-layout-flow wp-block-group-is-layout-flow\">\t<div id=\"text-block_5f2406c8b71ba\" class=\"text-simple bg-ultra_clar lazy\">    <div class=\"grid-container\">\n      <!-- Item -->\n      <div class=\"text-simple__text\">\n        <h2 class=\"titol_bloc\">Educaci\u00f3n Infantil<\/h2>\n      \t<div class=\"text_bloc\">\n        \t<p>Los espacios de Educaci\u00f3n Infantil del colegio Frederic Mistral-T\u00e8cnic Eul\u00e0lia son c\u00e1lidos, acogedores, abiertos al exterior, facilitan oportunidades de aprendizaje. Las aulas se abren al exterior, lo cual facilita nuevas oportunidades de aprendizaje a los ni\u00f1os y las ni\u00f1as. Ofrecemos Educaci\u00f3n Infantil tanto en el edificio de Tibidabo (4 l\u00edneas) como en el de Sarri\u00e1 (2 l\u00edneas).<\/p>\n      \t<\/div>\n     \t<\/div>\n      <!-- .\/ Item -->\n    <\/div>\n  <\/div>\n\n\t\n\n\n<p style=\"text-align: center;font-size:22px;line-height:35px;margin-top:30px\">Parvulario Frederic Mistral-T\u00e8cnic Eul\u00e0lia Sarri\u00e0<br>\n<iframe loading=\"lazy\" src=\"https:\/\/my.matterport.com\/show\/?m=sjaGviWLg6c&amp;qs=1&amp;play=1&amp;ts=2\" width=\"465\" height=\"320\" frameborder=\"0\" allowfullscreen=\"allowfullscreen\"><\/iframe><\/p>\n\n\n\n<div class=\"wp-block-columns is-layout-flex wp-container-core-columns-is-layout-9d6595d7 wp-block-columns-is-layout-flex\">\n<div class=\"wp-block-column is-layout-flow wp-block-column-is-layout-flow\" style=\"flex-basis:100%\"><\/div>\n<\/div>\n\n\n\n<div class=\"wp-block-columns is-layout-flex wp-container-core-columns-is-layout-9d6595d7 wp-block-columns-is-layout-flex\">\n<div class=\"wp-block-column is-layout-flow wp-block-column-is-layout-flow\">\t<div iid=\"text-block_5fc8bc053f60c\" class=\"text-simple lazy\">    <div class=\"grid-container\">\n      <!-- Item -->\n      <div class=\"text-simple__text\">\n        <h2 class=\"titol_bloc\"><\/h2>\n      \t<div class=\"text_bloc\">\n        \t<p>Educaci\u00f3n Infantil 3 y 4 a\u00f1os Tibidabo<\/p>\n      \t<\/div>\n     \t<\/div>\n      <!-- .\/ Item -->\n    <\/div>\n  <\/div>\n\n\t<\/div>\n\n\n\n<div class=\"wp-block-column is-layout-flow wp-block-column-is-layout-flow\">\t<div iid=\"text-block_5fc8bc053f60d\" class=\"text-simple lazy\">    <div class=\"grid-container\">\n      <!-- Item -->\n      <div class=\"text-simple__text\">\n        <h2 class=\"titol_bloc\"><\/h2>\n      \t<div class=\"text_bloc\">\n        \t<p>Educaci\u00f3n Infantil 5 a\u00f1os Tibidabo<\/p>\n      \t<\/div>\n     \t<\/div>\n      <!-- .\/ Item -->\n    <\/div>\n  <\/div>\n\n\t<\/div>\n<\/div>\n<\/div><\/div>\n\n\n\n<div class=\"wp-block-group\"><div class=\"wp-block-group__inner-container is-layout-flow wp-block-group-is-layout-flow\">\n<div class=\"wp-block-group\"><div class=\"wp-block-group__inner-container is-layout-flow wp-block-group-is-layout-flow\">\t<div id=\"text-block_5faa6cdb3fb07\" class=\"text-simple bg-ultra_clar lazy\">    <div class=\"grid-container\">\n      <!-- Item -->\n      <div class=\"text-simple__text\">\n        <h2 class=\"titol_bloc\">Educaci\u00f3n Primaria<\/h2>\n      \t<div class=\"text_bloc\">\n        \t<p>En la Educaci\u00f3n Primaria, las aulas y los distintos espacios polivalentes, interiores y exteriores, nos permiten llevar a cabo las distintas actividades de aprendizaje y hacer protagonistas activos y reflexivos a nuestros alumnos y alumnas.<\/p>\n      \t<\/div>\n     \t<\/div>\n      <!-- .\/ Item -->\n    <\/div>\n  <\/div>\n\n\t\n\n\n<div class=\"wp-block-group\"><div class=\"wp-block-group__inner-container is-layout-flow wp-block-group-is-layout-flow\">\n<div class=\"wp-block-columns is-layout-flex wp-container-core-columns-is-layout-9d6595d7 wp-block-columns-is-layout-flex\">\n<div class=\"wp-block-column is-layout-flow wp-block-column-is-layout-flow\">\t<div iid=\"text-block_5faaa85ce723b\" class=\"text-simple lazy\">    <div class=\"grid-container\">\n      <!-- Item -->\n      <div class=\"text-simple__text\">\n        <h2 class=\"titol_bloc\"><\/h2>\n      \t<div class=\"text_bloc\">\n        \t<p>Aulas singulares<\/p>\n      \t<\/div>\n     \t<\/div>\n      <!-- .\/ Item -->\n    <\/div>\n  <\/div>\n\n\t<\/div>\n\n\n\n<div class=\"wp-block-column is-layout-flow wp-block-column-is-layout-flow\">\t<div iid=\"text-block_5faaa888e723c\" class=\"text-simple lazy\">    <div class=\"grid-container\">\n      <!-- Item -->\n      <div class=\"text-simple__text\">\n        <h2 class=\"titol_bloc\"><\/h2>\n      \t<div class=\"text_bloc\">\n        \t<p>Entrada<\/p>\n      \t<\/div>\n     \t<\/div>\n      <!-- .\/ Item -->\n    <\/div>\n  <\/div>\n\n\t<\/div>\n<\/div>\n<\/div><\/div>\n<\/div><\/div>\n<\/div><\/div>\n\n\n\n<div class=\"wp-block-columns is-layout-flex wp-container-core-columns-is-layout-9d6595d7 wp-block-columns-is-layout-flex\">\n<div class=\"wp-block-column is-layout-flow wp-block-column-is-layout-flow\"><\/div>\n<\/div>\n\n\n\t<div id=\"text-block_5faa6cfb3fb08\" class=\"text-simple bg-ultra_clar lazy\">    <div class=\"grid-container\">\n      <!-- Item -->\n      <div class=\"text-simple__text\">\n        <h2 class=\"titol_bloc\">Educaci\u00f3n Secundaria<\/h2>\n      \t<div class=\"text_bloc\">\n        \t<p>En la Educaci\u00f3n Secundaria, distintos espacios permiten que el alumnado trabaje las distintas materias a partir de materiales mucho m\u00e1s interactivos y metodolog\u00edas diversas, participe de manera m\u00e1s activa en su proceso de aprendizaje y desarrolle estrategias y competencias transversales para ir resolviendo con mayor autonom\u00eda los retos con los que se ir\u00e1 topando.<\/p>\n<p>&nbsp;<\/p>\n      \t<\/div>\n     \t<\/div>\n      <!-- .\/ Item -->\n    <\/div>\n  <\/div>\n\n\t\n\n\n<p style=\"text-align: center;font-size:22px;line-height:35px;margin-top:30px\">Aulas singulares Frederic Mistral-T\u00e8cnic Eul\u00e0lia Sarri\u00e0<br>\n<iframe loading=\"lazy\" width=\"465\" height=\"320\" src=\"https:\/\/my.matterport.com\/show\/?m=CjxwZ1XrJpY&amp;qs=1&amp;play=1&amp;ts=2\" frameborder=\"0\" allowfullscreen=\"\" allow=\"xr-spatial-tracking\"><\/iframe><\/p>\n\n\n\t<div id=\"text-block_5faa6d0c3fb09\" class=\"text-simple bg-ultra_clar lazy\">    <div class=\"grid-container\">\n      <!-- Item -->\n      <div class=\"text-simple__text\">\n        <h2 class=\"titol_bloc\">Bachillerato<\/h2>\n      \t<div class=\"text_bloc\">\n        \t<p>En el colegio Frederic Mistral-T\u00e8cnic Eul\u00e0lia ofrecemos todas las modalidades de Bachillerato y tambi\u00e9n, el Bachibac. Los distintos espacios nos permiten organizar las materias de modalidad y las espec\u00edficas de los distintos itinerarios.<\/p>\n      \t<\/div>\n     \t<\/div>\n      <!-- .\/ Item -->\n    <\/div>\n  <\/div>\n\n\t\n\n\n<p style=\"text-align: center;font-size:22px;line-height:35px;margin-top:30px\">Vest\u00edbulo, Bachillerato y Arte Frederic Mistral-T\u00e8cnic Eul\u00e0lia Sarri\u00e0<br>\n<iframe loading=\"lazy\" width=\"465\" height=\"320\" src=\"https:\/\/my.matterport.com\/show\/?m=ZGerXrhZKfF&amp;qs=1&amp;play=1&amp;ts=2\" frameborder=\"0\" allowfullscreen=\"\" allow=\"xr-spatial-tracking\"><\/iframe><\/p>\n\n\n   \t<div id=\"\" class=\"row bg-clar ambits lazy\">\n   \t\t<h2 class=\"entry-title\">\u00c1mbitos<\/h2>\n     \t<div class=\"col-md-2 offset-md-1 offset-xxl-2\">\n       \t<div class=\"ambits-txt\">\n          Descubre los<br><strong> 5 ejes singulares<\/strong> que nos definen       \t<\/div>\n     \t<\/div>\n     \t<div class=\"col-md-9 col-xxl-8\">\n        <ul class=\"ambits-links\">\n        \t<li class=\"ambits-link cultura_valors\"><a href=\"https:\/\/fredericmistral-tecniceulalia.cat\/es\/ambitos\/cultura-y-valores\/\">Cultura y valores<\/a><\/li>\n          <li class=\"ambits-link sostenibilitat\"><a href=\"https:\/\/fredericmistral-tecniceulalia.cat\/es\/ambitos\/sostenibilidad\/\">sostenibilidad<\/a><\/li>\n          <li class=\"ambits-link orientacio\"><a href=\"https:\/\/fredericmistral-tecniceulalia.cat\/es\/ambitos\/orientacion-personal-y-academica\/\">Orientaci\u00f3n personal<br>y acad\u00e9mica<\/a><\/li>\n          <li class=\"ambits-link innovacio\"><a href=\"https:\/\/fredericmistral-tecniceulalia.cat\/es\/ambitos\/innovacio\/\">Innovaci\u00f3n<\/a><\/li>\n          <li class=\"ambits-link plurilinguisme\"><a href=\"https:\/\/fredericmistral-tecniceulalia.cat\/es\/ambitos\/plurilinguismo\/\">Pluriling\u00fcismo<\/a><\/li>\n       \t<\/ul>\n     \t<\/div>\n   \t<\/div>\n\n\t","protected":false},"excerpt":{"rendered":"<p>Visitad nuestros espacios Parvulario Frederic Mistral-T\u00e8cnic Eul\u00e0lia Sarri\u00e0 Aulas singulares Frederic Mistral-T\u00e8cnic Eul\u00e0lia Sarri\u00e0 Vest\u00edbulo, Bachillerato y Arte Frederic Mistral-T\u00e8cnic Eul\u00e0lia Sarri\u00e0<\/p>\n","protected":false},"author":2,"featured_media":0,"parent":0,"menu_order":0,"comment_status":"closed","ping_status":"closed","template":"","meta":{"_acf_changed":false,"wp_popup_display_lightbox":0,"wp_popup_suppress":"","wp_popup_trigger":"","wp_popup_trigger_amount":0,"wp_popup_disable_on_mobile":false,"_themeisle_gutenberg_block_has_review":false,"footnotes":""},"class_list":["post-3997","page","type-page","status-publish"],"acf":[],"_links":{"self":[{"href":"https:\/\/www.institutpsicologia.cat\/es\/wp-json\/wp\/v2\/pages\/3997","targetHints":{"allow":["GET"]}}],"collection":[{"href":"https:\/\/www.institutpsicologia.cat\/es\/wp-json\/wp\/v2\/pages"}],"about":[{"href":"https:\/\/www.institutpsicologia.cat\/es\/wp-json\/wp\/v2\/types\/page"}],"author":[{"embeddable":true,"href":"https:\/\/www.institutpsicologia.cat\/es\/wp-json\/wp\/v2\/users\/2"}],"replies":[{"embeddable":true,"href":"https:\/\/www.institutpsicologia.cat\/es\/wp-json\/wp\/v2\/comments?post=3997"}],"version-history":[{"count":12,"href":"https:\/\/www.institutpsicologia.cat\/es\/wp-json\/wp\/v2\/pages\/3997\/revisions"}],"predecessor-version":[{"id":4404,"href":"https:\/\/www.institutpsicologia.cat\/es\/wp-json\/wp\/v2\/pages\/3997\/revisions\/4404"}],"wp:attachment":[{"href":"https:\/\/www.institutpsicologia.cat\/es\/wp-json\/wp\/v2\/media?parent=3997"}],"curies":[{"name":"wp","href":"https:\/\/api.w.org\/{rel}","templated":true}]}}