{"id":3977,"date":"2020-06-03T09:34:33","date_gmt":"2020-06-03T09:34:33","guid":{"rendered":"https:\/\/fredericmistral-tecniceulalia.cat\/ambits\/"},"modified":"2024-01-09T13:29:13","modified_gmt":"2024-01-09T12:29:13","slug":"ambitos-delete","status":"publish","type":"page","link":"https:\/\/www.institutpsicologia.cat\/es\/ambitos-delete","title":{"rendered":"\u00c1mbitos"},"content":{"rendered":"\n\t<div id=\"cabecerainterior-block_5ed76c89e95bc\" class=\"cabecerainterior lazy\">\n\t\t<div class=\"cabint-image\">\n\t\t\t<img decoding=\"async\" src=\"https:\/\/www.institutpsicologia.cat\/wp-content\/uploads\/2020\/07\/opt_web_FMTE_Innovacio_10.jpg\" alt=\"Nens jugant\">\n\t\t<\/div>\n\t\t<div class=\"cabint-info\">\n\t\t\t<h1 class=\"cabint-info__titol\">\n\t\t\t\t\u00c1mbitos\t\t\t<\/h1>\n\t\t<\/div>\n\t<\/div>\n\n\t\n\n\t<div class=\"grid-container lazy\">\n\t\t<div class=\"text-imatge\">\n\t\t\t<div class=\"text-imatge-row row\">\n\t\t\t\t<div class=\"col-md-6 text-imatge__imatge\">\n\t\t\t\t\t\t\t\t\t\t<a href=\"http:\/\/cultura-y-valores\">\n\t\t\t\t\t<img loading=\"lazy\" decoding=\"async\" width=\"1000\" height=\"1000\" src=\"https:\/\/www.institutpsicologia.cat\/wp-content\/uploads\/2020\/10\/ambits_cultura_valors_1000x1000px-1000x1000.jpg\" class=\"attachment-custom-cuadrat size-custom-cuadrat\" alt=\"\" srcset=\"https:\/\/www.institutpsicologia.cat\/wp-content\/uploads\/2020\/10\/ambits_cultura_valors_1000x1000px.jpg 1000w, https:\/\/www.institutpsicologia.cat\/wp-content\/uploads\/2020\/10\/ambits_cultura_valors_1000x1000px-300x300.jpg 300w, https:\/\/www.institutpsicologia.cat\/wp-content\/uploads\/2020\/10\/ambits_cultura_valors_1000x1000px-150x150.jpg 150w, https:\/\/www.institutpsicologia.cat\/wp-content\/uploads\/2020\/10\/ambits_cultura_valors_1000x1000px-768x768.jpg 768w, https:\/\/www.institutpsicologia.cat\/wp-content\/uploads\/2020\/10\/ambits_cultura_valors_1000x1000px-800x800.jpg 800w\" sizes=\"auto, (max-width: 1000px) 100vw, 1000px\" \/>\t\t\t\t\t<\/a>\n\t\t\t\t<\/div>\n\t\t\t\t<div class=\"col-md-6 text-imatge__text\">\n\t\t\t\t\t<span class=\"seccio_bloc\">\n\t\t\t\t\t\tAquello que nos nutre\t\n\t\t\t\t\t<\/span>\n\t\t\t\t\t<h2 class=\"titol_bloc\">Cultura y valores<\/h2>\n\t\t\t\t\t<div class=\"text_bloc\">\n\t\t\t\t\t\t<p>\n\t\t\t\t\t\t\t<p>La realidad actual es m\u00faltiple y cambiante. Desde la Escuela Frederic Mistral-T\u00e8cnic Eul\u00e0lia nos preguntamos c\u00f3mo podemos interpretarla sin sistematizarla ni reducirla. Es gracias a la <strong>cultura<\/strong>, los <strong>valores<\/strong> y la<strong> acci\u00f3n social<\/strong> que <strong>damos sentido a la experiencia educativa<\/strong>. Dedicamos tiempo y especial atenci\u00f3n a trabajar para una educaci\u00f3n inclusiva, diversa y permeable al entorno. Para desarrollar la curiosidad y alejarnos del pensamiento \u00fanico.<\/p>\n\t\n\t\t\t\t\t\t<\/p>\n\t\t\t\t\t<\/div>\n\t\t\t\t\t\t\t\t\t\t\t\t<a href=\"http:\/\/cultura-y-valores\" class=\"mes_bloc\">\n\t\t\t\t\t\t\t+ info\t\n\t\t\t\t\t\t<\/a>\n\t\t\t\t\t\t\n\t\t\t\t<\/div>\n\t\t\t<\/div>\n\t\t<\/div>\n\t<\/div>\n\n\n\t<div class=\"grid-container lazy\">\n\t\t<div class=\"text-imatge\">\n\t\t\t<div class=\"text-imatge-row row\">\n\t\t\t\t<div class=\"col-md-6 text-imatge__imatge\">\n\t\t\t\t\t\t\t\t\t\t<a href=\"http:\/\/sostenibilidad\">\n\t\t\t\t\t<img loading=\"lazy\" decoding=\"async\" width=\"1000\" height=\"1000\" src=\"https:\/\/www.institutpsicologia.cat\/wp-content\/uploads\/2020\/07\/opt_01_web_FMTE_sostenibilitat_5-1-1000x1000.jpg\" class=\"attachment-custom-cuadrat size-custom-cuadrat\" alt=\"Sostenibilitat\" srcset=\"https:\/\/www.institutpsicologia.cat\/wp-content\/uploads\/2020\/07\/opt_01_web_FMTE_sostenibilitat_5-1.jpg 1000w, https:\/\/www.institutpsicologia.cat\/wp-content\/uploads\/2020\/07\/opt_01_web_FMTE_sostenibilitat_5-1-300x300.jpg 300w, https:\/\/www.institutpsicologia.cat\/wp-content\/uploads\/2020\/07\/opt_01_web_FMTE_sostenibilitat_5-1-150x150.jpg 150w, https:\/\/www.institutpsicologia.cat\/wp-content\/uploads\/2020\/07\/opt_01_web_FMTE_sostenibilitat_5-1-768x768.jpg 768w, https:\/\/www.institutpsicologia.cat\/wp-content\/uploads\/2020\/07\/opt_01_web_FMTE_sostenibilitat_5-1-800x800.jpg 800w\" sizes=\"auto, (max-width: 1000px) 100vw, 1000px\" \/>\t\t\t\t\t<\/a>\n\t\t\t\t<\/div>\n\t\t\t\t<div class=\"col-md-6 text-imatge__text\">\n\t\t\t\t\t<span class=\"seccio_bloc\">\n\t\t\t\t\t\tAquello que nos rodea\t\n\t\t\t\t\t<\/span>\n\t\t\t\t\t<h2 class=\"titol_bloc\">Sostenibilidad<\/h2>\n\t\t\t\t\t<div class=\"text_bloc\">\n\t\t\t\t\t\t<p>\n\t\t\t\t\t\t\t<p>Hacemos <strong>compatible<\/strong> la <strong>vida urbana<\/strong> con el <strong>contacto con la naturaleza<\/strong>. Situada al lado del Parque de Collserola, somos un colegio con vistas sobre Barcelona. Como centro educativo en entorno urbano, somos un oasis en la ciudad; la excepci\u00f3n que permite la <strong>actividad escolar en un entorno saludable<\/strong>. Conocemos, cuidamos y vivimos nuestro entorno. \u00a1Apostamos por el ahorro energ\u00e9tico y la recogida selectiva, pero tambi\u00e9n y sobre todo por la movilidad sostenible!<\/p>\n\t\n\t\t\t\t\t\t<\/p>\n\t\t\t\t\t<\/div>\n\t\t\t\t\t\t\t\t\t\t\t\t<a href=\"http:\/\/sostenibilidad\" class=\"mes_bloc\">\n\t\t\t\t\t\t\t+ info\t\n\t\t\t\t\t\t<\/a>\n\t\t\t\t\t\t\n\t\t\t\t<\/div>\n\t\t\t<\/div>\n\t\t<\/div>\n\t<\/div>\n\n\n\t<div class=\"grid-container lazy\">\n\t\t<div class=\"text-imatge\">\n\t\t\t<div class=\"text-imatge-row row\">\n\t\t\t\t<div class=\"col-md-6 text-imatge__imatge\">\n\t\t\t\t\t\t\t\t\t\t<a href=\"http:\/\/orientacion-personal-y-academica\">\n\t\t\t\t\t<img loading=\"lazy\" decoding=\"async\" width=\"1000\" height=\"1000\" src=\"https:\/\/www.institutpsicologia.cat\/wp-content\/uploads\/2020\/07\/opt_web_FMTE_Orientacio_-personal_academica_4-1000x1000.jpg\" class=\"attachment-custom-cuadrat size-custom-cuadrat\" alt=\"Orientaci\u00f3 personal i acad\u00e8mica\" srcset=\"https:\/\/www.institutpsicologia.cat\/wp-content\/uploads\/2020\/07\/opt_web_FMTE_Orientacio_-personal_academica_4.jpg 1000w, https:\/\/www.institutpsicologia.cat\/wp-content\/uploads\/2020\/07\/opt_web_FMTE_Orientacio_-personal_academica_4-300x300.jpg 300w, https:\/\/www.institutpsicologia.cat\/wp-content\/uploads\/2020\/07\/opt_web_FMTE_Orientacio_-personal_academica_4-150x150.jpg 150w, https:\/\/www.institutpsicologia.cat\/wp-content\/uploads\/2020\/07\/opt_web_FMTE_Orientacio_-personal_academica_4-768x768.jpg 768w, https:\/\/www.institutpsicologia.cat\/wp-content\/uploads\/2020\/07\/opt_web_FMTE_Orientacio_-personal_academica_4-800x800.jpg 800w\" sizes=\"auto, (max-width: 1000px) 100vw, 1000px\" \/>\t\t\t\t\t<\/a>\n\t\t\t\t<\/div>\n\t\t\t\t<div class=\"col-md-6 text-imatge__text\">\n\t\t\t\t\t<span class=\"seccio_bloc\">\n\t\t\t\t\t\tAquello que nos define\t\n\t\t\t\t\t<\/span>\n\t\t\t\t\t<h2 class=\"titol_bloc\">Orientaci\u00f3n personal y acad\u00e9mica<\/h2>\n\t\t\t\t\t<div class=\"text_bloc\">\n\t\t\t\t\t\t<p>\n\t\t\t\t\t\t\t<p>Somos la <strong>escuela de proximidad, de verdad<\/strong>. Sin intermediarios. <strong>Nos encontrar\u00e1s siempre<\/strong>. Te acompa\u00f1amos en todas las etapas escolares; desde P3 hasta el Bachillerato. Practicamos la educaci\u00f3n consciente, personalizada y corresponsable porque estamos convencidos que fortalece de manera rec\u00edproca a todas las personas implicadas en la tarea educativa. El seguimiento individual y la escucha activa definen nuestro proyecto educativo.<\/p>\n\t\n\t\t\t\t\t\t<\/p>\n\t\t\t\t\t<\/div>\n\t\t\t\t\t\t\t\t\t\t\t\t<a href=\"http:\/\/orientacion-personal-y-academica\" class=\"mes_bloc\">\n\t\t\t\t\t\t\t+ info\t\n\t\t\t\t\t\t<\/a>\n\t\t\t\t\t\t\n\t\t\t\t<\/div>\n\t\t\t<\/div>\n\t\t<\/div>\n\t<\/div>\n\n\n\t<div class=\"grid-container lazy\">\n\t\t<div class=\"text-imatge\">\n\t\t\t<div class=\"text-imatge-row row\">\n\t\t\t\t<div class=\"col-md-6 text-imatge__imatge\">\n\t\t\t\t\t\t\t\t\t\t<a href=\"http:\/\/innovacion\">\n\t\t\t\t\t<img loading=\"lazy\" decoding=\"async\" width=\"1000\" height=\"1000\" src=\"https:\/\/www.institutpsicologia.cat\/wp-content\/uploads\/2020\/07\/opt_web_FMTE_Innovacio_16-1000x1000.jpg\" class=\"attachment-custom-cuadrat size-custom-cuadrat\" alt=\"Innovaci\u00f3\" srcset=\"https:\/\/www.institutpsicologia.cat\/wp-content\/uploads\/2020\/07\/opt_web_FMTE_Innovacio_16.jpg 1000w, https:\/\/www.institutpsicologia.cat\/wp-content\/uploads\/2020\/07\/opt_web_FMTE_Innovacio_16-300x300.jpg 300w, https:\/\/www.institutpsicologia.cat\/wp-content\/uploads\/2020\/07\/opt_web_FMTE_Innovacio_16-150x150.jpg 150w, https:\/\/www.institutpsicologia.cat\/wp-content\/uploads\/2020\/07\/opt_web_FMTE_Innovacio_16-768x768.jpg 768w, https:\/\/www.institutpsicologia.cat\/wp-content\/uploads\/2020\/07\/opt_web_FMTE_Innovacio_16-800x800.jpg 800w\" sizes=\"auto, (max-width: 1000px) 100vw, 1000px\" \/>\t\t\t\t\t<\/a>\n\t\t\t\t<\/div>\n\t\t\t\t<div class=\"col-md-6 text-imatge__text\">\n\t\t\t\t\t<span class=\"seccio_bloc\">\n\t\t\t\t\t\tAquello que nos hace avanzar\t\n\t\t\t\t\t<\/span>\n\t\t\t\t\t<h2 class=\"titol_bloc\">Innovaci\u00f3n<\/h2>\n\t\t\t\t\t<div class=\"text_bloc\">\n\t\t\t\t\t\t<p>\n\t\t\t\t\t\t\t<p>La Escuela Frederic Mistral-T\u00e8cnic Eul\u00e0lia anima a partes iguales alumnado y profesorado que, a\u00f1o tras a\u00f1o, investiga, innova y propone nuevas maneras de <strong>enriquecer la experiencia de educar<\/strong>. La innovaci\u00f3n pedag\u00f3gica y la calidad educativa nos permiten implementar cambios para mejorar las condiciones de aprendizaje y conseguir unos buenos resultados educativos de forma eficaz. <strong>M\u00e1s de 50 a\u00f1os<\/strong> <strong>#CreantEscola<\/strong>, descubriendo la educaci\u00f3n que est\u00e1 por venir.<\/p>\n\t\n\t\t\t\t\t\t<\/p>\n\t\t\t\t\t<\/div>\n\t\t\t\t\t\t\t\t\t\t\t\t<a href=\"http:\/\/innovacion\" class=\"mes_bloc\">\n\t\t\t\t\t\t\t+ info\t\n\t\t\t\t\t\t<\/a>\n\t\t\t\t\t\t\n\t\t\t\t<\/div>\n\t\t\t<\/div>\n\t\t<\/div>\n\t<\/div>\n\n\n\t<div class=\"grid-container lazy\">\n\t\t<div class=\"text-imatge\">\n\t\t\t<div class=\"text-imatge-row row\">\n\t\t\t\t<div class=\"col-md-6 text-imatge__imatge\">\n\t\t\t\t\t\t\t\t\t\t<a href=\"http:\/\/plurilinguismo\">\n\t\t\t\t\t<img loading=\"lazy\" decoding=\"async\" width=\"1000\" height=\"1000\" src=\"https:\/\/www.institutpsicologia.cat\/wp-content\/uploads\/2020\/07\/opt_web_FMTE_Plurilinguisme_3-1000x1000.jpg\" class=\"attachment-custom-cuadrat size-custom-cuadrat\" alt=\"Pluriling\u00fcisme\" srcset=\"https:\/\/www.institutpsicologia.cat\/wp-content\/uploads\/2020\/07\/opt_web_FMTE_Plurilinguisme_3.jpg 1000w, https:\/\/www.institutpsicologia.cat\/wp-content\/uploads\/2020\/07\/opt_web_FMTE_Plurilinguisme_3-300x300.jpg 300w, https:\/\/www.institutpsicologia.cat\/wp-content\/uploads\/2020\/07\/opt_web_FMTE_Plurilinguisme_3-150x150.jpg 150w, https:\/\/www.institutpsicologia.cat\/wp-content\/uploads\/2020\/07\/opt_web_FMTE_Plurilinguisme_3-768x768.jpg 768w, https:\/\/www.institutpsicologia.cat\/wp-content\/uploads\/2020\/07\/opt_web_FMTE_Plurilinguisme_3-800x800.jpg 800w\" sizes=\"auto, (max-width: 1000px) 100vw, 1000px\" \/>\t\t\t\t\t<\/a>\n\t\t\t\t<\/div>\n\t\t\t\t<div class=\"col-md-6 text-imatge__text\">\n\t\t\t\t\t<span class=\"seccio_bloc\">\n\t\t\t\t\t\tAquello que nos abre al mundo\t\n\t\t\t\t\t<\/span>\n\t\t\t\t\t<h2 class=\"titol_bloc\">Pluriling\u00fcismo<\/h2>\n\t\t\t\t\t<div class=\"text_bloc\">\n\t\t\t\t\t\t<p>\n\t\t\t\t\t\t\t<p><strong>El aprendizaje, el dominio y el uso social de distintas lenguas<\/strong> como el catal\u00e1n, el castellano, el ingl\u00e9s y el franc\u00e9s o el alem\u00e1n <strong>es la base para<\/strong> facilitar y consolidar <strong>la competencia discursiva<\/strong> y la <strong>apertura mental<\/strong>. El catal\u00e1n es la lengua vehicular, de cohesi\u00f3n y de aprendizaje entre todas las personas de la escuela y en la mayor parte de actividades acad\u00e9micas que realizamos.<\/p>\n\t\n\t\t\t\t\t\t<\/p>\n\t\t\t\t\t<\/div>\n\t\t\t\t\t\t\t\t\t\t\t\t<a href=\"http:\/\/plurilinguismo\" class=\"mes_bloc\">\n\t\t\t\t\t\t\t+ info\t\n\t\t\t\t\t\t<\/a>\n\t\t\t\t\t\t\n\t\t\t\t<\/div>\n\t\t\t<\/div>\n\t\t<\/div>\n\t<\/div>\n\n\n\n<p><\/p>\n","protected":false},"excerpt":{"rendered":"","protected":false},"author":1,"featured_media":0,"parent":0,"menu_order":0,"comment_status":"closed","ping_status":"closed","template":"","meta":{"_acf_changed":false,"wp_popup_display_lightbox":0,"wp_popup_suppress":"","wp_popup_trigger":"","wp_popup_trigger_amount":0,"wp_popup_disable_on_mobile":false,"_themeisle_gutenberg_block_has_review":false,"footnotes":""},"class_list":["post-3977","page","type-page","status-publish"],"acf":[],"_links":{"self":[{"href":"https:\/\/www.institutpsicologia.cat\/es\/wp-json\/wp\/v2\/pages\/3977","targetHints":{"allow":["GET"]}}],"collection":[{"href":"https:\/\/www.institutpsicologia.cat\/es\/wp-json\/wp\/v2\/pages"}],"about":[{"href":"https:\/\/www.institutpsicologia.cat\/es\/wp-json\/wp\/v2\/types\/page"}],"author":[{"embeddable":true,"href":"https:\/\/www.institutpsicologia.cat\/es\/wp-json\/wp\/v2\/users\/1"}],"replies":[{"embeddable":true,"href":"https:\/\/www.institutpsicologia.cat\/es\/wp-json\/wp\/v2\/comments?post=3977"}],"version-history":[{"count":11,"href":"https:\/\/www.institutpsicologia.cat\/es\/wp-json\/wp\/v2\/pages\/3977\/revisions"}],"predecessor-version":[{"id":31147,"href":"https:\/\/www.institutpsicologia.cat\/es\/wp-json\/wp\/v2\/pages\/3977\/revisions\/31147"}],"wp:attachment":[{"href":"https:\/\/www.institutpsicologia.cat\/es\/wp-json\/wp\/v2\/media?parent=3977"}],"curies":[{"name":"wp","href":"https:\/\/api.w.org\/{rel}","templated":true}]}}