{"id":3964,"date":"2020-07-16T11:04:54","date_gmt":"2020-07-16T11:04:54","guid":{"rendered":"https:\/\/fredericmistral-tecniceulalia.cat\/la-fundacio-collserola\/"},"modified":"2021-02-17T17:07:08","modified_gmt":"2021-02-17T16:07:08","slug":"la-fundacio-collserola","status":"publish","type":"page","link":"https:\/\/www.institutpsicologia.cat\/es\/la-fundacio-collserola","title":{"rendered":"La Fundaci\u00f3 Collserola"},"content":{"rendered":"\n\t<div id=\"cabecerainterior-block_5ed75ecb28017\" class=\"cabecerainterior lazy\">\n\t\t<div class=\"cabint-image\">\n\t\t\t<img decoding=\"async\" src=\"https:\/\/www.institutpsicologia.cat\/wp-content\/uploads\/2020\/07\/opt_Fundacio_collserola1-1.jpg\" alt=\"Fundaci\u00f3 Collserola\">\n\t\t<\/div>\n\t\t<div class=\"cabint-info\">\n\t\t\t<h1 class=\"cabint-info__titol\">\n\t\t\t\tLa Fundaci\u00f3 Collserola\t\t\t<\/h1>\n\t\t<\/div>\n\t<\/div>\n\n\t\n\n\t<div id=\"textodestacado-block_5f10341bafae6\" class=\"text-destacat lazy\">\t\t<div class=\"grid-container\">\n\t\t\t<!-- Item -->\n        <div class=\"text-destacat__text\">\n\t\t\t\t\t<h2 class=\"titol_bloc\"><\/h2>\n\t\t\t\t\t<div class=\"text_bloc\">\n\t\t\t\t\t\t<p>El colegio Frederic Mistral-T\u00e8cnic Eul\u00e0lia forma parte, junto con el colegio Aven\u00e7 de Sant Cugat del Vall\u00e8s y el colegio Ramon Fuster de Bellaterra, de la Fundaci\u00f3 Collserola.<\/p>\n\t\t\t\t\t<\/div>\n\t\t\t\t<\/div>\n\t\t\t<!-- .\/ Item -->\t\n\t\t<\/div>\n\t<\/div>\n\n\t\n\n\t<div class=\"grid-container lazy\">\n\t\t<div class=\"text-imatge\">\n\t\t\t<div class=\"text-imatge-row row\">\n\t\t\t\t<div class=\"col-md-6 text-imatge__imatge\">\n\t\t\t\t\t\t\t\t\t\t<a href=\"\">\n\t\t\t\t\t<img loading=\"lazy\" decoding=\"async\" width=\"1000\" height=\"1000\" src=\"https:\/\/www.institutpsicologia.cat\/wp-content\/uploads\/2020\/07\/opt_Fundacio_Collserola-1-1000x1000.jpg\" class=\"attachment-custom-cuadrat size-custom-cuadrat\" alt=\"Fundaci\u00f3 Collserola\" srcset=\"https:\/\/www.institutpsicologia.cat\/wp-content\/uploads\/2020\/07\/opt_Fundacio_Collserola-1.jpg 1000w, https:\/\/www.institutpsicologia.cat\/wp-content\/uploads\/2020\/07\/opt_Fundacio_Collserola-1-300x300.jpg 300w, https:\/\/www.institutpsicologia.cat\/wp-content\/uploads\/2020\/07\/opt_Fundacio_Collserola-1-150x150.jpg 150w, https:\/\/www.institutpsicologia.cat\/wp-content\/uploads\/2020\/07\/opt_Fundacio_Collserola-1-768x768.jpg 768w, https:\/\/www.institutpsicologia.cat\/wp-content\/uploads\/2020\/07\/opt_Fundacio_Collserola-1-800x800.jpg 800w\" sizes=\"auto, (max-width: 1000px) 100vw, 1000px\" \/>\t\t\t\t\t<\/a>\n\t\t\t\t<\/div>\n\t\t\t\t<div class=\"col-md-6 text-imatge__text\">\n\t\t\t\t\t<span class=\"seccio_bloc\">\n\t\t\t\t\t\t\t\n\t\t\t\t\t<\/span>\n\t\t\t\t\t<h2 class=\"titol_bloc\">El origen<\/h2>\n\t\t\t\t\t<div class=\"text_bloc\">\n\t\t\t\t\t\t<p>\n\t\t\t\t\t\t\t<p>El origen de la Fundaci\u00f3 Collserola se encuentra en el <strong>colegio Frederic Mistral<\/strong>, fundado el a\u00f1o 1967 por un grupo de familias y profesionales de la educaci\u00f3n comprometidos con la voluntad de crear una escuela catalana, laica y plural desligada de cualquier organizaci\u00f3n pol\u00edtica, ideol\u00f3gica o social. Desde el primer momento, se excluy\u00f3 el af\u00e1n de lucro como objetivo y los resultados econ\u00f3micos se fueron dedicando a\u00f1o tras a\u00f1o, a la mejora de las instalaciones y de los equipamientos escolares, al incremento del n\u00famero y la calidad de los servicios pedag\u00f3gicos y a la integraci\u00f3n de nuevos colegios al proyecto inicial.<\/p>\n<p>El a\u00f1o 1988, el colegio Frederic Mistral, integr\u00f3 el <strong>colegio Aven\u00e7<\/strong> de Sant Cugat del Vall\u00e8s. El a\u00f1o 1994, se constituy\u00f3 la <strong>Fundaci\u00f3 Collserola<\/strong> a la cual se trasfiri\u00f3 la titularidad de los dos colegios, la propiedad del conjunto de terrenos, edificios, instalaciones y equipamientos que formaban parte y los de la <strong>Casa de Colonias Les Vinyes de Vilamar\u00ed<\/strong>.<\/p>\n<p>El a\u00f1o 1995, se integr\u00f3 al grupo el <strong>Institut T\u00e8cnic Eul\u00e0lia<\/strong>. De esta integraci\u00f3n surgi\u00f3 el <strong>colegio Frederic Mistral-T\u00e8cnic Eul\u00e0lia<\/strong>. La integraci\u00f3n de nuevos colegios se complet\u00f3 el a\u00f1o 1998 con la incorporaci\u00f3n al proyecto del <strong>colegio Ramon Fuster<\/strong> de Bellaterra.<\/p>\n\t\n\t\t\t\t\t\t<\/p>\n\t\t\t\t\t<\/div>\n\t\t\t\t\t\t\n\t\t\t\t<\/div>\n\t\t\t<\/div>\n\t\t<\/div>\n\t<\/div>\n\n\n\t<div class=\"grid-container lazy\">\n\t\t<div class=\"text-imatge right\">\n\t\t\t<div class=\"text-imatge-row row\">\n\t\t\t\t<div class=\"col-md-6 text-imatge__imatge\">\n\t\t\t\t\t\t\t\t\t\t<a href=\"\">\n\t\t\t\t\t<img loading=\"lazy\" decoding=\"async\" width=\"1000\" height=\"1000\" src=\"https:\/\/www.institutpsicologia.cat\/wp-content\/uploads\/2020\/07\/opt_Fundacio_Collserola-2-1000x1000.jpg\" class=\"attachment-custom-cuadrat size-custom-cuadrat\" alt=\"Fundaci\u00f3 Collserola\" srcset=\"https:\/\/www.institutpsicologia.cat\/wp-content\/uploads\/2020\/07\/opt_Fundacio_Collserola-2.jpg 1000w, https:\/\/www.institutpsicologia.cat\/wp-content\/uploads\/2020\/07\/opt_Fundacio_Collserola-2-300x300.jpg 300w, https:\/\/www.institutpsicologia.cat\/wp-content\/uploads\/2020\/07\/opt_Fundacio_Collserola-2-150x150.jpg 150w, https:\/\/www.institutpsicologia.cat\/wp-content\/uploads\/2020\/07\/opt_Fundacio_Collserola-2-768x768.jpg 768w, https:\/\/www.institutpsicologia.cat\/wp-content\/uploads\/2020\/07\/opt_Fundacio_Collserola-2-800x800.jpg 800w\" sizes=\"auto, (max-width: 1000px) 100vw, 1000px\" \/>\t\t\t\t\t<\/a>\n\t\t\t\t<\/div>\n\t\t\t\t<div class=\"col-md-6 text-imatge__text\">\n\t\t\t\t\t<span class=\"seccio_bloc\">\n\t\t\t\t\t\t\t\n\t\t\t\t\t<\/span>\n\t\t\t\t\t<h2 class=\"titol_bloc\">Nuestros valores<\/h2>\n\t\t\t\t\t<div class=\"text_bloc\">\n\t\t\t\t\t\t<p>\n\t\t\t\t\t\t\t<p>Los valores principales de la Fundaci\u00f3 y de los colegios que la conforman son la <strong>catalanidad<\/strong>, la <strong>laicidad<\/strong>, el <strong>pluralismo<\/strong>, el <strong>pensamiento cr\u00edtico<\/strong>, la <strong>inclusi\u00f3n<\/strong> y la <strong>conciencia c\u00edvica<\/strong>. Ofrecemos una educaci\u00f3n integral y una ense\u00f1anza de calidad, inclusiva y personalizada. Nuestro objetivo es conseguir una s\u00f3lida formaci\u00f3n personal y acad\u00e9mica de los ni\u00f1os y j\u00f3venes.<\/p>\n<p>Trabajamos con <strong>pasi\u00f3n y compromiso<\/strong>, fomentando la cultura y el conocimiento, en estrecha colaboraci\u00f3n con las familias y el entorno, y con una marcada <strong>conciencia social<\/strong>.<\/p>\n<p>Queremos, en un mundo cambiante, crear entornos de aprendizaje rigurosos y de calidad, que ayuden a nuestro alumnado a conseguir su m\u00e1ximo potencial de acuerdo a su talento y capacidades. Tenemos el prop\u00f3sito que nuestros ni\u00f1os y j\u00f3venes se conviertan en ciudadanos y ciudadanas que valoren el conocimiento con <strong>esp\u00edritu cr\u00edtico<\/strong>, <strong>\u00e9ticamente comprometidos<\/strong>, <strong>respetuosos<\/strong> con la diversidad social y cultural, <strong>competentes<\/strong> y capaces de dar respuesta a situaciones complejas con coraje y creatividad para contribuir al progreso y al desarrollo de la sociedad.<\/p>\n\t\n\t\t\t\t\t\t<\/p>\n\t\t\t\t\t<\/div>\n\t\t\t\t\t\t\n\t\t\t\t\t<\/a>\n\t\t\t\t<\/div>\n\t\t\t<\/div>\n\t\t<\/div>\n\t<\/div>\n\n\n\t<div class=\"grid-container lazy\">\n\t\t<div class=\"text-imatge\">\n\t\t\t<div class=\"text-imatge-row row\">\n\t\t\t\t<div class=\"col-md-6 text-imatge__imatge\">\n\t\t\t\t\t\t\t\t\t\t<a href=\"\/es\/la-fundacio-collserola\/fundaciones-vinculadas\/\">\n\t\t\t\t\t<img loading=\"lazy\" decoding=\"async\" width=\"1000\" height=\"1000\" src=\"https:\/\/www.institutpsicologia.cat\/wp-content\/uploads\/2020\/09\/La_fundacio_Collserola_Les_nostres_fundacions_vinculades-1000x1000.jpg\" class=\"attachment-custom-cuadrat size-custom-cuadrat\" alt=\"\" srcset=\"https:\/\/www.institutpsicologia.cat\/wp-content\/uploads\/2020\/09\/La_fundacio_Collserola_Les_nostres_fundacions_vinculades-1000x1000.jpg 1000w, https:\/\/www.institutpsicologia.cat\/wp-content\/uploads\/2020\/09\/La_fundacio_Collserola_Les_nostres_fundacions_vinculades-300x300.jpg 300w, https:\/\/www.institutpsicologia.cat\/wp-content\/uploads\/2020\/09\/La_fundacio_Collserola_Les_nostres_fundacions_vinculades-1024x1024.jpg 1024w, https:\/\/www.institutpsicologia.cat\/wp-content\/uploads\/2020\/09\/La_fundacio_Collserola_Les_nostres_fundacions_vinculades-150x150.jpg 150w, https:\/\/www.institutpsicologia.cat\/wp-content\/uploads\/2020\/09\/La_fundacio_Collserola_Les_nostres_fundacions_vinculades-768x768.jpg 768w, https:\/\/www.institutpsicologia.cat\/wp-content\/uploads\/2020\/09\/La_fundacio_Collserola_Les_nostres_fundacions_vinculades-800x800.jpg 800w, https:\/\/www.institutpsicologia.cat\/wp-content\/uploads\/2020\/09\/La_fundacio_Collserola_Les_nostres_fundacions_vinculades-1536x1536.jpg 1536w, https:\/\/www.institutpsicologia.cat\/wp-content\/uploads\/2020\/09\/La_fundacio_Collserola_Les_nostres_fundacions_vinculades-2048x2048.jpg 2048w\" sizes=\"auto, (max-width: 1000px) 100vw, 1000px\" \/>\t\t\t\t\t<\/a>\n\t\t\t\t<\/div>\n\t\t\t\t<div class=\"col-md-6 text-imatge__text\">\n\t\t\t\t\t<span class=\"seccio_bloc\">\n\t\t\t\t\t\t\t\n\t\t\t\t\t<\/span>\n\t\t\t\t\t<h2 class=\"titol_bloc\">Nuestras fundaciones vinculadas<\/h2>\n\t\t\t\t\t<div class=\"text_bloc\">\n\t\t\t\t\t\t<p>\n\t\t\t\t\t\t\t<p>A lo largo de los a\u00f1os, para poder dar respuesta con mayor eficacia a las distintas necesidades de las familias y de la comunidad escolar, se han ido incorporando, al <strong>grupo Collserola<\/strong>, la <strong>Fundaci\u00f3 Cim d\u2019Estela<\/strong>, que tiene como finalidad ofrecer servicios de actividades de ocio y monitorizaci\u00f3n; la <strong>Fundaci\u00f3 Institut de Psicologia<\/strong>, dedicada a proporcionar servicios sanitarios y tratamientos especializados en el \u00e1mbito de la psicolog\u00eda, la psiquiatr\u00eda, la psicopedagog\u00eda y la logopedia; la <strong>Fundaci\u00f3 Bellaire<\/strong>, titular del colegio de educaci\u00f3n especial <strong>Escola Bellaire<\/strong> y la <strong>Fundaci\u00f3 Els Xiprers<\/strong>, que atiende a personas adultas afectadas por el trastorno de espectro autista (TEA).<\/p>\n\t\n\t\t\t\t\t\t<\/p>\n\t\t\t\t\t<\/div>\n\t\t\t\t\t\t\t\t\t\t\t\t<a href=\"\/es\/la-fundacio-collserola\/fundaciones-vinculadas\/\" class=\"mes_bloc\">\n\t\t\t\t\t\t\t+ info\t\n\t\t\t\t\t\t<\/a>\n\t\t\t\t\t\t\n\t\t\t\t<\/div>\n\t\t\t<\/div>\n\t\t<\/div>\n\t<\/div>\n\n\n\t<div class=\"grid-container lazy\">\n\t\t<div class=\"text-imatge right\">\n\t\t\t<div class=\"text-imatge-row row\">\n\t\t\t\t<div class=\"col-md-6 text-imatge__imatge\">\n\t\t\t\t\t\t\t\t\t\t<a href=\"\/es\/la-fundacio-collserola\/nuestros-convenios-culturales\/\">\n\t\t\t\t\t<img loading=\"lazy\" decoding=\"async\" width=\"1000\" height=\"1000\" src=\"https:\/\/www.institutpsicologia.cat\/wp-content\/uploads\/2020\/07\/opt_01_Fundacio_Collserola-3-1000x1000.jpg\" class=\"attachment-custom-cuadrat size-custom-cuadrat\" alt=\"Fundaci\u00f3 Collserola\" srcset=\"https:\/\/www.institutpsicologia.cat\/wp-content\/uploads\/2020\/07\/opt_01_Fundacio_Collserola-3.jpg 1000w, https:\/\/www.institutpsicologia.cat\/wp-content\/uploads\/2020\/07\/opt_01_Fundacio_Collserola-3-300x300.jpg 300w, https:\/\/www.institutpsicologia.cat\/wp-content\/uploads\/2020\/07\/opt_01_Fundacio_Collserola-3-150x150.jpg 150w, https:\/\/www.institutpsicologia.cat\/wp-content\/uploads\/2020\/07\/opt_01_Fundacio_Collserola-3-768x768.jpg 768w, https:\/\/www.institutpsicologia.cat\/wp-content\/uploads\/2020\/07\/opt_01_Fundacio_Collserola-3-800x800.jpg 800w\" sizes=\"auto, (max-width: 1000px) 100vw, 1000px\" \/>\t\t\t\t\t<\/a>\n\t\t\t\t<\/div>\n\t\t\t\t<div class=\"col-md-6 text-imatge__text\">\n\t\t\t\t\t<span class=\"seccio_bloc\">\n\t\t\t\t\t\t\t\n\t\t\t\t\t<\/span>\n\t\t\t\t\t<h2 class=\"titol_bloc\">Nuestros convenios culturales<\/h2>\n\t\t\t\t\t<div class=\"text_bloc\">\n\t\t\t\t\t\t<p>\n\t\t\t\t\t\t\t<p>El arte y la cultura han estado desde siempre ejes importantes en la orientaci\u00f3n pedag\u00f3gica de la Fundaci\u00f3 Collserola. Entendemos el arte como un excelente veh\u00edculo pedag\u00f3gico para guiar al alumnado hacia la edad adulta dot\u00e1ndolo de recursos propios, nobles y libres. El arte es una buena herramienta para reflexionar y emitir juicios de valor, para disfrutar y reaccionar, de forma sensible, ante la belleza, las formas, los colores y otros est\u00edmulos y, tambi\u00e9n, para interpretar el mundo a trav\u00e9s de la pr\u00e1ctica o de la creaci\u00f3n art\u00edsticas.<\/p>\n<p>En este sentido tenemos establecidos convenios con distintas instituciones culturales.<\/p>\n\t\n\t\t\t\t\t\t<\/p>\n\t\t\t\t\t<\/div>\n\t\t\t\t\t\t\t\t\t\t\t\t<a href=\"\/es\/la-fundacio-collserola\/nuestros-convenios-culturales\/\" class=\"mes_bloc\">\n\t\t\t\t\t\t\t+ info\t\n\t\t\t\t\t\t<\/a>\n\t\t\t\t\t\t\n\t\t\t\t\t<\/a>\n\t\t\t\t<\/div>\n\t\t\t<\/div>\n\t\t<\/div>\n\t<\/div>\n\n\n   \t<div id=\"\" class=\"row bg-clar ambits lazy\">\n   \t\t<h2 class=\"entry-title\">\u00c1mbitos<\/h2>\n     \t<div class=\"col-md-2 offset-md-1 offset-xxl-2\">\n       \t<div class=\"ambits-txt\">\n          Descubre los<br><strong> 5 ejes singulares<\/strong> que nos definen       \t<\/div>\n     \t<\/div>\n     \t<div class=\"col-md-9 col-xxl-8\">\n        <ul class=\"ambits-links\">\n        \t<li class=\"ambits-link cultura_valors\"><a href=\"https:\/\/fredericmistral-tecniceulalia.cat\/es\/ambitos\/cultura-y-valores\/\">Cultura y valores<\/a><\/li>\n          <li class=\"ambits-link sostenibilitat\"><a href=\"https:\/\/fredericmistral-tecniceulalia.cat\/es\/ambitos\/sostenibilidad\/\">sostenibilidad<\/a><\/li>\n          <li class=\"ambits-link orientacio\"><a href=\"https:\/\/fredericmistral-tecniceulalia.cat\/es\/ambitos\/orientacion-personal-y-academica\/\">Orientaci\u00f3n personal<br>y acad\u00e9mica<\/a><\/li>\n          <li class=\"ambits-link innovacio\"><a href=\"https:\/\/fredericmistral-tecniceulalia.cat\/es\/ambitos\/innovacio\/\">Innovaci\u00f3n<\/a><\/li>\n          <li class=\"ambits-link plurilinguisme\"><a href=\"https:\/\/fredericmistral-tecniceulalia.cat\/es\/ambitos\/plurilinguismo\/\">Pluriling\u00fcismo<\/a><\/li>\n       \t<\/ul>\n     \t<\/div>\n   \t<\/div>\n\n\t","protected":false},"excerpt":{"rendered":"","protected":false},"author":2,"featured_media":0,"parent":0,"menu_order":0,"comment_status":"closed","ping_status":"closed","template":"","meta":{"_acf_changed":false,"wp_popup_display_lightbox":0,"wp_popup_suppress":"","wp_popup_trigger":"","wp_popup_trigger_amount":0,"wp_popup_disable_on_mobile":false,"_themeisle_gutenberg_block_has_review":false,"footnotes":""},"class_list":["post-3964","page","type-page","status-publish"],"acf":[],"_links":{"self":[{"href":"https:\/\/www.institutpsicologia.cat\/es\/wp-json\/wp\/v2\/pages\/3964","targetHints":{"allow":["GET"]}}],"collection":[{"href":"https:\/\/www.institutpsicologia.cat\/es\/wp-json\/wp\/v2\/pages"}],"about":[{"href":"https:\/\/www.institutpsicologia.cat\/es\/wp-json\/wp\/v2\/types\/page"}],"author":[{"embeddable":true,"href":"https:\/\/www.institutpsicologia.cat\/es\/wp-json\/wp\/v2\/users\/2"}],"replies":[{"embeddable":true,"href":"https:\/\/www.institutpsicologia.cat\/es\/wp-json\/wp\/v2\/comments?post=3964"}],"version-history":[{"count":7,"href":"https:\/\/www.institutpsicologia.cat\/es\/wp-json\/wp\/v2\/pages\/3964\/revisions"}],"predecessor-version":[{"id":5352,"href":"https:\/\/www.institutpsicologia.cat\/es\/wp-json\/wp\/v2\/pages\/3964\/revisions\/5352"}],"wp:attachment":[{"href":"https:\/\/www.institutpsicologia.cat\/es\/wp-json\/wp\/v2\/media?parent=3964"}],"curies":[{"name":"wp","href":"https:\/\/api.w.org\/{rel}","templated":true}]}}