{"id":3942,"date":"2020-06-04T10:13:12","date_gmt":"2020-06-04T10:13:12","guid":{"rendered":"https:\/\/fredericmistral-tecniceulalia.cat\/serveis\/"},"modified":"2021-02-19T15:39:07","modified_gmt":"2021-02-19T14:39:07","slug":"servicios","status":"publish","type":"page","link":"https:\/\/www.institutpsicologia.cat\/es\/servicios","title":{"rendered":"Servicios"},"content":{"rendered":"\n\t<div id=\"cabecerainterior-block_5ed8c6e1d8767\" class=\"cabecerainterior lazy\">\n\t\t<div class=\"cabint-image\">\n\t\t\t<img decoding=\"async\" src=\"https:\/\/www.institutpsicologia.cat\/wp-content\/uploads\/2020\/07\/opt_web_FMTE_extraescolars_esport_1-1.jpg\" alt=\"El pati de l'escola\">\n\t\t<\/div>\n\t\t<div class=\"cabint-info\">\n\t\t\t<h1 class=\"cabint-info__titol\">\n\t\t\t\tServicios\t\t\t<\/h1>\n\t\t<\/div>\n\t<\/div>\n\n\t\n\n\t<div class=\"grid-container lazy\">\n\t\t<div class=\"text-imatge\">\n\t\t\t<div class=\"text-imatge-row row\">\n\t\t\t\t<div class=\"col-md-6 text-imatge__imatge\">\n\t\t\t\t\t\t\t\t\t\t<a href=\"\/es\/servicios\/transporte-escolar\/\">\n\t\t\t\t\t<img loading=\"lazy\" decoding=\"async\" width=\"1000\" height=\"1000\" src=\"https:\/\/www.institutpsicologia.cat\/wp-content\/uploads\/2020\/09\/Escola_Mobilitat-1000x1000.jpg\" class=\"attachment-custom-cuadrat size-custom-cuadrat\" alt=\"\" srcset=\"https:\/\/www.institutpsicologia.cat\/wp-content\/uploads\/2020\/09\/Escola_Mobilitat-1000x1000.jpg 1000w, https:\/\/www.institutpsicologia.cat\/wp-content\/uploads\/2020\/09\/Escola_Mobilitat-150x150.jpg 150w, https:\/\/www.institutpsicologia.cat\/wp-content\/uploads\/2020\/09\/Escola_Mobilitat-800x800.jpg 800w\" sizes=\"auto, (max-width: 1000px) 100vw, 1000px\" \/>\t\t\t\t\t<\/a>\n\t\t\t\t<\/div>\n\t\t\t\t<div class=\"col-md-6 text-imatge__text\">\n\t\t\t\t\t<span class=\"seccio_bloc\">\n\t\t\t\t\t\t\t\n\t\t\t\t\t<\/span>\n\t\t\t\t\t<h2 class=\"titol_bloc\">Transporte escolar<\/h2>\n\t\t\t\t\t<div class=\"text_bloc\">\n\t\t\t\t\t\t<p>\n\t\t\t\t\t\t\t<p>El servicio de transporte escolar recoge y deja a los alumnos y alumnas lo m\u00e1s cerca posible de casa. Cada bus tiene una persona responsable. El servicio de bus del colegio tiene 5 rutas de ma\u00f1ana y 7 rutas de tarde.<\/p>\n<p>El colegio dispone de un servicio de lanzadera entre los edificios de Sarri\u00e1 y Tibidabo (y viceversa). Lo ofrecemos para el alumnado de Educaci\u00f3n Infantil y Primaria que tienen hermanos\/as en cada centro y, en el caso de Primaria, para los alumnos y las alumnas que han cursado Educaci\u00f3n Infantil en Sarri\u00e1.<\/p>\n\t\n\t\t\t\t\t\t<\/p>\n\t\t\t\t\t<\/div>\n\t\t\t\t\t\t\t\t\t\t\t\t<a href=\"\/es\/servicios\/transporte-escolar\/\" class=\"mes_bloc\">\n\t\t\t\t\t\t\t+ info\t\n\t\t\t\t\t\t<\/a>\n\t\t\t\t\t\t\n\t\t\t\t<\/div>\n\t\t\t<\/div>\n\t\t<\/div>\n\t<\/div>\n\n\n\t<div class=\"grid-container lazy\">\n\t\t<div class=\"text-imatge right\">\n\t\t\t<div class=\"text-imatge-row row\">\n\t\t\t\t<div class=\"col-md-6 text-imatge__imatge\">\n\t\t\t\t\t\t\t\t\t\t<a href=\"\/es\/servicios\/comedor-y-cocina-propia\/\">\n\t\t\t\t\t<img loading=\"lazy\" decoding=\"async\" width=\"1000\" height=\"1000\" src=\"https:\/\/www.institutpsicologia.cat\/wp-content\/uploads\/2020\/07\/opt_web_FMTE_menjador_1-1000x1000.jpg\" class=\"attachment-custom-cuadrat size-custom-cuadrat\" alt=\"L&#039;equip de cuina preparant el menjar\" srcset=\"https:\/\/www.institutpsicologia.cat\/wp-content\/uploads\/2020\/07\/opt_web_FMTE_menjador_1-1000x1000.jpg 1000w, https:\/\/www.institutpsicologia.cat\/wp-content\/uploads\/2020\/07\/opt_web_FMTE_menjador_1-300x300.jpg 300w, https:\/\/www.institutpsicologia.cat\/wp-content\/uploads\/2020\/07\/opt_web_FMTE_menjador_1-1024x1024.jpg 1024w, https:\/\/www.institutpsicologia.cat\/wp-content\/uploads\/2020\/07\/opt_web_FMTE_menjador_1-150x150.jpg 150w, https:\/\/www.institutpsicologia.cat\/wp-content\/uploads\/2020\/07\/opt_web_FMTE_menjador_1-768x768.jpg 768w, https:\/\/www.institutpsicologia.cat\/wp-content\/uploads\/2020\/07\/opt_web_FMTE_menjador_1-800x800.jpg 800w, https:\/\/www.institutpsicologia.cat\/wp-content\/uploads\/2020\/07\/opt_web_FMTE_menjador_1-1536x1536.jpg 1536w, https:\/\/www.institutpsicologia.cat\/wp-content\/uploads\/2020\/07\/opt_web_FMTE_menjador_1-2048x2048.jpg 2048w\" sizes=\"auto, (max-width: 1000px) 100vw, 1000px\" \/>\t\t\t\t\t<\/a>\n\t\t\t\t<\/div>\n\t\t\t\t<div class=\"col-md-6 text-imatge__text\">\n\t\t\t\t\t<span class=\"seccio_bloc\">\n\t\t\t\t\t\tEl colegio Frederic Mistral-T\u00e8cnic Eul\u00e0lia dispone de <b>cocina propia<\/b> que da servicio de <b>comedor<\/b> a la totalidad del alumnado.\t\n\t\t\t\t\t<\/span>\n\t\t\t\t\t<h2 class=\"titol_bloc\">Comedor y cocina propia<\/h2>\n\t\t\t\t\t<div class=\"text_bloc\">\n\t\t\t\t\t\t<p>\n\t\t\t\t\t\t\t<p>La comida se elabora diariamente en nuestras instalaciones, siempre reci\u00e9n hecho, y esto nos permite ofrecer una <strong>dieta sana y equilibrada basada en alimentos frescos y de temporada<\/strong>.<\/p>\n<p>Adem\u00e1s, en la Fundaci\u00f3n Collserola contamos con una <strong>asesora nutricional<\/strong> que supervisa y planifica los men\u00fas mensuales escolares, teniendo en cuenta un cuidadoso protocolo de seguimiento de alergias e intolerancias alimentarias.<\/p>\n\t\n\t\t\t\t\t\t<\/p>\n\t\t\t\t\t<\/div>\n\t\t\t\t\t\t\t\t\t\t\t\t<a href=\"\/es\/servicios\/comedor-y-cocina-propia\/\" class=\"mes_bloc\">\n\t\t\t\t\t\t\t+ info\t\n\t\t\t\t\t\t<\/a>\n\t\t\t\t\t\t\n\t\t\t\t\t<\/a>\n\t\t\t\t<\/div>\n\t\t\t<\/div>\n\t\t<\/div>\n\t<\/div>\n\n\n\t\t<div id=\"fotos-block_5f0f04ea63d99\" class=\"text slider-fotos lazy\">\t\t\t\t\t\t\t\t\t\t\t\t<div class=\"fotos-info slick-container\">\n\t\t\t\t\t<h2 class=\"fotos-titol\">\n\t\t\t\t\t\t\t\t\t\t\t<\/h2>\n\t\t\t\t\t<img loading=\"lazy\" decoding=\"async\" width=\"1000\" height=\"730\" src=\"https:\/\/www.institutpsicologia.cat\/wp-content\/uploads\/2020\/07\/opt_web_FMTE_menjador_2-1.jpg\" class=\"attachment-full size-full\" alt=\"Menjador i cuina pr\u00f2pia\" srcset=\"https:\/\/www.institutpsicologia.cat\/wp-content\/uploads\/2020\/07\/opt_web_FMTE_menjador_2-1.jpg 1000w, https:\/\/www.institutpsicologia.cat\/wp-content\/uploads\/2020\/07\/opt_web_FMTE_menjador_2-1-300x219.jpg 300w, https:\/\/www.institutpsicologia.cat\/wp-content\/uploads\/2020\/07\/opt_web_FMTE_menjador_2-1-768x561.jpg 768w\" sizes=\"auto, (max-width: 1000px) 100vw, 1000px\" \/>\t\t\t\t\t<p class=\"fotos-txt\">\n\t\t\t\t\t\t\t\n\t\t\t\t\t<\/p>\n\t\t\t\t<\/div>\n\t\t\t\t\t\t\t\t\t\t\t\t<div class=\"fotos-info slick-container\">\n\t\t\t\t\t<h2 class=\"fotos-titol\">\n\t\t\t\t\t\t\t\t\t\t\t<\/h2>\n\t\t\t\t\t<img loading=\"lazy\" decoding=\"async\" width=\"1000\" height=\"730\" src=\"https:\/\/www.institutpsicologia.cat\/wp-content\/uploads\/2020\/07\/opt_web_FMTE_menjador_3.jpg\" class=\"attachment-full size-full\" alt=\"Menjador i cuina pr\u00f2pia\" srcset=\"https:\/\/www.institutpsicologia.cat\/wp-content\/uploads\/2020\/07\/opt_web_FMTE_menjador_3.jpg 1000w, https:\/\/www.institutpsicologia.cat\/wp-content\/uploads\/2020\/07\/opt_web_FMTE_menjador_3-300x219.jpg 300w, https:\/\/www.institutpsicologia.cat\/wp-content\/uploads\/2020\/07\/opt_web_FMTE_menjador_3-768x561.jpg 768w\" sizes=\"auto, (max-width: 1000px) 100vw, 1000px\" \/>\t\t\t\t\t<p class=\"fotos-txt\">\n\t\t\t\t\t\t\t\n\t\t\t\t\t<\/p>\n\t\t\t\t<\/div>\n\t\t\t\t\t\t\t\t\t\t\t\t<div class=\"fotos-info slick-container\">\n\t\t\t\t\t<h2 class=\"fotos-titol\">\n\t\t\t\t\t\t\t\t\t\t\t<\/h2>\n\t\t\t\t\t<img loading=\"lazy\" decoding=\"async\" width=\"1000\" height=\"730\" src=\"https:\/\/www.institutpsicologia.cat\/wp-content\/uploads\/2020\/07\/opt_web_FMTE_menjador_4.jpg\" class=\"attachment-full size-full\" alt=\"Menjador i cuina pr\u00f2pia\" srcset=\"https:\/\/www.institutpsicologia.cat\/wp-content\/uploads\/2020\/07\/opt_web_FMTE_menjador_4.jpg 1000w, https:\/\/www.institutpsicologia.cat\/wp-content\/uploads\/2020\/07\/opt_web_FMTE_menjador_4-300x219.jpg 300w, https:\/\/www.institutpsicologia.cat\/wp-content\/uploads\/2020\/07\/opt_web_FMTE_menjador_4-768x561.jpg 768w\" sizes=\"auto, (max-width: 1000px) 100vw, 1000px\" \/>\t\t\t\t\t<p class=\"fotos-txt\">\n\t\t\t\t\t\t\t\n\t\t\t\t\t<\/p>\n\t\t\t\t<\/div>\n\t\t\t\t\t    \t\t<\/div>\n\t\t\n\n\t<div class=\"grid-container lazy\">\n\t\t<div class=\"text-imatge\">\n\t\t\t<div class=\"text-imatge-row row\">\n\t\t\t\t<div class=\"col-md-6 text-imatge__imatge\">\n\t\t\t\t\t\t\t\t\t\t<a href=\"https:\/\/www.institutpsicologia.cat\/es\/servicios\/actividades-extraescolares\/\">\n\t\t\t\t\t<img loading=\"lazy\" decoding=\"async\" width=\"1000\" height=\"1000\" src=\"https:\/\/www.institutpsicologia.cat\/wp-content\/uploads\/2020\/07\/opt_web_FMTE_extraescolars_musica_2-1000x1000.jpg\" class=\"attachment-custom-cuadrat size-custom-cuadrat\" alt=\"Classe de m\u00fasica\" srcset=\"https:\/\/www.institutpsicologia.cat\/wp-content\/uploads\/2020\/07\/opt_web_FMTE_extraescolars_musica_2.jpg 1000w, https:\/\/www.institutpsicologia.cat\/wp-content\/uploads\/2020\/07\/opt_web_FMTE_extraescolars_musica_2-300x300.jpg 300w, https:\/\/www.institutpsicologia.cat\/wp-content\/uploads\/2020\/07\/opt_web_FMTE_extraescolars_musica_2-150x150.jpg 150w, https:\/\/www.institutpsicologia.cat\/wp-content\/uploads\/2020\/07\/opt_web_FMTE_extraescolars_musica_2-768x768.jpg 768w, https:\/\/www.institutpsicologia.cat\/wp-content\/uploads\/2020\/07\/opt_web_FMTE_extraescolars_musica_2-800x800.jpg 800w\" sizes=\"auto, (max-width: 1000px) 100vw, 1000px\" \/>\t\t\t\t\t<\/a>\n\t\t\t\t<\/div>\n\t\t\t\t<div class=\"col-md-6 text-imatge__text\">\n\t\t\t\t\t<span class=\"seccio_bloc\">\n\t\t\t\t\t\tOfrecemos un <b>amplio abanico de actividades extraescolares<\/b> para el alumnado desde Infantil a partir de 4 a\u00f1os hasta el Bachillerato. \t\n\t\t\t\t\t<\/span>\n\t\t\t\t\t<h2 class=\"titol_bloc\">Extraescolares<\/h2>\n\t\t\t\t\t<div class=\"text_bloc\">\n\t\t\t\t\t\t<p>\n\t\t\t\t\t\t\t<p>Contamos con la <strong>Fundaci\u00f3 Cim d\u2019Estela<\/strong> que gestiona y coordina las <strong>actividades extraescolares y de ocio<\/strong> de las escuelas de la Fundaci\u00f3 Collserola. Las actividades que se realizan durante el curso escolar incluyen 4 grandes \u00e1reas: <strong>m\u00fasica, arte y tecnolog\u00eda, idiomas y deportes<\/strong>. Tambi\u00e9n se organizan <strong>actividades de verano, casales y colonias<\/strong> como proyectos pedag\u00f3gicos l\u00fadicos.<\/p>\n\t\n\t\t\t\t\t\t<\/p>\n\t\t\t\t\t<\/div>\n\t\t\t\t\t\t\t\t\t\t\t\t<a href=\"https:\/\/www.institutpsicologia.cat\/es\/servicios\/actividades-extraescolares\/\" class=\"mes_bloc\">\n\t\t\t\t\t\t\t+ info\t\n\t\t\t\t\t\t<\/a>\n\t\t\t\t\t\t\n\t\t\t\t<\/div>\n\t\t\t<\/div>\n\t\t<\/div>\n\t<\/div>\n\n\n\t<div class=\"grid-container lazy\">\n\t\t<div class=\"text-imatge right\">\n\t\t\t<div class=\"text-imatge-row row\">\n\t\t\t\t<div class=\"col-md-6 text-imatge__imatge\">\n\t\t\t\t\t\t\t\t\t\t<a href=\"\/es\/servicios\/biblioteca\/\">\n\t\t\t\t\t<img loading=\"lazy\" decoding=\"async\" width=\"1000\" height=\"1000\" src=\"https:\/\/www.institutpsicologia.cat\/wp-content\/uploads\/2020\/07\/opt_web_FMTE_Biblioteca-1000x1000.jpg\" class=\"attachment-custom-cuadrat size-custom-cuadrat\" alt=\"Biblioteca\" srcset=\"https:\/\/www.institutpsicologia.cat\/wp-content\/uploads\/2020\/07\/opt_web_FMTE_Biblioteca-1000x1000.jpg 1000w, https:\/\/www.institutpsicologia.cat\/wp-content\/uploads\/2020\/07\/opt_web_FMTE_Biblioteca-150x150.jpg 150w, https:\/\/www.institutpsicologia.cat\/wp-content\/uploads\/2020\/07\/opt_web_FMTE_Biblioteca-800x800.jpg 800w\" sizes=\"auto, (max-width: 1000px) 100vw, 1000px\" \/>\t\t\t\t\t<\/a>\n\t\t\t\t<\/div>\n\t\t\t\t<div class=\"col-md-6 text-imatge__text\">\n\t\t\t\t\t<span class=\"seccio_bloc\">\n\t\t\t\t\t\tLa biblioteca es un proyecto de Primaria y un servicio para Secundaria. \t\n\t\t\t\t\t<\/span>\n\t\t\t\t\t<h2 class=\"titol_bloc\">Biblioteca<\/h2>\n\t\t\t\t\t<div class=\"text_bloc\">\n\t\t\t\t\t\t<p>\n\t\t\t\t\t\t\t<p>Como servicio, la biblioteca est\u00e1 abierta a primera hora, de 8h a 9h y despu\u00e9s de las clases, de 17h a 18h, durante el servicio de acogida; tambi\u00e9n se puede ir al mediod\u00eda.<\/p>\n<p>Como proyecto, la biblioteca lidera el Plan de Lectura de la Fundaci\u00f3 Collserola e iniciativas como el pasalibros o bookcrossing dentro del aula, el Proyecto Amigo Lector o el Club de Lectura del colegio.<\/p>\n\t\n\t\t\t\t\t\t<\/p>\n\t\t\t\t\t<\/div>\n\t\t\t\t\t\t\t\t\t\t\t\t<a href=\"\/es\/servicios\/biblioteca\/\" class=\"mes_bloc\">\n\t\t\t\t\t\t\t+ info\t\n\t\t\t\t\t\t<\/a>\n\t\t\t\t\t\t\n\t\t\t\t\t<\/a>\n\t\t\t\t<\/div>\n\t\t\t<\/div>\n\t\t<\/div>\n\t<\/div>\n\n\n\t<div class=\"grid-container lazy\">\n\t\t<div class=\"text-imatge\">\n\t\t\t<div class=\"text-imatge-row row\">\n\t\t\t\t<div class=\"col-md-6 text-imatge__imatge\">\n\t\t\t\t\t\t\t\t\t\t<a href=\"\">\n\t\t\t\t\t<img loading=\"lazy\" decoding=\"async\" width=\"1000\" height=\"1000\" src=\"https:\/\/www.institutpsicologia.cat\/wp-content\/uploads\/2020\/07\/opt_web_FMTE_servei_acollida_1-1-1000x1000.jpg\" class=\"attachment-custom-cuadrat size-custom-cuadrat\" alt=\"Servei d\u2019acollida\" srcset=\"https:\/\/www.institutpsicologia.cat\/wp-content\/uploads\/2020\/07\/opt_web_FMTE_servei_acollida_1-1.jpg 1000w, https:\/\/www.institutpsicologia.cat\/wp-content\/uploads\/2020\/07\/opt_web_FMTE_servei_acollida_1-1-300x300.jpg 300w, https:\/\/www.institutpsicologia.cat\/wp-content\/uploads\/2020\/07\/opt_web_FMTE_servei_acollida_1-1-150x150.jpg 150w, https:\/\/www.institutpsicologia.cat\/wp-content\/uploads\/2020\/07\/opt_web_FMTE_servei_acollida_1-1-768x768.jpg 768w, https:\/\/www.institutpsicologia.cat\/wp-content\/uploads\/2020\/07\/opt_web_FMTE_servei_acollida_1-1-800x800.jpg 800w\" sizes=\"auto, (max-width: 1000px) 100vw, 1000px\" \/>\t\t\t\t\t<\/a>\n\t\t\t\t<\/div>\n\t\t\t\t<div class=\"col-md-6 text-imatge__text\">\n\t\t\t\t\t<span class=\"seccio_bloc\">\n\t\t\t\t\t\t\t\n\t\t\t\t\t<\/span>\n\t\t\t\t\t<h2 class=\"titol_bloc\">Servicio de acogida<\/h2>\n\t\t\t\t\t<div class=\"text_bloc\">\n\t\t\t\t\t\t<p>\n\t\t\t\t\t\t\t<p>El servicio de acogida organiza la recepci\u00f3n y vigilancia del alumnado desde las 7.45h a las 9h y de las 17h a las 18.30h. Tanto en la franja horaria de ma\u00f1ana como en la de tarde, los ni\u00f1os y ni\u00f1as est\u00e1n <strong>acompa\u00f1ados por un\/a maestro\/a o monitor\/a<\/strong>. Por otro lado, <strong>durante el tiempo de acogida, la biblioteca del colegio estar\u00e1 abierta<\/strong> para que, el alumnado que lo desee, sobre todo de Primaria y Secundaria, pueda estudiar o avanzar tareas.<\/p>\n\t\n\t\t\t\t\t\t<\/p>\n\t\t\t\t\t<\/div>\n\t\t\t\t\t\t\n\t\t\t\t<\/div>\n\t\t\t<\/div>\n\t\t<\/div>\n\t<\/div>\n\n\n\t<div class=\"grid-container lazy\">\n\t\t<div class=\"text-imatge right\">\n\t\t\t<div class=\"text-imatge-row row\">\n\t\t\t\t<div class=\"col-md-6 text-imatge__imatge\">\n\t\t\t\t\t\t\t\t\t\t<a href=\"\">\n\t\t\t\t\t<img loading=\"lazy\" decoding=\"async\" width=\"1000\" height=\"1000\" src=\"https:\/\/www.institutpsicologia.cat\/wp-content\/uploads\/2020\/07\/opt_web_FMTE_espai_migdia_1-1-1000x1000.jpg\" class=\"attachment-custom-cuadrat size-custom-cuadrat\" alt=\"Espai Migdia\" srcset=\"https:\/\/www.institutpsicologia.cat\/wp-content\/uploads\/2020\/07\/opt_web_FMTE_espai_migdia_1-1.jpg 1000w, https:\/\/www.institutpsicologia.cat\/wp-content\/uploads\/2020\/07\/opt_web_FMTE_espai_migdia_1-1-300x300.jpg 300w, https:\/\/www.institutpsicologia.cat\/wp-content\/uploads\/2020\/07\/opt_web_FMTE_espai_migdia_1-1-150x150.jpg 150w, https:\/\/www.institutpsicologia.cat\/wp-content\/uploads\/2020\/07\/opt_web_FMTE_espai_migdia_1-1-768x768.jpg 768w, https:\/\/www.institutpsicologia.cat\/wp-content\/uploads\/2020\/07\/opt_web_FMTE_espai_migdia_1-1-800x800.jpg 800w\" sizes=\"auto, (max-width: 1000px) 100vw, 1000px\" \/>\t\t\t\t\t<\/a>\n\t\t\t\t<\/div>\n\t\t\t\t<div class=\"col-md-6 text-imatge__text\">\n\t\t\t\t\t<span class=\"seccio_bloc\">\n\t\t\t\t\t\t\t\n\t\t\t\t\t<\/span>\n\t\t\t\t\t<h2 class=\"titol_bloc\">Espacio Mediod\u00eda<\/h2>\n\t\t\t\t\t<div class=\"text_bloc\">\n\t\t\t\t\t\t<p>\n\t\t\t\t\t\t\t<p>El proyecto Espacio Mediod\u00eda, coordinado por la Fundaci\u00f3 Cim d\u2019Estela, organiza <strong>actividades para los ni\u00f1os y ni\u00f1as durante la hora de descanso del mediod\u00eda<\/strong>. Se trata de un espacio y un tiempo educativos en que se relacionan entre ellos de una manera l\u00fadica y espont\u00e1nea. Se trabajan, con un equipo de monitores\/as y a trav\u00e9s del juego de los <strong>h\u00e1bitos alimentarios, higi\u00e9nicos y de relaci\u00f3n social<\/strong>.<\/p>\n\t\n\t\t\t\t\t\t<\/p>\n\t\t\t\t\t<\/div>\n\t\t\t\t\t\t\n\t\t\t\t\t<\/a>\n\t\t\t\t<\/div>\n\t\t\t<\/div>\n\t\t<\/div>\n\t<\/div>\n\n\n\t<div class=\"grid-container lazy\">\n\t\t<div class=\"text-imatge\">\n\t\t\t<div class=\"text-imatge-row row\">\n\t\t\t\t<div class=\"col-md-6 text-imatge__imatge\">\n\t\t\t\t\t\t\t\t\t\t<a href=\"\/es\/servicios\/les-vinyes-de-vilamari\/\">\n\t\t\t\t\t<img loading=\"lazy\" decoding=\"async\" width=\"1000\" height=\"1000\" src=\"https:\/\/www.institutpsicologia.cat\/wp-content\/uploads\/2020\/11\/Serveis_les_vinyes-1000x1000.jpg\" class=\"attachment-custom-cuadrat size-custom-cuadrat\" alt=\"\" srcset=\"https:\/\/www.institutpsicologia.cat\/wp-content\/uploads\/2020\/11\/Serveis_les_vinyes.jpg 1000w, https:\/\/www.institutpsicologia.cat\/wp-content\/uploads\/2020\/11\/Serveis_les_vinyes-300x300.jpg 300w, https:\/\/www.institutpsicologia.cat\/wp-content\/uploads\/2020\/11\/Serveis_les_vinyes-150x150.jpg 150w, https:\/\/www.institutpsicologia.cat\/wp-content\/uploads\/2020\/11\/Serveis_les_vinyes-768x768.jpg 768w, https:\/\/www.institutpsicologia.cat\/wp-content\/uploads\/2020\/11\/Serveis_les_vinyes-800x800.jpg 800w\" sizes=\"auto, (max-width: 1000px) 100vw, 1000px\" \/>\t\t\t\t\t<\/a>\n\t\t\t\t<\/div>\n\t\t\t\t<div class=\"col-md-6 text-imatge__text\">\n\t\t\t\t\t<span class=\"seccio_bloc\">\n\t\t\t\t\t\t\t\n\t\t\t\t\t<\/span>\n\t\t\t\t\t<h2 class=\"titol_bloc\">Les Vinyes de Vilamar\u00ed<\/h2>\n\t\t\t\t\t<div class=\"text_bloc\">\n\t\t\t\t\t\t<p>\n\t\t\t\t\t\t\t<p>Des de P5 hasta 2\u00ba de Secundaria, el alumnado del colegio va a Les Vinyes de Vilamar\u00ed. Las Colonias son una manera de romper el ritmo escolar y familiar, una oportunidad de disfrutar de los compa\u00f1eros y compa\u00f1eras y la naturaleza.<\/p>\n<p>Durante unos d\u00edas, lejos de la rutina escolar, los alumnos y alumnas ponen en pr\u00e1ctica de una forma especial valores fundamentales que permiten la convivencia y que son el eje de nuestra acci\u00f3n educativa: la tolerancia, el respeto a la diferencia, el conocimiento de nuestro entorno\u2026a la vez que desarrollan la autonom\u00eda y el autoconocimiento, desde una dimensi\u00f3n distinta a la que est\u00e1n acostumbrados.<\/p>\n\t\n\t\t\t\t\t\t<\/p>\n\t\t\t\t\t<\/div>\n\t\t\t\t\t\t\t\t\t\t\t\t<a href=\"\/es\/servicios\/les-vinyes-de-vilamari\/\" class=\"mes_bloc\">\n\t\t\t\t\t\t\t+ info\t\n\t\t\t\t\t\t<\/a>\n\t\t\t\t\t\t\n\t\t\t\t<\/div>\n\t\t\t<\/div>\n\t\t<\/div>\n\t<\/div>\n\n\n   \t<div id=\"\" class=\"row bg-clar ambits lazy\">\n   \t\t<h2 class=\"entry-title\">\u00c1mbitos<\/h2>\n     \t<div class=\"col-md-2 offset-md-1 offset-xxl-2\">\n       \t<div class=\"ambits-txt\">\n          Descubre los<br><strong> 5 ejes singulares<\/strong> que nos definen       \t<\/div>\n     \t<\/div>\n     \t<div class=\"col-md-9 col-xxl-8\">\n        <ul class=\"ambits-links\">\n        \t<li class=\"ambits-link cultura_valors\"><a href=\"https:\/\/fredericmistral-tecniceulalia.cat\/es\/ambitos\/cultura-y-valores\/\">Cultura y valores<\/a><\/li>\n          <li class=\"ambits-link sostenibilitat\"><a href=\"https:\/\/fredericmistral-tecniceulalia.cat\/es\/ambitos\/sostenibilidad\/\">sostenibilidad<\/a><\/li>\n          <li class=\"ambits-link orientacio\"><a href=\"https:\/\/fredericmistral-tecniceulalia.cat\/es\/ambitos\/orientacion-personal-y-academica\/\">Orientaci\u00f3n personal<br>y acad\u00e9mica<\/a><\/li>\n          <li class=\"ambits-link innovacio\"><a href=\"https:\/\/fredericmistral-tecniceulalia.cat\/es\/ambitos\/innovacio\/\">Innovaci\u00f3n<\/a><\/li>\n          <li class=\"ambits-link plurilinguisme\"><a href=\"https:\/\/fredericmistral-tecniceulalia.cat\/es\/ambitos\/plurilinguismo\/\">Pluriling\u00fcismo<\/a><\/li>\n       \t<\/ul>\n     \t<\/div>\n   \t<\/div>\n\n\t","protected":false},"excerpt":{"rendered":"","protected":false},"author":1,"featured_media":0,"parent":0,"menu_order":0,"comment_status":"closed","ping_status":"closed","template":"","meta":{"_acf_changed":false,"wp_popup_display_lightbox":0,"wp_popup_suppress":"","wp_popup_trigger":"","wp_popup_trigger_amount":0,"wp_popup_disable_on_mobile":false,"_themeisle_gutenberg_block_has_review":false,"footnotes":""},"class_list":["post-3942","page","type-page","status-publish"],"acf":[],"_links":{"self":[{"href":"https:\/\/www.institutpsicologia.cat\/es\/wp-json\/wp\/v2\/pages\/3942","targetHints":{"allow":["GET"]}}],"collection":[{"href":"https:\/\/www.institutpsicologia.cat\/es\/wp-json\/wp\/v2\/pages"}],"about":[{"href":"https:\/\/www.institutpsicologia.cat\/es\/wp-json\/wp\/v2\/types\/page"}],"author":[{"embeddable":true,"href":"https:\/\/www.institutpsicologia.cat\/es\/wp-json\/wp\/v2\/users\/1"}],"replies":[{"embeddable":true,"href":"https:\/\/www.institutpsicologia.cat\/es\/wp-json\/wp\/v2\/comments?post=3942"}],"version-history":[{"count":18,"href":"https:\/\/www.institutpsicologia.cat\/es\/wp-json\/wp\/v2\/pages\/3942\/revisions"}],"predecessor-version":[{"id":5626,"href":"https:\/\/www.institutpsicologia.cat\/es\/wp-json\/wp\/v2\/pages\/3942\/revisions\/5626"}],"wp:attachment":[{"href":"https:\/\/www.institutpsicologia.cat\/es\/wp-json\/wp\/v2\/media?parent=3942"}],"curies":[{"name":"wp","href":"https:\/\/api.w.org\/{rel}","templated":true}]}}