{"id":3927,"date":"2020-07-15T11:44:59","date_gmt":"2020-07-15T11:44:59","guid":{"rendered":"https:\/\/fredericmistral-tecniceulalia.cat\/oferta-educativa\/batxillerat\/"},"modified":"2021-02-17T16:51:40","modified_gmt":"2021-02-17T15:51:40","slug":"bachillerato","status":"publish","type":"page","link":"https:\/\/www.institutpsicologia.cat\/es\/oferta-educativa\/bachillerato","title":{"rendered":"Bachillerato"},"content":{"rendered":"\n\t<div id=\"cabecerainterior-block_5ed75ecb28017\" class=\"cabecerainterior lazy\">\n\t\t<div class=\"cabint-image\">\n\t\t\t<img decoding=\"async\" src=\"https:\/\/www.institutpsicologia.cat\/wp-content\/uploads\/2020\/07\/opt_Batxillerat-3-1.jpg\" alt=\"Batxillerat\">\n\t\t<\/div>\n\t\t<div class=\"cabint-info\">\n\t\t\t<h1 class=\"cabint-info__titol\">\n\t\t\t\tBachillerato\t\t\t<\/h1>\n\t\t<\/div>\n\t<\/div>\n\n\t\n\n\n\t<div id=\"tornarenrera-block_5f359610cfce0\" class=\"back lazy\">\n\t\t<a href=\"\/es\/oferta-educativa\/\" class=\"goback\">\n\t\t\t<img decoding=\"async\" src=\"\/wp-content\/uploads\/2020\/08\/arrow_goback.png\" alt=\"Tornar enrere\" title=\"Tornar enrere\"\/>\n\t\t<\/a>\n\t<\/div>\n\n\t\n\n\t<div id=\"textodestacado-block_5f0ee88a0e3a6\" class=\"text-destacat lazy\">\t\t<div class=\"grid-container\">\n\t\t\t<!-- Item -->\n        <div class=\"text-destacat__text\">\n\t\t\t\t\t<h2 class=\"titol_bloc\"><strong>El Bachillerato, punto de encuentro<\/strong><\/h2>\n\t\t\t\t\t<div class=\"text_bloc\">\n\t\t\t\t\t\t<p>En el Bachillerato del colegio, ofrecemos <strong>todas las modalidades<\/strong> de Bachillerato: Ciencias y Tecnolog\u00eda, Humanidades y Ciencias Sociales y Arte. En el colegio se encuentran los alumnos y las alumnas de las tres escuelas de la Fundaci\u00f3 Collserola: la escuela Frederic Mistral-T\u00e8cnic Eul\u00e0lia, la escuela Aven\u00e7 y la escuela Ramon Fuster.<\/p>\n\t\t\t\t\t<\/div>\n\t\t\t\t<\/div>\n\t\t\t<!-- .\/ Item -->\t\n\t\t<\/div>\n\t<\/div>\n\n\t\n\n\t<div id=\"text-block_5f0ee8a70e3a7\" class=\"text-simple bg-ultra_clar lazy\">    <div class=\"grid-container\">\n      <!-- Item -->\n      <div class=\"text-simple__text\">\n        <h2 class=\"titol_bloc\"><\/h2>\n      \t<div class=\"text_bloc\">\n        \t<p>El Bachillerato, la \u00faltima etapa escolar, es la etapa que conduce a la universidad o a los estudios profesionales de grado superior. Es importante ofrecerles una <strong>formaci\u00f3n acad\u00e9mica s\u00f3lida<\/strong> y, muy especialmente, aprovechar los \u00faltimos a\u00f1os en que familia y escuela compartimos la tarea para acabar de ayudar a configurar una personalidad que incorpore valores, inquietudes, sensibilidades, criterio propio y esp\u00edritu cr\u00edtico.<\/p>\n<p>La edad de los chicos y las chicas de Bachillerato y el trabajo previo acumulado, hacen particularmente productivos los prop\u00f3sitos educativos de estos dos \u00faltimos cursos. Familia y profesorado, adem\u00e1s, los podemos acabar de ayudar a construir un <strong>sistema de valores propio<\/strong>; a despertar <strong>curiosidades diversas<\/strong> que les abran <strong>horizontes casi infinitos<\/strong>; a ver el mundo que los rodea con <strong>respeto, sensibilidad y responsabilidad<\/strong> <strong>social<\/strong>; a sentir la necesidad y a ser capaces de <strong>pensar libremente<\/strong>, rechazando an\u00e1lisis simples y verdades \u00fanicas. Todo ello ser\u00e1 tan b\u00e1sico en sus vidas, que no podemos renunciar a trabajar, tanto y todo lo bien que seamos capaces.<\/p>\n      \t<\/div>\n     \t<\/div>\n      <!-- .\/ Item -->\n    <\/div>\n  <\/div>\n\n\t\n\n\t\t<div id=\"videos-block_5f100842a99e6\" class=\"video-fullscreen slider-videos lazy\">\n\t\t\t\t\t\t\t\t\t\t\t\t<iframe loading=\"lazy\" title=\"\u00c9s l&#039;hora del Batxillerat a l&#039;escola Frederic Mistral-T\u00e8cnic Eul\u00e0lia\" width=\"640\" height=\"360\" src=\"https:\/\/www.youtube.com\/embed\/sYhvmiyPuT4?feature=oembed&#038;controls=1&#038;hd=1&#038;autohide=1\" frameborder=\"0\" allow=\"accelerometer; autoplay; clipboard-write; encrypted-media; gyroscope; picture-in-picture; web-share\" referrerpolicy=\"strict-origin-when-cross-origin\" allowfullscreen frameborder=\"0\"><\/iframe>\t\t\t\t\t    \t\t\t<\/div>\n\t\t\n\n   \t<div id=\"\" class=\"row bg-clar ambits lazy\">\n   \t\t<h2 class=\"entry-title\">\u00c1mbitos<\/h2>\n     \t<div class=\"col-md-2 offset-md-1 offset-xxl-2\">\n       \t<div class=\"ambits-txt\">\n          Descubre los<br><strong> 5 ejes singulares<\/strong> que nos definen       \t<\/div>\n     \t<\/div>\n     \t<div class=\"col-md-9 col-xxl-8\">\n        <ul class=\"ambits-links\">\n        \t<li class=\"ambits-link cultura_valors\"><a href=\"https:\/\/fredericmistral-tecniceulalia.cat\/es\/ambitos\/cultura-y-valores\/\">Cultura y valores<\/a><\/li>\n          <li class=\"ambits-link sostenibilitat\"><a href=\"https:\/\/fredericmistral-tecniceulalia.cat\/es\/ambitos\/sostenibilidad\/\">sostenibilidad<\/a><\/li>\n          <li class=\"ambits-link orientacio\"><a href=\"https:\/\/fredericmistral-tecniceulalia.cat\/es\/ambitos\/orientacion-personal-y-academica\/\">Orientaci\u00f3n personal<br>y acad\u00e9mica<\/a><\/li>\n          <li class=\"ambits-link innovacio\"><a href=\"https:\/\/fredericmistral-tecniceulalia.cat\/es\/ambitos\/innovacio\/\">Innovaci\u00f3n<\/a><\/li>\n          <li class=\"ambits-link plurilinguisme\"><a href=\"https:\/\/fredericmistral-tecniceulalia.cat\/es\/ambitos\/plurilinguismo\/\">Pluriling\u00fcismo<\/a><\/li>\n       \t<\/ul>\n     \t<\/div>\n   \t<\/div>\n\n\t","protected":false},"excerpt":{"rendered":"","protected":false},"author":2,"featured_media":0,"parent":3906,"menu_order":0,"comment_status":"closed","ping_status":"closed","template":"","meta":{"_acf_changed":false,"wp_popup_display_lightbox":0,"wp_popup_suppress":"","wp_popup_trigger":"","wp_popup_trigger_amount":0,"wp_popup_disable_on_mobile":false,"_themeisle_gutenberg_block_has_review":false,"footnotes":""},"class_list":["post-3927","page","type-page","status-publish"],"acf":[],"_links":{"self":[{"href":"https:\/\/www.institutpsicologia.cat\/es\/wp-json\/wp\/v2\/pages\/3927","targetHints":{"allow":["GET"]}}],"collection":[{"href":"https:\/\/www.institutpsicologia.cat\/es\/wp-json\/wp\/v2\/pages"}],"about":[{"href":"https:\/\/www.institutpsicologia.cat\/es\/wp-json\/wp\/v2\/types\/page"}],"author":[{"embeddable":true,"href":"https:\/\/www.institutpsicologia.cat\/es\/wp-json\/wp\/v2\/users\/2"}],"replies":[{"embeddable":true,"href":"https:\/\/www.institutpsicologia.cat\/es\/wp-json\/wp\/v2\/comments?post=3927"}],"version-history":[{"count":6,"href":"https:\/\/www.institutpsicologia.cat\/es\/wp-json\/wp\/v2\/pages\/3927\/revisions"}],"predecessor-version":[{"id":5327,"href":"https:\/\/www.institutpsicologia.cat\/es\/wp-json\/wp\/v2\/pages\/3927\/revisions\/5327"}],"up":[{"embeddable":true,"href":"https:\/\/www.institutpsicologia.cat\/es\/wp-json\/wp\/v2\/pages\/3906"}],"wp:attachment":[{"href":"https:\/\/www.institutpsicologia.cat\/es\/wp-json\/wp\/v2\/media?parent=3927"}],"curies":[{"name":"wp","href":"https:\/\/api.w.org\/{rel}","templated":true}]}}