{"id":3912,"date":"2020-07-15T11:32:09","date_gmt":"2020-07-15T11:32:09","guid":{"rendered":"https:\/\/fredericmistral-tecniceulalia.cat\/oferta-educativa\/educacio-infantil\/"},"modified":"2021-02-17T16:50:01","modified_gmt":"2021-02-17T15:50:01","slug":"educacion-infantil","status":"publish","type":"page","link":"https:\/\/www.institutpsicologia.cat\/es\/oferta-educativa\/educacion-infantil","title":{"rendered":"Educaci\u00f3n Infantil"},"content":{"rendered":"\n\t<div id=\"cabecerainterior-block_5ed75ecb28017\" class=\"cabecerainterior lazy\">\n\t\t<div class=\"cabint-image\">\n\t\t\t<img decoding=\"async\" src=\"https:\/\/www.institutpsicologia.cat\/wp-content\/uploads\/2020\/07\/opt_Educacio_Inicial-1.jpg\" alt=\"Educaci\u00f3 Infantil\">\n\t\t<\/div>\n\t\t<div class=\"cabint-info\">\n\t\t\t<h1 class=\"cabint-info__titol\">\n\t\t\t\tEducaci\u00f3n Infantil\t\t\t<\/h1>\n\t\t<\/div>\n\t<\/div>\n\n\t\n\n\n\t<div id=\"tornarenrera-block_5f3595ee74294\" class=\"back lazy\">\n\t\t<a href=\"\/es\/oferta-educativa\/\" class=\"goback\">\n\t\t\t<img decoding=\"async\" src=\"\/wp-content\/uploads\/2020\/08\/arrow_goback.png\" alt=\"Tornar enrere\" title=\"Tornar enrere\"\/>\n\t\t<\/a>\n\t<\/div>\n\n\t\n\n\t<div id=\"textodestacado-block_5f0ee88a0e3a6\" class=\"text-destacat lazy\">\t\t<div class=\"grid-container\">\n\t\t\t<!-- Item -->\n        <div class=\"text-destacat__text\">\n\t\t\t\t\t<h2 class=\"titol_bloc\"><strong>8 ejes de aprendizaje y 5 l\u00edneas de trabajo<\/strong><\/h2>\n\t\t\t\t\t<div class=\"text_bloc\">\n\t\t\t\t\t\t<p>El Proyecto Educativo de Educaci\u00f3n Infantil se fundamenta en 8 ejes de aprendizaje y 5 l\u00edneas de trabajo. Los ejes vertebran el proyecto y se sit\u00faan como el proceso en el que se basa el aprendizaje global y transversal de los ni\u00f1os y las ni\u00f1as.<\/p>\n\t\t\t\t\t<\/div>\n\t\t\t\t<\/div>\n\t\t\t<!-- .\/ Item -->\t\n\t\t<\/div>\n\t<\/div>\n\n\t\n\n\t<div id=\"text-block_5f0ee8a70e3a7\" class=\"text-simple bg-ultra_clar lazy\">    <div class=\"grid-container\">\n      <!-- Item -->\n      <div class=\"text-simple__text\">\n        <h2 class=\"titol_bloc\"><\/h2>\n      \t<div class=\"text_bloc\">\n        \t<p>Los <strong>8 ejes de aprendizaje<\/strong> que fundamentan y vertebran la Educaci\u00f3n Infantil en nuestra escuela son: las personas, la comunidad, la convivencia, la inclusi\u00f3n, la autonom\u00eda, la creatividad, la investigaci\u00f3n y el aprecio a la naturaleza. Se sit\u00faan como el proceso primero y fundamental en el que se basa el aprendizaje. Se incorporan a partir de un <strong>enfoque global<\/strong> y transversal y se despliegan en <strong>5 l\u00edneas de trabajo<\/strong> (la acci\u00f3n tutorial, los juegos y las rutinas, los proyectos globalizados, los espacios de aprendizaje compartido y el aprendizaje del c\u00f3digo escrito). Estos ejes <strong>promueven la creaci\u00f3n de espacios<\/strong> que estimulan las mejores situaciones de aprendizaje y una <strong>reflexi\u00f3n constante<\/strong> sobre la propia pr\u00e1ctica educativa.<\/p>\n      \t<\/div>\n     \t<\/div>\n      <!-- .\/ Item -->\n    <\/div>\n  <\/div>\n\n\t\n\n\t\t<div id=\"videos-block_5f100460f7c33\" class=\"video-fullscreen slider-videos lazy\">\n\t\t\t\t\t\t\t\t\t\t\t\t<iframe loading=\"lazy\" title=\"Nous espais d&#039;Educaci\u00f3 Infantil (P3) a l&#039;edifici de Tibidabo\" width=\"640\" height=\"360\" src=\"https:\/\/www.youtube.com\/embed\/Cx5jqFHK13A?feature=oembed&#038;controls=1&#038;hd=1&#038;autohide=1\" frameborder=\"0\" allow=\"accelerometer; autoplay; clipboard-write; encrypted-media; gyroscope; picture-in-picture; web-share\" referrerpolicy=\"strict-origin-when-cross-origin\" allowfullscreen frameborder=\"0\"><\/iframe>\t\t\t\t\t    \t\t\t<\/div>\n\t\t\n\n   \t<div id=\"\" class=\"row bg-clar ambits lazy\">\n   \t\t<h2 class=\"entry-title\">\u00c1mbitos<\/h2>\n     \t<div class=\"col-md-2 offset-md-1 offset-xxl-2\">\n       \t<div class=\"ambits-txt\">\n          Descubre los<br><strong> 5 ejes singulares<\/strong> que nos definen       \t<\/div>\n     \t<\/div>\n     \t<div class=\"col-md-9 col-xxl-8\">\n        <ul class=\"ambits-links\">\n        \t<li class=\"ambits-link cultura_valors\"><a href=\"https:\/\/fredericmistral-tecniceulalia.cat\/es\/ambitos\/cultura-y-valores\/\">Cultura y valores<\/a><\/li>\n          <li class=\"ambits-link sostenibilitat\"><a href=\"https:\/\/fredericmistral-tecniceulalia.cat\/es\/ambitos\/sostenibilidad\/\">sostenibilidad<\/a><\/li>\n          <li class=\"ambits-link orientacio\"><a href=\"https:\/\/fredericmistral-tecniceulalia.cat\/es\/ambitos\/orientacion-personal-y-academica\/\">Orientaci\u00f3n personal<br>y acad\u00e9mica<\/a><\/li>\n          <li class=\"ambits-link innovacio\"><a href=\"https:\/\/fredericmistral-tecniceulalia.cat\/es\/ambitos\/innovacio\/\">Innovaci\u00f3n<\/a><\/li>\n          <li class=\"ambits-link plurilinguisme\"><a href=\"https:\/\/fredericmistral-tecniceulalia.cat\/es\/ambitos\/plurilinguismo\/\">Pluriling\u00fcismo<\/a><\/li>\n       \t<\/ul>\n     \t<\/div>\n   \t<\/div>\n\n\t","protected":false},"excerpt":{"rendered":"","protected":false},"author":2,"featured_media":0,"parent":3906,"menu_order":0,"comment_status":"closed","ping_status":"closed","template":"","meta":{"_acf_changed":false,"wp_popup_display_lightbox":0,"wp_popup_suppress":"","wp_popup_trigger":"","wp_popup_trigger_amount":0,"wp_popup_disable_on_mobile":false,"_themeisle_gutenberg_block_has_review":false,"footnotes":""},"class_list":["post-3912","page","type-page","status-publish"],"acf":[],"_links":{"self":[{"href":"https:\/\/www.institutpsicologia.cat\/es\/wp-json\/wp\/v2\/pages\/3912","targetHints":{"allow":["GET"]}}],"collection":[{"href":"https:\/\/www.institutpsicologia.cat\/es\/wp-json\/wp\/v2\/pages"}],"about":[{"href":"https:\/\/www.institutpsicologia.cat\/es\/wp-json\/wp\/v2\/types\/page"}],"author":[{"embeddable":true,"href":"https:\/\/www.institutpsicologia.cat\/es\/wp-json\/wp\/v2\/users\/2"}],"replies":[{"embeddable":true,"href":"https:\/\/www.institutpsicologia.cat\/es\/wp-json\/wp\/v2\/comments?post=3912"}],"version-history":[{"count":6,"href":"https:\/\/www.institutpsicologia.cat\/es\/wp-json\/wp\/v2\/pages\/3912\/revisions"}],"predecessor-version":[{"id":5324,"href":"https:\/\/www.institutpsicologia.cat\/es\/wp-json\/wp\/v2\/pages\/3912\/revisions\/5324"}],"up":[{"embeddable":true,"href":"https:\/\/www.institutpsicologia.cat\/es\/wp-json\/wp\/v2\/pages\/3906"}],"wp:attachment":[{"href":"https:\/\/www.institutpsicologia.cat\/es\/wp-json\/wp\/v2\/media?parent=3912"}],"curies":[{"name":"wp","href":"https:\/\/api.w.org\/{rel}","templated":true}]}}