{"id":3873,"date":"2020-07-21T16:00:51","date_gmt":"2020-07-21T16:00:51","guid":{"rendered":"https:\/\/fredericmistral-tecniceulalia.cat\/lescola\/historia-escola-fmte\/"},"modified":"2021-02-17T14:19:34","modified_gmt":"2021-02-17T13:19:34","slug":"historia-escola-fmte","status":"publish","type":"page","link":"https:\/\/www.institutpsicologia.cat\/es\/el-colegio\/historia-escola-fmte","title":{"rendered":"Historia"},"content":{"rendered":"\n\t<div id=\"cabecerainterior-block_5f1ff50880e25\" class=\"cabecerainterior lazy\">\n\t\t<div class=\"cabint-image\">\n\t\t\t<img decoding=\"async\" src=\"https:\/\/www.institutpsicologia.cat\/wp-content\/uploads\/2020\/09\/edifici_SA4-scaled.jpg\" alt=\"\">\n\t\t<\/div>\n\t\t<div class=\"cabint-info\">\n\t\t\t<h1 class=\"cabint-info__titol\">\n\t\t\t\tHistoria\t\t\t<\/h1>\n\t\t<\/div>\n\t<\/div>\n\n\t\n\n\n\t<div id=\"tornarenrera-block_5f3507780af53\" class=\"back lazy\">\n\t\t<a href=\"\/el-colegio\/\" class=\"goback\">\n\t\t\t<img decoding=\"async\" src=\"\/wp-content\/uploads\/2020\/08\/arrow_goback.png\" alt=\"Tornar enrere\" title=\"Tornar enrere\"\/>\n\t\t<\/a>\n\t<\/div>\n\n\t\n\n\t\t<div id=\"slide-block_5f17fefadaa2b\" class=\"timeline\">\n\t\t\t\t\t\t\t\t\t\t\t\n\t\t\t\t<div class=\"slick-container\">\n\t\t\t\t\t<div class=\"timeline-any\">1967<\/div>\t\t\t\t\t\n\t\t\t\t\t<div class=\"timeline-img-wrapper\">\n\t\t\t\t\t\t<div class=\"timeline-img\"><img loading=\"lazy\" decoding=\"async\" width=\"1500\" height=\"945\" src=\"https:\/\/www.institutpsicologia.cat\/wp-content\/uploads\/2020\/09\/Historia_1977.jpg\" class=\"attachment-full size-full\" alt=\"\" srcset=\"https:\/\/www.institutpsicologia.cat\/wp-content\/uploads\/2020\/09\/Historia_1977.jpg 1500w, https:\/\/www.institutpsicologia.cat\/wp-content\/uploads\/2020\/09\/Historia_1977-300x189.jpg 300w, https:\/\/www.institutpsicologia.cat\/wp-content\/uploads\/2020\/09\/Historia_1977-1024x645.jpg 1024w, https:\/\/www.institutpsicologia.cat\/wp-content\/uploads\/2020\/09\/Historia_1977-768x484.jpg 768w\" sizes=\"auto, (max-width: 1500px) 100vw, 1500px\" \/><\/div>\t\t\t\t\t\t\n\t\t\t\t\t\t\t\n\t\t\t\t\t\t<h3 class=\"timeline-titol\">\n\t\t\t\t\t\t\tSe funda la Escuela Frederic Mistral\t\t\t\t\t\t<\/h3>\n\t\t\t\t\t<\/div>\n\t\t\t\t\t\n\t\t\t\t\t<div class=\"timeline-info\">\n\t\t\t\t\t\t\n\t\t\t\t\t\t<p class=\"timeline-txt\">\n\t\t\t\t\t\t\tUn grupo de familias y profesionales de la educaci\u00f3n se unen jur\u00eddicamente con el nombre de Agrupaci\u00f3 Pedag\u00f2gica, S.A., para crear una escuela catalana, laica y plural desvinculada de cualquier organizaci\u00f3n pol\u00edtica, ideol\u00f3gica o social. El colegio, situado en la calle Escoles Pies de Barcelona, crece muy pronto en n\u00famero de alumnos atra\u00eddos por el ideario de la escuela y los programas pedag\u00f3gicos y la metodolog\u00eda.\t\n\t\t\t\t\t\t<\/p>\n\t\t\t\t\t<\/div>\n\t\t\t\t<\/div>\n\t\t\t\t\t\t\t\t\n\t\t\t\t<div class=\"slick-container\">\n\t\t\t\t\t<div class=\"timeline-any\">1977<\/div>\t\t\t\t\t\n\t\t\t\t\t<div class=\"timeline-img-wrapper\">\n\t\t\t\t\t\t<div class=\"timeline-img\"><img loading=\"lazy\" decoding=\"async\" width=\"2000\" height=\"1261\" src=\"https:\/\/www.institutpsicologia.cat\/wp-content\/uploads\/2020\/07\/1977-copy.jpg\" class=\"attachment-full size-full\" alt=\"\" srcset=\"https:\/\/www.institutpsicologia.cat\/wp-content\/uploads\/2020\/07\/1977-copy.jpg 2000w, https:\/\/www.institutpsicologia.cat\/wp-content\/uploads\/2020\/07\/1977-copy-300x189.jpg 300w, https:\/\/www.institutpsicologia.cat\/wp-content\/uploads\/2020\/07\/1977-copy-1024x646.jpg 1024w, https:\/\/www.institutpsicologia.cat\/wp-content\/uploads\/2020\/07\/1977-copy-768x484.jpg 768w, https:\/\/www.institutpsicologia.cat\/wp-content\/uploads\/2020\/07\/1977-copy-1536x968.jpg 1536w\" sizes=\"auto, (max-width: 2000px) 100vw, 2000px\" \/><\/div>\t\t\t\t\t\t\n\t\t\t\t\t\t\t\n\t\t\t\t\t\t<h3 class=\"timeline-titol\">\n\t\t\t\t\t\t\tSe inaugura el nuevo edificio en la calle Llu\u00eds Muntadas\t\t\t\t\t\t<\/h3>\n\t\t\t\t\t<\/div>\n\t\t\t\t\t\n\t\t\t\t\t<div class=\"timeline-info\">\n\t\t\t\t\t\t\n\t\t\t\t\t\t<p class=\"timeline-txt\">\n\t\t\t\t\t\t\tSe excluye el af\u00e1n de lucro como objetivo y los resultados econ\u00f3micos se dedican, a\u00f1o tras a\u00f1o, a la mejora de las instalaciones y equipamientos, y tambi\u00e9n a la calidad de los servicios pedag\u00f3gicos y a la integraci\u00f3n de nuevas escuelas al proyecto inicial.\t\n\t\t\t\t\t\t<\/p>\n\t\t\t\t\t<\/div>\n\t\t\t\t<\/div>\n\t\t\t\t\t\t\t\t\n\t\t\t\t<div class=\"slick-container\">\n\t\t\t\t\t<div class=\"timeline-any\">1988<\/div>\t\t\t\t\t\n\t\t\t\t\t<div class=\"timeline-img-wrapper\">\n\t\t\t\t\t\t<div class=\"timeline-img\"><img loading=\"lazy\" decoding=\"async\" width=\"2000\" height=\"1261\" src=\"https:\/\/www.institutpsicologia.cat\/wp-content\/uploads\/2020\/07\/1988-copy.jpg\" class=\"attachment-full size-full\" alt=\"\" srcset=\"https:\/\/www.institutpsicologia.cat\/wp-content\/uploads\/2020\/07\/1988-copy.jpg 2000w, https:\/\/www.institutpsicologia.cat\/wp-content\/uploads\/2020\/07\/1988-copy-300x189.jpg 300w, https:\/\/www.institutpsicologia.cat\/wp-content\/uploads\/2020\/07\/1988-copy-1024x646.jpg 1024w, https:\/\/www.institutpsicologia.cat\/wp-content\/uploads\/2020\/07\/1988-copy-768x484.jpg 768w, https:\/\/www.institutpsicologia.cat\/wp-content\/uploads\/2020\/07\/1988-copy-1536x968.jpg 1536w\" sizes=\"auto, (max-width: 2000px) 100vw, 2000px\" \/><\/div>\t\t\t\t\t\t\n\t\t\t\t\t\t\t\n\t\t\t\t\t\t<h3 class=\"timeline-titol\">\n\t\t\t\t\t\t\tLa escuela Aven\u00e7 se integra a la escuela Frederic Mistral\t\t\t\t\t\t<\/h3>\n\t\t\t\t\t<\/div>\n\t\t\t\t\t\n\t\t\t\t\t<div class=\"timeline-info\">\n\t\t\t\t\t\t\n\t\t\t\t\t\t<p class=\"timeline-txt\">\n\t\t\t\t\t\t\tFundada tambi\u00e9n por un grupo de familias y maestros de Sant Cugat del Vall\u00e8s.\t\n\t\t\t\t\t\t<\/p>\n\t\t\t\t\t<\/div>\n\t\t\t\t<\/div>\n\t\t\t\t\t\t\t\t\n\t\t\t\t<div class=\"slick-container\">\n\t\t\t\t\t<div class=\"timeline-any\">1994<\/div>\t\t\t\t\t\n\t\t\t\t\t<div class=\"timeline-img-wrapper\">\n\t\t\t\t\t\t<div class=\"timeline-img\"><img loading=\"lazy\" decoding=\"async\" width=\"2000\" height=\"1261\" src=\"https:\/\/www.institutpsicologia.cat\/wp-content\/uploads\/2020\/07\/1994-1-copy.jpg\" class=\"attachment-full size-full\" alt=\"\" srcset=\"https:\/\/www.institutpsicologia.cat\/wp-content\/uploads\/2020\/07\/1994-1-copy.jpg 2000w, https:\/\/www.institutpsicologia.cat\/wp-content\/uploads\/2020\/07\/1994-1-copy-300x189.jpg 300w, https:\/\/www.institutpsicologia.cat\/wp-content\/uploads\/2020\/07\/1994-1-copy-1024x646.jpg 1024w, https:\/\/www.institutpsicologia.cat\/wp-content\/uploads\/2020\/07\/1994-1-copy-768x484.jpg 768w, https:\/\/www.institutpsicologia.cat\/wp-content\/uploads\/2020\/07\/1994-1-copy-1536x968.jpg 1536w\" sizes=\"auto, (max-width: 2000px) 100vw, 2000px\" \/><\/div>\t\t\t\t\t\t\n\t\t\t\t\t\t\t\n\t\t\t\t\t\t<h3 class=\"timeline-titol\">\n\t\t\t\t\t\t\tSe crea la Fundaci\u00f3 Collserola\t\t\t\t\t\t<\/h3>\n\t\t\t\t\t<\/div>\n\t\t\t\t\t\n\t\t\t\t\t<div class=\"timeline-info\">\n\t\t\t\t\t\t\n\t\t\t\t\t\t<p class=\"timeline-txt\">\n\t\t\t\t\t\t\tEngloba las escuelas Frederic Mistral y Aven\u00e7. Tambi\u00e9n la Casa de Colonias Les Vinyes de Vilamar\u00ed, situada en el municipio de Avi\u00e0, en la comarca del Bergued\u00e0.\t\n\t\t\t\t\t\t<\/p>\n\t\t\t\t\t<\/div>\n\t\t\t\t<\/div>\n\t\t\t\t\t\t\t\t\n\t\t\t\t<div class=\"slick-container\">\n\t\t\t\t\t<div class=\"timeline-any\">1995<\/div>\t\t\t\t\t\n\t\t\t\t\t<div class=\"timeline-img-wrapper\">\n\t\t\t\t\t\t<div class=\"timeline-img\"><img loading=\"lazy\" decoding=\"async\" width=\"2000\" height=\"1261\" src=\"https:\/\/www.institutpsicologia.cat\/wp-content\/uploads\/2020\/07\/1995-2-copy.jpg\" class=\"attachment-full size-full\" alt=\"\" srcset=\"https:\/\/www.institutpsicologia.cat\/wp-content\/uploads\/2020\/07\/1995-2-copy.jpg 2000w, https:\/\/www.institutpsicologia.cat\/wp-content\/uploads\/2020\/07\/1995-2-copy-300x189.jpg 300w, https:\/\/www.institutpsicologia.cat\/wp-content\/uploads\/2020\/07\/1995-2-copy-1024x646.jpg 1024w, https:\/\/www.institutpsicologia.cat\/wp-content\/uploads\/2020\/07\/1995-2-copy-768x484.jpg 768w, https:\/\/www.institutpsicologia.cat\/wp-content\/uploads\/2020\/07\/1995-2-copy-1536x968.jpg 1536w\" sizes=\"auto, (max-width: 2000px) 100vw, 2000px\" \/><\/div>\t\t\t\t\t\t\n\t\t\t\t\t\t\t\n\t\t\t\t\t\t<h3 class=\"timeline-titol\">\n\t\t\t\t\t\t\tEl Instituto T\u00e8cnic Eul\u00e0lia se integra al grupo\t\t\t\t\t\t<\/h3>\n\t\t\t\t\t<\/div>\n\t\t\t\t\t\n\t\t\t\t\t<div class=\"timeline-info\">\n\t\t\t\t\t\t\n\t\t\t\t\t\t<p class=\"timeline-txt\">\n\t\t\t\t\t\t\tDe esta integraci\u00f3n nace la escuela Frederic Mistral-T\u00e8cnic Eul\u00e0lia, que se completa en 1998 con la incorporaci\u00f3n del proyecto de la escuela Ramon Fuster de Bellaterra.\t\n\t\t\t\t\t\t<\/p>\n\t\t\t\t\t<\/div>\n\t\t\t\t<\/div>\n\t\t\t\t\t\t\t\t\n\t\t\t\t<div class=\"slick-container\">\n\t\t\t\t\t<div class=\"timeline-any\">Actualidad<\/div>\t\t\t\t\t\n\t\t\t\t\t<div class=\"timeline-img-wrapper\">\n\t\t\t\t\t\t<div class=\"timeline-img\"><img loading=\"lazy\" decoding=\"async\" width=\"2000\" height=\"1261\" src=\"https:\/\/www.institutpsicologia.cat\/wp-content\/uploads\/2020\/07\/actualitat-2-copy.jpg\" class=\"attachment-full size-full\" alt=\"\" srcset=\"https:\/\/www.institutpsicologia.cat\/wp-content\/uploads\/2020\/07\/actualitat-2-copy.jpg 2000w, https:\/\/www.institutpsicologia.cat\/wp-content\/uploads\/2020\/07\/actualitat-2-copy-300x189.jpg 300w, https:\/\/www.institutpsicologia.cat\/wp-content\/uploads\/2020\/07\/actualitat-2-copy-1024x646.jpg 1024w, https:\/\/www.institutpsicologia.cat\/wp-content\/uploads\/2020\/07\/actualitat-2-copy-768x484.jpg 768w, https:\/\/www.institutpsicologia.cat\/wp-content\/uploads\/2020\/07\/actualitat-2-copy-1536x968.jpg 1536w\" sizes=\"auto, (max-width: 2000px) 100vw, 2000px\" \/><\/div>\t\t\t\t\t\t\n\t\t\t\t\t\t\t\n\t\t\t\t\t\t<h3 class=\"timeline-titol\">\n\t\t\t\t\t\t\tActualitat\t\t\t\t\t\t<\/h3>\n\t\t\t\t\t<\/div>\n\t\t\t\t\t\n\t\t\t\t\t<div class=\"timeline-info\">\n\t\t\t\t\t\t\n\t\t\t\t\t\t<p class=\"timeline-txt\">\n\t\t\t\t\t\t\tHoy la escuela Frederic Mistral-T\u00e8cnic Eul\u00e0lia tiene unos 2500 alumnos, distribuidos en 6 l\u00edneas de Infantil y Primaria, 5 de Secundaria obligatoria y 8 de Bachillerato. En la etapa de Bachillerato se une el alumnado proveniente de la escuela Aven\u00e7 y de la escuela Ramon Fuster.\t\n\t\t\t\t\t\t<\/p>\n\t\t\t\t\t<\/div>\n\t\t\t\t<\/div>\n\t\t\t\t\t    \t\t\t<\/div>\n\t\t","protected":false},"excerpt":{"rendered":"","protected":false},"author":2,"featured_media":0,"parent":3870,"menu_order":0,"comment_status":"closed","ping_status":"closed","template":"","meta":{"_acf_changed":false,"wp_popup_display_lightbox":0,"wp_popup_suppress":"","wp_popup_trigger":"","wp_popup_trigger_amount":0,"wp_popup_disable_on_mobile":false,"_themeisle_gutenberg_block_has_review":false,"footnotes":""},"class_list":["post-3873","page","type-page","status-publish"],"acf":[],"_links":{"self":[{"href":"https:\/\/www.institutpsicologia.cat\/es\/wp-json\/wp\/v2\/pages\/3873","targetHints":{"allow":["GET"]}}],"collection":[{"href":"https:\/\/www.institutpsicologia.cat\/es\/wp-json\/wp\/v2\/pages"}],"about":[{"href":"https:\/\/www.institutpsicologia.cat\/es\/wp-json\/wp\/v2\/types\/page"}],"author":[{"embeddable":true,"href":"https:\/\/www.institutpsicologia.cat\/es\/wp-json\/wp\/v2\/users\/2"}],"replies":[{"embeddable":true,"href":"https:\/\/www.institutpsicologia.cat\/es\/wp-json\/wp\/v2\/comments?post=3873"}],"version-history":[{"count":6,"href":"https:\/\/www.institutpsicologia.cat\/es\/wp-json\/wp\/v2\/pages\/3873\/revisions"}],"predecessor-version":[{"id":5257,"href":"https:\/\/www.institutpsicologia.cat\/es\/wp-json\/wp\/v2\/pages\/3873\/revisions\/5257"}],"up":[{"embeddable":true,"href":"https:\/\/www.institutpsicologia.cat\/es\/wp-json\/wp\/v2\/pages\/3870"}],"wp:attachment":[{"href":"https:\/\/www.institutpsicologia.cat\/es\/wp-json\/wp\/v2\/media?parent=3873"}],"curies":[{"name":"wp","href":"https:\/\/api.w.org\/{rel}","templated":true}]}}