{"id":3870,"date":"2020-07-13T14:36:58","date_gmt":"2020-07-13T14:36:58","guid":{"rendered":"https:\/\/fredericmistral-tecniceulalia.cat\/lescola\/"},"modified":"2021-02-17T14:36:23","modified_gmt":"2021-02-17T13:36:23","slug":"el-colegio","status":"publish","type":"page","link":"https:\/\/www.institutpsicologia.cat\/es\/el-colegio","title":{"rendered":"El colegio"},"content":{"rendered":"\n\t<div id=\"cabecerainterior-block_5ed76a1064337\" class=\"cabecerainterior lazy\">\n\t\t<div class=\"cabint-image\">\n\t\t\t<img decoding=\"async\" src=\"https:\/\/www.institutpsicologia.cat\/wp-content\/uploads\/2020\/07\/opt_web_FMTE_escola_3.jpg\" alt=\"Els nens i la professora a classe\">\n\t\t<\/div>\n\t\t<div class=\"cabint-info\">\n\t\t\t<h1 class=\"cabint-info__titol\">\n\t\t\t\tEl colegio\t\t\t<\/h1>\n\t\t<\/div>\n\t<\/div>\n\n\t\n\n\t<div id=\"textodestacado-block_5f0c7162f00f7\" class=\"text-destacat lazy\">\t\t<div class=\"grid-container\">\n\t\t\t<!-- Item -->\n        <div class=\"text-destacat__text\">\n\t\t\t\t\t<h2 class=\"titol_bloc\">Todo el tiempo de escuela es tiempo de aprendizaje<\/h2>\n\t\t\t\t\t<div class=\"text_bloc\">\n\t\t\t\t\t\t<p>En el colegio trabajamos para hacer de la educaci\u00f3n de los ni\u00f1os y ni\u00f1as una experiencia \u00fanica. A trav\u00e9s del conocimiento y de los valores hacemos de la educaci\u00f3n un proceso vivo e inclusivo en colaboraci\u00f3n con las familias y el entorno.<\/p>\n\t\t\t\t\t<\/div>\n\t\t\t\t<\/div>\n\t\t\t<!-- .\/ Item -->\t\n\t\t<\/div>\n\t<\/div>\n\n\t\n\n\t<div class=\"grid-container\">\n\t\t<div class=\"text-imatge-full\">\n\t\t\t<div class=\"text-imatge-row row lazy\">\t\t\t\t<div class=\"text-imatge__imatge\">\n\t\t\t\t\t<img loading=\"lazy\" decoding=\"async\" width=\"944\" height=\"846\" src=\"https:\/\/www.institutpsicologia.cat\/wp-content\/uploads\/2020\/09\/frederic_mistral.jpg\" class=\"attachment-custom-cuadrat size-custom-cuadrat\" alt=\"\" srcset=\"https:\/\/www.institutpsicologia.cat\/wp-content\/uploads\/2020\/09\/frederic_mistral.jpg 944w, https:\/\/www.institutpsicologia.cat\/wp-content\/uploads\/2020\/09\/frederic_mistral-300x269.jpg 300w, https:\/\/www.institutpsicologia.cat\/wp-content\/uploads\/2020\/09\/frederic_mistral-768x688.jpg 768w\" sizes=\"auto, (max-width: 944px) 100vw, 944px\" \/>\t\t\t\t<\/div>\n\t\t\t\t<div class=\"text-imatge__text\">\n\t\t\t\t\t<h2 class=\"titol_bloc\">El nombre del colegio<\/h2>\n\t\t\t\t\t<div class=\"text_bloc\">\n\t\t\t\t\t\t\t<p>Cuando naci\u00f3 el colegio, en el curso 1967-1968, decidi\u00f3 llamarse Frederic Mistral en honor al gran poeta provenzal Frederic Mistral (1830-1914). Ganador del premio Nobel el a\u00f1o 1904, Frederic Mistral fue uno de los fundadores y dirigentes del F\u00e9librige, una asociaci\u00f3n de escritores que pretend\u00eda el renacimiento de la literatura en lengua provenzal.<\/p>\n<p>En el a\u00f1o 1859, publicaba <em>Mir\u00e8io<\/em>, seguramente su obra m\u00e1s conocida, a partir de la cual, se popularizo el nombre de Mireia en Catalu\u00f1a. Precisamente Mir\u00e8io es el nombre de la revista de Arte, Pensamiento y Literatura de los colegios de la Fundaci\u00f3 Collserola.<\/p>\n\t\n\t\t\t\t\t<\/div>\n\t\t\t\t\t\t\n\t\t\t\t<\/div>\n\t\t\t<\/div>\n\t\t<\/div>\n\t<\/div>\n\n\n\t<div id=\"text-block_5f0c725b5a78b\" class=\"text-simple bg-ultra_clar lazy\">    <div class=\"grid-container\">\n      <!-- Item -->\n      <div class=\"text-simple__text\">\n        <h2 class=\"titol_bloc\"><\/h2>\n      \t<div class=\"text_bloc\">\n        \t<p>El colegio <strong>Frederic Mistral-T\u00e8cnic Eul\u00e0lia<\/strong> es una escuela privada concertada por el Departamento de Ense\u00f1anza de la Generalitat de Catalu\u00f1a. Su titularidad corresponde a la <strong>Fundaci\u00f3 Collserola<\/strong>.<\/p>\n<p>Situada al lado del Parque de Collserola, el colegio tiene <strong>dos centros<\/strong>, el de <strong>Tibidabo<\/strong> y el de <strong>Sarri\u00e1<\/strong>.<\/p>\n<p>El centro de Tibidabo est\u00e1 situado en la Calle Llu\u00eds Muntadas y dispone de 4 l\u00edneas de Infantil y 6 l\u00edneas de Primaria. Por su parte, el centro de Sarri\u00e1, en la Calle Pere II de Montcada, tiene 2 l\u00edneas de Educaci\u00f3n Infantil, 5 l\u00edneas de Educaci\u00f3n Secundaria Obligatoria y 8 l\u00edneas de Bachillerato. El alumnado de Infantil del centro de Sarri\u00e1 se incorpora al centro de Tibidabo cuando llega a Primaria.<\/p>\n      \t<\/div>\n     \t<\/div>\n      <!-- .\/ Item -->\n    <\/div>\n  <\/div>\n\n\t\n\n<div class=\"columnes_wrapper columnes-2 lazy\">\n  <div class=\"grid-container\">\n    <div class=\"seccio_bloc\">\n                <\/div>\n    \n    <div class=\"row\">\n                  <!-- Item 2 columnes -->\n      <div class=\"col-md-6\">\n        <div class=\"columna-item\">\n          <a href=\"\" class=\"columna-item__imatge\">\n            <img loading=\"lazy\" decoding=\"async\" width=\"900\" height=\"600\" src=\"https:\/\/www.institutpsicologia.cat\/wp-content\/uploads\/2020\/07\/web_FMTE_escola_12.jpg\" class=\"attachment-custom-cuadrat size-custom-cuadrat\" alt=\"Centre Tibidabo\" srcset=\"https:\/\/www.institutpsicologia.cat\/wp-content\/uploads\/2020\/07\/web_FMTE_escola_12.jpg 900w, https:\/\/www.institutpsicologia.cat\/wp-content\/uploads\/2020\/07\/web_FMTE_escola_12-300x200.jpg 300w, https:\/\/www.institutpsicologia.cat\/wp-content\/uploads\/2020\/07\/web_FMTE_escola_12-768x512.jpg 768w\" sizes=\"auto, (max-width: 900px) 100vw, 900px\" \/>          <\/a>\n          <h2 class=\"columna-item__titol\">\n            <a href=\"\">\n              Centro TIBIDABO            <\/a>\n          <\/h2>\n          <h3 class=\"columna-item__subtitol\">\n            <a href=\"\">\n                          <\/a>\n          <\/h3>\n          <div class=\"columna-item__text\">\n            <p>Llu\u00eds Muntadas, 3-5-7<br \/>\n08035 BARCELONA<br \/>\n<strong>Tel. <a href=\"tel:+34932118954\">93 211 89 54<\/a><\/strong><\/p>\n          <\/div>\n          <a href=\"\" class=\"mes_info\">\n                      <\/a>\n        <\/div>\n      <\/div>\n      <!-- .\/ Item 2 columnes -->\n            <!-- Item 2 columnes -->\n      <div class=\"col-md-6\">\n        <div class=\"columna-item\">\n          <a href=\"\" class=\"columna-item__imatge\">\n            <img loading=\"lazy\" decoding=\"async\" width=\"900\" height=\"600\" src=\"https:\/\/www.institutpsicologia.cat\/wp-content\/uploads\/2020\/07\/opt_web_FMTE_Entorn_3-1.jpg\" class=\"attachment-custom-cuadrat size-custom-cuadrat\" alt=\"Centre Sarri\u00e0\" srcset=\"https:\/\/www.institutpsicologia.cat\/wp-content\/uploads\/2020\/07\/opt_web_FMTE_Entorn_3-1.jpg 900w, https:\/\/www.institutpsicologia.cat\/wp-content\/uploads\/2020\/07\/opt_web_FMTE_Entorn_3-1-300x200.jpg 300w, https:\/\/www.institutpsicologia.cat\/wp-content\/uploads\/2020\/07\/opt_web_FMTE_Entorn_3-1-768x512.jpg 768w\" sizes=\"auto, (max-width: 900px) 100vw, 900px\" \/>          <\/a>\n          <h2 class=\"columna-item__titol\">\n            <a href=\"\">\n              Centro SARRI\u00c0            <\/a>\n          <\/h2>\n          <h3 class=\"columna-item__subtitol\">\n            <a href=\"\">\n                          <\/a>\n          <\/h3>\n          <div class=\"columna-item__text\">\n            <p>Pere II de Montcada, 8<br \/>\n08034 BARCELONA<br \/>\n<strong>Tel. <a href=\"tel:+34932031280\">93 203 12 80<\/a><\/strong><\/p>\n          <\/div>\n          <a href=\"\" class=\"mes_info\">\n                      <\/a>\n        <\/div>\n      <\/div>\n      <!-- .\/ Item 2 columnes -->\n                <\/div>\n  <\/div>\n<\/div>\n\n\n    <div class=\"columnes_wrapper columnes-3 lazy\">\n      <div class=\"grid-container\">\n        <div class=\"seccio_bloc\">\n                            <\/div>\n        <div class=\"row\">\n                              <!-- Item 3 columnes -->\n          <div class=\"col-md-4\">\n            <div class=\"columna-item\">\n              <a href=\"\/es\/el-colegio\/historia-escola-fmte\" class=\"columna-item__imatge\">\n                <img loading=\"lazy\" decoding=\"async\" width=\"1000\" height=\"730\" src=\"https:\/\/www.institutpsicologia.cat\/wp-content\/uploads\/2020\/07\/opt_web_FMTE_historia_1-1.jpg\" class=\"attachment-full size-full\" alt=\"Hist\u00f2ria | Classe a l&#039;escola\" srcset=\"https:\/\/www.institutpsicologia.cat\/wp-content\/uploads\/2020\/07\/opt_web_FMTE_historia_1-1.jpg 1000w, https:\/\/www.institutpsicologia.cat\/wp-content\/uploads\/2020\/07\/opt_web_FMTE_historia_1-1-300x219.jpg 300w, https:\/\/www.institutpsicologia.cat\/wp-content\/uploads\/2020\/07\/opt_web_FMTE_historia_1-1-768x561.jpg 768w\" sizes=\"auto, (max-width: 1000px) 100vw, 1000px\" \/>              <\/a>\n              <h2 class=\"columna-item__titol\">\n                <a href=\"\/es\/el-colegio\/historia-escola-fmte\">\n                  <strong>Historia<\/strong>                <\/a>\n              <\/h2>\n              <h3 class=\"columna-item__subtitol\">\n                <a href=\"\/es\/el-colegio\/historia-escola-fmte\">\n                                  <\/a>\n              <\/h3>\n              <div class=\"columna-item__text\">\n                <p><strong>M\u00e1s de 50 a\u00f1os<\/strong> de historia ofreciendo una educaci\u00f3n integral y de calidad, inclusiva y personalizada. Colegio Frederic Mistral-T\u00e8cnic Eul\u00e0lia <strong>#CreantEscola des de 1967<\/strong>.<\/p>\n              <\/div>\n              <a href=\"\/es\/el-colegio\/historia-escola-fmte\" class=\"mes_info\">\n                + info              <\/a>\n            <\/div>\n          <\/div>\n          <!-- .\/ Item 3 columnes -->\n                    <!-- Item 3 columnes -->\n          <div class=\"col-md-4\">\n            <div class=\"columna-item\">\n              <a href=\"\/es\/el-colegio\/proyecto-educativo\/\" class=\"columna-item__imatge\">\n                <img loading=\"lazy\" decoding=\"async\" width=\"1000\" height=\"730\" src=\"https:\/\/www.institutpsicologia.cat\/wp-content\/uploads\/2021\/01\/projecte-educatiu_escola.jpg\" class=\"attachment-full size-full\" alt=\"Alumnat i professorat a classe\" srcset=\"https:\/\/www.institutpsicologia.cat\/wp-content\/uploads\/2021\/01\/projecte-educatiu_escola.jpg 1000w, https:\/\/www.institutpsicologia.cat\/wp-content\/uploads\/2021\/01\/projecte-educatiu_escola-300x219.jpg 300w, https:\/\/www.institutpsicologia.cat\/wp-content\/uploads\/2021\/01\/projecte-educatiu_escola-768x561.jpg 768w\" sizes=\"auto, (max-width: 1000px) 100vw, 1000px\" \/>              <\/a>\n              <h2 class=\"columna-item__titol\">\n                <a href=\"\/es\/el-colegio\/proyecto-educativo\/\">\n                  <strong>Proyecto Educativo<\/strong>                <\/a>\n              <\/h2>\n              <h3 class=\"columna-item__subtitol\">\n                <a href=\"\/es\/el-colegio\/proyecto-educativo\/\">\n                                  <\/a>\n              <\/h3>\n              <div class=\"columna-item__text\">\n                <p>Descubre los ejes de nuestro Proyecto Educativo, <strong>revisado y actualizado <\/strong>por toda la comunidad escolar.<\/p>\n              <\/div>\n              <a href=\"\/es\/el-colegio\/proyecto-educativo\/\" class=\"mes_info\">\n                + info              <\/a>\n            <\/div>\n          <\/div>\n          <!-- .\/ Item 3 columnes -->\n                    <!-- Item 3 columnes -->\n          <div class=\"col-md-4\">\n            <div class=\"columna-item\">\n              <a href=\"\/es\/el-colegio\/entorno\/\" class=\"columna-item__imatge\">\n                <img loading=\"lazy\" decoding=\"async\" width=\"1000\" height=\"730\" src=\"https:\/\/www.institutpsicologia.cat\/wp-content\/uploads\/2020\/07\/opt-web_FMTE_Entorn_2-1.jpg\" class=\"attachment-full size-full\" alt=\"L&#039;entorn del centre\" srcset=\"https:\/\/www.institutpsicologia.cat\/wp-content\/uploads\/2020\/07\/opt-web_FMTE_Entorn_2-1.jpg 1000w, https:\/\/www.institutpsicologia.cat\/wp-content\/uploads\/2020\/07\/opt-web_FMTE_Entorn_2-1-300x219.jpg 300w, https:\/\/www.institutpsicologia.cat\/wp-content\/uploads\/2020\/07\/opt-web_FMTE_Entorn_2-1-768x561.jpg 768w\" sizes=\"auto, (max-width: 1000px) 100vw, 1000px\" \/>              <\/a>\n              <h2 class=\"columna-item__titol\">\n                <a href=\"\/es\/el-colegio\/entorno\/\">\n                  <strong>Entorno<\/strong>                <\/a>\n              <\/h2>\n              <h3 class=\"columna-item__subtitol\">\n                <a href=\"\/es\/el-colegio\/entorno\/\">\n                                  <\/a>\n              <\/h3>\n              <div class=\"columna-item__text\">\n                <p>Somos un colegio urbano, en contacto con la naturaleza. Con vistas privilegiadas sobre la ciudad de Barcelona, <strong>junto al Parque de Collserola<\/strong>. Un espacio donde aprender y cuidar la salud.<\/p>\n              <\/div>\n              <a href=\"\/es\/el-colegio\/entorno\/\" class=\"mes_info\">\n                + info              <\/a>\n            <\/div>\n          <\/div>\n          <!-- .\/ Item 3 columnes -->\n                            <\/div>\n      <\/div>\n    <\/div>\n  \n\n    <div class=\"columnes_wrapper columnes-3 lazy\">\n      <div class=\"grid-container\">\n        <div class=\"seccio_bloc\">\n                            <\/div>\n        <div class=\"row\">\n                              <!-- Item 3 columnes -->\n          <div class=\"col-md-4\">\n            <div class=\"columna-item\">\n              <a href=\"\/es\/el-colegio\/instalaciones\/\" class=\"columna-item__imatge\">\n                <img loading=\"lazy\" decoding=\"async\" width=\"1000\" height=\"730\" src=\"https:\/\/www.institutpsicologia.cat\/wp-content\/uploads\/2020\/07\/opt_web_FMTE_Instalacions_20-1.jpg\" class=\"attachment-full size-full\" alt=\"\" srcset=\"https:\/\/www.institutpsicologia.cat\/wp-content\/uploads\/2020\/07\/opt_web_FMTE_Instalacions_20-1.jpg 1000w, https:\/\/www.institutpsicologia.cat\/wp-content\/uploads\/2020\/07\/opt_web_FMTE_Instalacions_20-1-300x219.jpg 300w, https:\/\/www.institutpsicologia.cat\/wp-content\/uploads\/2020\/07\/opt_web_FMTE_Instalacions_20-1-768x561.jpg 768w\" sizes=\"auto, (max-width: 1000px) 100vw, 1000px\" \/>              <\/a>\n              <h2 class=\"columna-item__titol\">\n                <a href=\"\/es\/el-colegio\/instalaciones\/\">\n                  <strong>Instalaciones<\/strong>                <\/a>\n              <\/h2>\n              <h3 class=\"columna-item__subtitol\">\n                <a href=\"\/es\/el-colegio\/instalaciones\/\">\n                                  <\/a>\n              <\/h3>\n              <div class=\"columna-item__text\">\n                <p>El colegio tiene dos centros: <strong>el centro de Tibidabo y el centro de Sarri\u00e1<\/strong>. Conoce los edificios que forman parte y las instalaciones de las que disponen.<\/p>\n              <\/div>\n              <a href=\"\/es\/el-colegio\/instalaciones\/\" class=\"mes_info\">\n                + info              <\/a>\n            <\/div>\n          <\/div>\n          <!-- .\/ Item 3 columnes -->\n                    <!-- Item 3 columnes -->\n          <div class=\"col-md-4\">\n            <div class=\"columna-item\">\n              <a href=\"\/es\/el-colegio\/movilidad\/\" class=\"columna-item__imatge\">\n                <img loading=\"lazy\" decoding=\"async\" width=\"1000\" height=\"730\" src=\"https:\/\/www.institutpsicologia.cat\/wp-content\/uploads\/2020\/07\/opt_web_FMTE_transport_escolar_2-1.jpg\" class=\"attachment-full size-full\" alt=\"\" srcset=\"https:\/\/www.institutpsicologia.cat\/wp-content\/uploads\/2020\/07\/opt_web_FMTE_transport_escolar_2-1.jpg 1000w, https:\/\/www.institutpsicologia.cat\/wp-content\/uploads\/2020\/07\/opt_web_FMTE_transport_escolar_2-1-300x219.jpg 300w, https:\/\/www.institutpsicologia.cat\/wp-content\/uploads\/2020\/07\/opt_web_FMTE_transport_escolar_2-1-768x561.jpg 768w\" sizes=\"auto, (max-width: 1000px) 100vw, 1000px\" \/>              <\/a>\n              <h2 class=\"columna-item__titol\">\n                <a href=\"\/es\/el-colegio\/movilidad\/\">\n                  <strong>Movilidad<\/strong>                <\/a>\n              <\/h2>\n              <h3 class=\"columna-item__subtitol\">\n                <a href=\"\/es\/el-colegio\/movilidad\/\">\n                                  <\/a>\n              <\/h3>\n              <div class=\"columna-item__text\">\n                <p>Te lo ponemos f\u00e1cil para llegar al colegio. Con el trasporte escolar de proximidad y la iniciativa <strong>Vaig a escola! CARD<\/strong>: la tarjeta para ir solo\/a al colegio!<\/p>\n              <\/div>\n              <a href=\"\/es\/el-colegio\/movilidad\/\" class=\"mes_info\">\n                + info              <\/a>\n            <\/div>\n          <\/div>\n          <!-- .\/ Item 3 columnes -->\n                    <!-- Item 3 columnes -->\n          <div class=\"col-md-4\">\n            <div class=\"columna-item\">\n              <a href=\"\" class=\"columna-item__imatge\">\n                              <\/a>\n              <h2 class=\"columna-item__titol\">\n                <a href=\"\">\n                                  <\/a>\n              <\/h2>\n              <h3 class=\"columna-item__subtitol\">\n                <a href=\"\">\n                                  <\/a>\n              <\/h3>\n              <div class=\"columna-item__text\">\n                              <\/div>\n              <a href=\"\" class=\"mes_info\">\n                              <\/a>\n            <\/div>\n          <\/div>\n          <!-- .\/ Item 3 columnes -->\n                            <\/div>\n      <\/div>\n    <\/div>\n  \n\n\t\t<div id=\"videos-block_5f16998a71c21\" class=\"video-fullscreen slider-videos lazy\">\n\t\t\t\t\t\t\t\t\t\t\t\t<iframe loading=\"lazy\" title=\"Fundaci\u00f3 Collserola: la nostra manera de ser\" width=\"640\" height=\"360\" src=\"https:\/\/www.youtube.com\/embed\/sbmT-l-QFBQ?feature=oembed&#038;controls=1&#038;hd=1&#038;autohide=1\" frameborder=\"0\" allow=\"accelerometer; autoplay; clipboard-write; encrypted-media; gyroscope; picture-in-picture; web-share\" referrerpolicy=\"strict-origin-when-cross-origin\" allowfullscreen frameborder=\"0\"><\/iframe>\t\t\t\t\t    \t\t\t<\/div>\n\t\t\n\n   \t<div id=\"\" class=\"row bg-clar ambits lazy\">\n   \t\t<h2 class=\"entry-title\">\u00c1mbitos<\/h2>\n     \t<div class=\"col-md-2 offset-md-1 offset-xxl-2\">\n       \t<div class=\"ambits-txt\">\n          Descubre los<br><strong> 5 ejes singulares<\/strong> que nos definen       \t<\/div>\n     \t<\/div>\n     \t<div class=\"col-md-9 col-xxl-8\">\n        <ul class=\"ambits-links\">\n        \t<li class=\"ambits-link cultura_valors\"><a href=\"https:\/\/fredericmistral-tecniceulalia.cat\/es\/ambitos\/cultura-y-valores\/\">Cultura y valores<\/a><\/li>\n          <li class=\"ambits-link sostenibilitat\"><a href=\"https:\/\/fredericmistral-tecniceulalia.cat\/es\/ambitos\/sostenibilidad\/\">sostenibilidad<\/a><\/li>\n          <li class=\"ambits-link orientacio\"><a href=\"https:\/\/fredericmistral-tecniceulalia.cat\/es\/ambitos\/orientacion-personal-y-academica\/\">Orientaci\u00f3n personal<br>y acad\u00e9mica<\/a><\/li>\n          <li class=\"ambits-link innovacio\"><a href=\"https:\/\/fredericmistral-tecniceulalia.cat\/es\/ambitos\/innovacio\/\">Innovaci\u00f3n<\/a><\/li>\n          <li class=\"ambits-link plurilinguisme\"><a href=\"https:\/\/fredericmistral-tecniceulalia.cat\/es\/ambitos\/plurilinguismo\/\">Pluriling\u00fcismo<\/a><\/li>\n       \t<\/ul>\n     \t<\/div>\n   \t<\/div>\n\n\t","protected":false},"excerpt":{"rendered":"","protected":false},"author":2,"featured_media":0,"parent":0,"menu_order":0,"comment_status":"closed","ping_status":"closed","template":"","meta":{"_acf_changed":false,"wp_popup_display_lightbox":0,"wp_popup_suppress":"","wp_popup_trigger":"","wp_popup_trigger_amount":0,"wp_popup_disable_on_mobile":false,"_themeisle_gutenberg_block_has_review":false,"footnotes":""},"class_list":["post-3870","page","type-page","status-publish"],"acf":[],"_links":{"self":[{"href":"https:\/\/www.institutpsicologia.cat\/es\/wp-json\/wp\/v2\/pages\/3870","targetHints":{"allow":["GET"]}}],"collection":[{"href":"https:\/\/www.institutpsicologia.cat\/es\/wp-json\/wp\/v2\/pages"}],"about":[{"href":"https:\/\/www.institutpsicologia.cat\/es\/wp-json\/wp\/v2\/types\/page"}],"author":[{"embeddable":true,"href":"https:\/\/www.institutpsicologia.cat\/es\/wp-json\/wp\/v2\/users\/2"}],"replies":[{"embeddable":true,"href":"https:\/\/www.institutpsicologia.cat\/es\/wp-json\/wp\/v2\/comments?post=3870"}],"version-history":[{"count":16,"href":"https:\/\/www.institutpsicologia.cat\/es\/wp-json\/wp\/v2\/pages\/3870\/revisions"}],"predecessor-version":[{"id":5318,"href":"https:\/\/www.institutpsicologia.cat\/es\/wp-json\/wp\/v2\/pages\/3870\/revisions\/5318"}],"wp:attachment":[{"href":"https:\/\/www.institutpsicologia.cat\/es\/wp-json\/wp\/v2\/media?parent=3870"}],"curies":[{"name":"wp","href":"https:\/\/api.w.org\/{rel}","templated":true}]}}