{"id":3857,"date":"2020-07-16T13:19:08","date_gmt":"2020-07-16T13:19:08","guid":{"rendered":"https:\/\/fredericmistral-tecniceulalia.cat\/innovacio\/"},"modified":"2021-02-16T10:29:19","modified_gmt":"2021-02-16T09:29:19","slug":"innovacion","status":"publish","type":"page","link":"https:\/\/www.institutpsicologia.cat\/es\/ambitos-delete\/innovacion","title":{"rendered":"Innovaci\u00f3n"},"content":{"rendered":"\n\t<div id=\"cabecerainterior-block_5ed76c89e95bc\" class=\"cabecerainterior lazy\">\n\t\t<div class=\"cabint-image\">\n\t\t\t<img decoding=\"async\" src=\"https:\/\/www.institutpsicologia.cat\/wp-content\/uploads\/2020\/07\/opt_web_FMTE_Innovacio_16-1.jpg\" alt=\"Innovaci\u00f3\">\n\t\t<\/div>\n\t\t<div class=\"cabint-info\">\n\t\t\t<h1 class=\"cabint-info__titol\">\n\t\t\t\tInnovaci\u00f3n\t\t\t<\/h1>\n\t\t<\/div>\n\t<\/div>\n\n\t\n\n\n\t<div id=\"tornarenrera-block_5f35978dce2ee\" class=\"back lazy\">\n\t\t<a href=\"\/es\/ambitos\/\" class=\"goback\">\n\t\t\t<img decoding=\"async\" src=\"\/wp-content\/uploads\/2020\/08\/arrow_goback.png\" alt=\"Tornar enrere\" title=\"Tornar enrere\"\/>\n\t\t<\/a>\n\t<\/div>\n\n\t\n\n\t<div id=\"textodestacado-block_5f104b02134ab\" class=\"text-destacat lazy\">\t\t<div class=\"grid-container\">\n\t\t\t<!-- Item -->\n        <div class=\"text-destacat__text\">\n\t\t\t\t\t<h2 class=\"titol_bloc\">La <strong>curiosidad<\/strong> nos viene de serie<\/h2>\n\t\t\t\t\t<div class=\"text_bloc\">\n\t\t\t\t\t\t<p>Incorporamos nuevas pr\u00e1cticas de car\u00e1cter competencial, recursos y herramientas que ponen al alumnado en el centro y construyen puentes entre la escuela y el mundo exterior, vivo y complejo. Es esta excelencia que prepara al alumnado para conseguir sus objetivos personales, acad\u00e9micos y profesionales.<\/p>\n\t\t\t\t\t<\/div>\n\t\t\t\t<\/div>\n\t\t\t<!-- .\/ Item -->\t\n\t\t<\/div>\n\t<\/div>\n\n\t\n\n\t<div class=\"grid-container lazy\">\n\t\t<div class=\"text-imatge\">\n\t\t\t<div class=\"text-imatge-row row\">\n\t\t\t\t<div class=\"col-md-6 text-imatge__imatge\">\n\t\t\t\t\t\t\t\t\t\t<a href=\"\">\n\t\t\t\t\t<img loading=\"lazy\" decoding=\"async\" width=\"1000\" height=\"1000\" src=\"https:\/\/www.institutpsicologia.cat\/wp-content\/uploads\/2020\/07\/opt_web_FMTE_Innovacio_14-1-1000x1000.jpg\" class=\"attachment-custom-cuadrat size-custom-cuadrat\" alt=\"Innovaci\u00f3\" srcset=\"https:\/\/www.institutpsicologia.cat\/wp-content\/uploads\/2020\/07\/opt_web_FMTE_Innovacio_14-1.jpg 1000w, https:\/\/www.institutpsicologia.cat\/wp-content\/uploads\/2020\/07\/opt_web_FMTE_Innovacio_14-1-300x300.jpg 300w, https:\/\/www.institutpsicologia.cat\/wp-content\/uploads\/2020\/07\/opt_web_FMTE_Innovacio_14-1-150x150.jpg 150w, https:\/\/www.institutpsicologia.cat\/wp-content\/uploads\/2020\/07\/opt_web_FMTE_Innovacio_14-1-768x768.jpg 768w, https:\/\/www.institutpsicologia.cat\/wp-content\/uploads\/2020\/07\/opt_web_FMTE_Innovacio_14-1-800x800.jpg 800w\" sizes=\"auto, (max-width: 1000px) 100vw, 1000px\" \/>\t\t\t\t\t<\/a>\n\t\t\t\t<\/div>\n\t\t\t\t<div class=\"col-md-6 text-imatge__text\">\n\t\t\t\t\t<span class=\"seccio_bloc\">\n\t\t\t\t\t\t\t\n\t\t\t\t\t<\/span>\n\t\t\t\t\t<h2 class=\"titol_bloc\">Excelencia acad\u00e9mica<\/h2>\n\t\t\t\t\t<div class=\"text_bloc\">\n\t\t\t\t\t\t<p>\n\t\t\t\t\t\t\t<p>El papel de la escuela es mantener viva y alimentar la curiosidad. Abrir caminos a cada pregunta. Trazar itinerarios para cada respuesta. Aqu\u00ed, los encontrar\u00e1s todos. Aqu\u00ed, encontrar\u00e1s el tuyo.<\/p>\n<p>Nos avalan m\u00e1s de 50 a\u00f1os de excelencia acad\u00e9mica, gracias a la combinaci\u00f3n de <strong>pr\u00e1ctica pedag\u00f3gica, exigencia y acompa\u00f1amiento pedag\u00f3gico y personal. <\/strong><\/p>\n<p>Somos un est\u00edmulo, no s\u00f3lo para el alumnado, sino tambi\u00e9n para el profesorado, que encuentra en la Escuela Frederic Mistral-T\u00e8cnic Eul\u00e0lia una oportunidad de <strong>investigaci\u00f3n pedag\u00f3gica continua.<\/strong> Una puerta abierta a transformar la manera de educar, en cambio constante.<\/p>\n\t\n\t\t\t\t\t\t<\/p>\n\t\t\t\t\t<\/div>\n\t\t\t\t\t\t\n\t\t\t\t<\/div>\n\t\t\t<\/div>\n\t\t<\/div>\n\t<\/div>\n\n\n\t\t<div id=\"fotos-block_5f104ba9134ad\" class=\"text slider-fotos lazy\">\t\t\t\t\t\t\t\t\t\t\t\t<div class=\"fotos-info slick-container\">\n\t\t\t\t\t<h2 class=\"fotos-titol\">\n\t\t\t\t\t\t\t\t\t\t\t<\/h2>\n\t\t\t\t\t<img loading=\"lazy\" decoding=\"async\" width=\"1000\" height=\"730\" src=\"https:\/\/www.institutpsicologia.cat\/wp-content\/uploads\/2020\/07\/opt_web_FMTE_Innovacio_12-1.jpg\" class=\"attachment-full size-full\" alt=\"Innovaci\u00f3\" srcset=\"https:\/\/www.institutpsicologia.cat\/wp-content\/uploads\/2020\/07\/opt_web_FMTE_Innovacio_12-1.jpg 1000w, https:\/\/www.institutpsicologia.cat\/wp-content\/uploads\/2020\/07\/opt_web_FMTE_Innovacio_12-1-300x219.jpg 300w, https:\/\/www.institutpsicologia.cat\/wp-content\/uploads\/2020\/07\/opt_web_FMTE_Innovacio_12-1-768x561.jpg 768w\" sizes=\"auto, (max-width: 1000px) 100vw, 1000px\" \/>\t\t\t\t\t<p class=\"fotos-txt\">\n\t\t\t\t\t\t\t\n\t\t\t\t\t<\/p>\n\t\t\t\t<\/div>\n\t\t\t\t\t\t\t\t\t\t\t\t<div class=\"fotos-info slick-container\">\n\t\t\t\t\t<h2 class=\"fotos-titol\">\n\t\t\t\t\t\t\t\t\t\t\t<\/h2>\n\t\t\t\t\t<img loading=\"lazy\" decoding=\"async\" width=\"1000\" height=\"730\" src=\"https:\/\/www.institutpsicologia.cat\/wp-content\/uploads\/2020\/07\/opt_web_FMTE_Innovacio_5-1.jpg\" class=\"attachment-full size-full\" alt=\"Innovaci\u00f3\" srcset=\"https:\/\/www.institutpsicologia.cat\/wp-content\/uploads\/2020\/07\/opt_web_FMTE_Innovacio_5-1.jpg 1000w, https:\/\/www.institutpsicologia.cat\/wp-content\/uploads\/2020\/07\/opt_web_FMTE_Innovacio_5-1-300x219.jpg 300w, https:\/\/www.institutpsicologia.cat\/wp-content\/uploads\/2020\/07\/opt_web_FMTE_Innovacio_5-1-768x561.jpg 768w\" sizes=\"auto, (max-width: 1000px) 100vw, 1000px\" \/>\t\t\t\t\t<p class=\"fotos-txt\">\n\t\t\t\t\t\t\t\n\t\t\t\t\t<\/p>\n\t\t\t\t<\/div>\n\t\t\t\t\t\t\t\t\t\t\t\t<div class=\"fotos-info slick-container\">\n\t\t\t\t\t<h2 class=\"fotos-titol\">\n\t\t\t\t\t\t\t\t\t\t\t<\/h2>\n\t\t\t\t\t<img loading=\"lazy\" decoding=\"async\" width=\"1000\" height=\"730\" src=\"https:\/\/www.institutpsicologia.cat\/wp-content\/uploads\/2020\/07\/opt_web_FMTE_Innovacio_9-1.jpg\" class=\"attachment-full size-full\" alt=\"Innovaci\u00f3\" srcset=\"https:\/\/www.institutpsicologia.cat\/wp-content\/uploads\/2020\/07\/opt_web_FMTE_Innovacio_9-1.jpg 1000w, https:\/\/www.institutpsicologia.cat\/wp-content\/uploads\/2020\/07\/opt_web_FMTE_Innovacio_9-1-300x219.jpg 300w, https:\/\/www.institutpsicologia.cat\/wp-content\/uploads\/2020\/07\/opt_web_FMTE_Innovacio_9-1-768x561.jpg 768w\" sizes=\"auto, (max-width: 1000px) 100vw, 1000px\" \/>\t\t\t\t\t<p class=\"fotos-txt\">\n\t\t\t\t\t\t\t\n\t\t\t\t\t<\/p>\n\t\t\t\t<\/div>\n\t\t\t\t\t\t\t\t\t\t\t\t<div class=\"fotos-info slick-container\">\n\t\t\t\t\t<h2 class=\"fotos-titol\">\n\t\t\t\t\t\t\t\t\t\t\t<\/h2>\n\t\t\t\t\t<img loading=\"lazy\" decoding=\"async\" width=\"1000\" height=\"730\" src=\"https:\/\/www.institutpsicologia.cat\/wp-content\/uploads\/2020\/07\/opt_web_FMTE_Innovacio_3-1.jpg\" class=\"attachment-full size-full\" alt=\"Innovaci\u00f3\" srcset=\"https:\/\/www.institutpsicologia.cat\/wp-content\/uploads\/2020\/07\/opt_web_FMTE_Innovacio_3-1.jpg 1000w, https:\/\/www.institutpsicologia.cat\/wp-content\/uploads\/2020\/07\/opt_web_FMTE_Innovacio_3-1-300x219.jpg 300w, https:\/\/www.institutpsicologia.cat\/wp-content\/uploads\/2020\/07\/opt_web_FMTE_Innovacio_3-1-768x561.jpg 768w\" sizes=\"auto, (max-width: 1000px) 100vw, 1000px\" \/>\t\t\t\t\t<p class=\"fotos-txt\">\n\t\t\t\t\t\t\t\n\t\t\t\t\t<\/p>\n\t\t\t\t<\/div>\n\t\t\t\t\t\t\t\t\t\t\t\t<div class=\"fotos-info slick-container\">\n\t\t\t\t\t<h2 class=\"fotos-titol\">\n\t\t\t\t\t\t\t\t\t\t\t<\/h2>\n\t\t\t\t\t<img loading=\"lazy\" decoding=\"async\" width=\"1000\" height=\"730\" src=\"https:\/\/www.institutpsicologia.cat\/wp-content\/uploads\/2020\/07\/opt_web_FMTE_Innovacio_4-1.jpg\" class=\"attachment-full size-full\" alt=\"Innovaci\u00f3\" srcset=\"https:\/\/www.institutpsicologia.cat\/wp-content\/uploads\/2020\/07\/opt_web_FMTE_Innovacio_4-1.jpg 1000w, https:\/\/www.institutpsicologia.cat\/wp-content\/uploads\/2020\/07\/opt_web_FMTE_Innovacio_4-1-300x219.jpg 300w, https:\/\/www.institutpsicologia.cat\/wp-content\/uploads\/2020\/07\/opt_web_FMTE_Innovacio_4-1-768x561.jpg 768w\" sizes=\"auto, (max-width: 1000px) 100vw, 1000px\" \/>\t\t\t\t\t<p class=\"fotos-txt\">\n\t\t\t\t\t\t\t\n\t\t\t\t\t<\/p>\n\t\t\t\t<\/div>\n\t\t\t\t\t\t\t\t\t\t\t\t<div class=\"fotos-info slick-container\">\n\t\t\t\t\t<h2 class=\"fotos-titol\">\n\t\t\t\t\t\t\t\t\t\t\t<\/h2>\n\t\t\t\t\t<img loading=\"lazy\" decoding=\"async\" width=\"1000\" height=\"730\" src=\"https:\/\/www.institutpsicologia.cat\/wp-content\/uploads\/2020\/07\/opt_web_FMTE_Innovacio_2-1.jpg\" class=\"attachment-full size-full\" alt=\"Innovaci\u00f3\" srcset=\"https:\/\/www.institutpsicologia.cat\/wp-content\/uploads\/2020\/07\/opt_web_FMTE_Innovacio_2-1.jpg 1000w, https:\/\/www.institutpsicologia.cat\/wp-content\/uploads\/2020\/07\/opt_web_FMTE_Innovacio_2-1-300x219.jpg 300w, https:\/\/www.institutpsicologia.cat\/wp-content\/uploads\/2020\/07\/opt_web_FMTE_Innovacio_2-1-768x561.jpg 768w\" sizes=\"auto, (max-width: 1000px) 100vw, 1000px\" \/>\t\t\t\t\t<p class=\"fotos-txt\">\n\t\t\t\t\t\t\t\n\t\t\t\t\t<\/p>\n\t\t\t\t<\/div>\n\t\t\t\t\t    \t\t<\/div>\n\t\t\n\n\t\t<div id=\"videos-block_5f1697f0950f7\" class=\"video-fullscreen slider-videos lazy\">\n\t\t\t\t\t\t\t\t\t\t\t\t<iframe loading=\"lazy\" title=\"La 2a Jornada d&#039;Innovaci\u00f3 Educativa en imatges\" width=\"640\" height=\"360\" src=\"https:\/\/www.youtube.com\/embed\/XmmQwypZQDc?feature=oembed&#038;controls=1&#038;hd=1&#038;autohide=1\" frameborder=\"0\" allow=\"accelerometer; autoplay; clipboard-write; encrypted-media; gyroscope; picture-in-picture; web-share\" referrerpolicy=\"strict-origin-when-cross-origin\" allowfullscreen frameborder=\"0\"><\/iframe>\t\t\t\t\t    \t\t\t<\/div>\n\t\t\n\n   \t<div id=\"\" class=\"row bg-clar ambits lazy\">\n   \t\t<h2 class=\"entry-title\">\u00c1mbitos<\/h2>\n     \t<div class=\"col-md-2 offset-md-1 offset-xxl-2\">\n       \t<div class=\"ambits-txt\">\n          Descubre los<br><strong> 5 ejes singulares<\/strong> que nos definen       \t<\/div>\n     \t<\/div>\n     \t<div class=\"col-md-9 col-xxl-8\">\n        <ul class=\"ambits-links\">\n        \t<li class=\"ambits-link cultura_valors\"><a href=\"https:\/\/fredericmistral-tecniceulalia.cat\/es\/ambitos\/cultura-y-valores\/\">Cultura y valores<\/a><\/li>\n          <li class=\"ambits-link sostenibilitat\"><a href=\"https:\/\/fredericmistral-tecniceulalia.cat\/es\/ambitos\/sostenibilidad\/\">sostenibilidad<\/a><\/li>\n          <li class=\"ambits-link orientacio\"><a href=\"https:\/\/fredericmistral-tecniceulalia.cat\/es\/ambitos\/orientacion-personal-y-academica\/\">Orientaci\u00f3n personal<br>y acad\u00e9mica<\/a><\/li>\n          <li class=\"ambits-link innovacio\"><a href=\"https:\/\/fredericmistral-tecniceulalia.cat\/es\/ambitos\/innovacio\/\">Innovaci\u00f3n<\/a><\/li>\n          <li class=\"ambits-link plurilinguisme\"><a href=\"https:\/\/fredericmistral-tecniceulalia.cat\/es\/ambitos\/plurilinguismo\/\">Pluriling\u00fcismo<\/a><\/li>\n       \t<\/ul>\n     \t<\/div>\n   \t<\/div>\n\n\t","protected":false},"excerpt":{"rendered":"","protected":false},"author":2,"featured_media":0,"parent":3977,"menu_order":0,"comment_status":"closed","ping_status":"closed","template":"","meta":{"_acf_changed":false,"wp_popup_display_lightbox":0,"wp_popup_suppress":"","wp_popup_trigger":"","wp_popup_trigger_amount":0,"wp_popup_disable_on_mobile":false,"_themeisle_gutenberg_block_has_review":false,"footnotes":""},"class_list":["post-3857","page","type-page","status-publish"],"acf":[],"_links":{"self":[{"href":"https:\/\/www.institutpsicologia.cat\/es\/wp-json\/wp\/v2\/pages\/3857","targetHints":{"allow":["GET"]}}],"collection":[{"href":"https:\/\/www.institutpsicologia.cat\/es\/wp-json\/wp\/v2\/pages"}],"about":[{"href":"https:\/\/www.institutpsicologia.cat\/es\/wp-json\/wp\/v2\/types\/page"}],"author":[{"embeddable":true,"href":"https:\/\/www.institutpsicologia.cat\/es\/wp-json\/wp\/v2\/users\/2"}],"replies":[{"embeddable":true,"href":"https:\/\/www.institutpsicologia.cat\/es\/wp-json\/wp\/v2\/comments?post=3857"}],"version-history":[{"count":10,"href":"https:\/\/www.institutpsicologia.cat\/es\/wp-json\/wp\/v2\/pages\/3857\/revisions"}],"predecessor-version":[{"id":5217,"href":"https:\/\/www.institutpsicologia.cat\/es\/wp-json\/wp\/v2\/pages\/3857\/revisions\/5217"}],"up":[{"embeddable":true,"href":"https:\/\/www.institutpsicologia.cat\/es\/wp-json\/wp\/v2\/pages\/3977"}],"wp:attachment":[{"href":"https:\/\/www.institutpsicologia.cat\/es\/wp-json\/wp\/v2\/media?parent=3857"}],"curies":[{"name":"wp","href":"https:\/\/api.w.org\/{rel}","templated":true}]}}