{"id":31053,"date":"2023-09-13T19:19:00","date_gmt":"2023-09-13T18:19:00","guid":{"rendered":"https:\/\/institutpsicologia.cat\/equipo\/victoria-herrera-martinez"},"modified":"2023-12-21T01:27:50","modified_gmt":"2023-12-21T00:27:50","slug":"victoria-herrera-martinez","status":"publish","type":"page","link":"https:\/\/www.institutpsicologia.cat\/es\/equipo\/victoria-herrera-martinez","title":{"rendered":"Victoria Herrera Mart\u00ednez"},"content":{"rendered":"\t<div class=\"grid-container\">\n\t\t<div class=\"text-imatge-full\">\n\t\t\t<div class=\"text-imatge-row row lazy\">\t\t\t\t<div class=\"text-imatge__imatge\">\n\t\t\t\t\t<img loading=\"lazy\" decoding=\"async\" width=\"1000\" height=\"848\" src=\"https:\/\/www.institutpsicologia.cat\/wp-content\/uploads\/2023\/11\/Victoria-Herrera-Centrada-1000x848.png\" class=\"attachment-custom-cuadrat size-custom-cuadrat\" alt=\"\" \/>\t\t\t\t<\/div>\n\t\t\t\t<div class=\"text-imatge__text\">\n\t\t\t\t\t<h2 class=\"titol_bloc\">Victoria Herrera Mart\u00ednez<\/h2>\n\t\t\t\t\t<div class=\"text_bloc\">\n\t\t\t\t\t\t\t<p><strong>Administraci\u00f3n<\/strong><\/p>\n<p>Soy secretaria administrativa de la Fundaci\u00f3n Instituto de Psicolog\u00eda desde el a\u00f1o 2016. Me encargo de la gesti\u00f3n de citas, las agendas de los profesionales y la digitalizaci\u00f3n de las historias cl\u00ednicas, entre otras tareas.<\/p>\n\t\n\t\t\t\t\t<\/div>\n\t\t\t\t\t\t\n\t\t\t\t<\/div>\n\t\t\t<\/div>\n\t\t<\/div>\n\t<\/div>\n\n\n\n<div style=\"height:40px\" aria-hidden=\"true\" class=\"wp-block-spacer\"><\/div>\n\n\n\n<div class=\"wp-block-group\"><div class=\"wp-block-group__inner-container is-layout-constrained wp-block-group-is-layout-constrained\">\n<h3 class=\"wp-block-heading\"><strong>FORMACI\u00d3N Y ACREDITACIONES<\/strong><\/h3>\n\n\n\n<p>M\u00e1ster universitario en Redes Sociales. UOC (2015)<\/p>\n\n\n\n<p>Estudios de Cine. Escuela de Cine de Uruguay (2002)<\/p>\n\n\n\n<p>Analista en Publicidad. Universidad de la Empresa de Uruguay (1999)<\/p>\n\n\n\n<div style=\"height:80px\" aria-hidden=\"true\" class=\"wp-block-spacer\"><\/div>\n<\/div><\/div>\n\n\n\n<div style=\"height:100px\" aria-hidden=\"true\" class=\"wp-block-spacer\"><\/div>\n","protected":false},"excerpt":{"rendered":"<p>FORMACI\u00d3N Y ACREDITACIONES M\u00e1ster universitario en Redes Sociales. UOC (2015) Estudios de Cine. Escuela de Cine de Uruguay (2002) Analista en Publicidad. Universidad de la Empresa &#8230; <a title=\"Victoria Herrera Mart\u00ednez\" class=\"read-more\" href=\"https:\/\/www.institutpsicologia.cat\/es\/equipo\/victoria-herrera-martinez\" aria-label=\"Leer m\u00e1s sobre Victoria Herrera Mart\u00ednez\">Leer m\u00e1s<\/a><\/p>\n","protected":false},"author":1,"featured_media":0,"parent":30991,"menu_order":16,"comment_status":"closed","ping_status":"closed","template":"","meta":{"_acf_changed":false,"wp_popup_display_lightbox":0,"wp_popup_suppress":"","wp_popup_trigger":"","wp_popup_trigger_amount":0,"wp_popup_disable_on_mobile":false,"_themeisle_gutenberg_block_has_review":false,"footnotes":""},"class_list":["post-31053","page","type-page","status-publish"],"acf":[],"_links":{"self":[{"href":"https:\/\/www.institutpsicologia.cat\/es\/wp-json\/wp\/v2\/pages\/31053","targetHints":{"allow":["GET"]}}],"collection":[{"href":"https:\/\/www.institutpsicologia.cat\/es\/wp-json\/wp\/v2\/pages"}],"about":[{"href":"https:\/\/www.institutpsicologia.cat\/es\/wp-json\/wp\/v2\/types\/page"}],"author":[{"embeddable":true,"href":"https:\/\/www.institutpsicologia.cat\/es\/wp-json\/wp\/v2\/users\/1"}],"replies":[{"embeddable":true,"href":"https:\/\/www.institutpsicologia.cat\/es\/wp-json\/wp\/v2\/comments?post=31053"}],"version-history":[{"count":2,"href":"https:\/\/www.institutpsicologia.cat\/es\/wp-json\/wp\/v2\/pages\/31053\/revisions"}],"predecessor-version":[{"id":31055,"href":"https:\/\/www.institutpsicologia.cat\/es\/wp-json\/wp\/v2\/pages\/31053\/revisions\/31055"}],"up":[{"embeddable":true,"href":"https:\/\/www.institutpsicologia.cat\/es\/wp-json\/wp\/v2\/pages\/30991"}],"wp:attachment":[{"href":"https:\/\/www.institutpsicologia.cat\/es\/wp-json\/wp\/v2\/media?parent=31053"}],"curies":[{"name":"wp","href":"https:\/\/api.w.org\/{rel}","templated":true}]}}