{"id":31042,"date":"2023-09-13T19:09:17","date_gmt":"2023-09-13T18:09:17","guid":{"rendered":"https:\/\/institutpsicologia.cat\/equipo\/annabel-ibarz-jordan"},"modified":"2023-12-21T01:22:24","modified_gmt":"2023-12-21T00:22:24","slug":"annabel-ibarz-jordan","status":"publish","type":"page","link":"https:\/\/www.institutpsicologia.cat\/es\/equipo\/annabel-ibarz-jordan","title":{"rendered":"Annabel Ibarz Jordan"},"content":{"rendered":"\t<div class=\"grid-container\">\n\t\t<div class=\"text-imatge-full\">\n\t\t\t<div class=\"text-imatge-row row lazy\">\t\t\t\t<div class=\"text-imatge__imatge\">\n\t\t\t\t\t<img loading=\"lazy\" decoding=\"async\" width=\"1000\" height=\"848\" src=\"https:\/\/www.institutpsicologia.cat\/wp-content\/uploads\/2023\/11\/Annabel-Ibarz-Centrada-1000x848.png\" class=\"attachment-custom-cuadrat size-custom-cuadrat\" alt=\"\" \/>\t\t\t\t<\/div>\n\t\t\t\t<div class=\"text-imatge__text\">\n\t\t\t\t\t<h2 class=\"titol_bloc\">Annabel Ibarz Jordan<\/h2>\n\t\t\t\t\t<div class=\"text_bloc\">\n\t\t\t\t\t\t\t<p><strong>Logopedia y Psicopedagog\u00eda<\/strong><\/p>\n<p>Logopeda y psicopedagoga desde 2007 en la Fundaci\u00f3n Instituto de Psicolog\u00eda, donde coordino los servicios de reeducaciones y logopedias. Diplomada en Formaci\u00f3n del Profesorado y Logopedia por la Universidad Aut\u00f3noma de Barcelona, y licenciada en Psicopedagog\u00eda por la Universidad Oberta de Catalunya.<\/p>\n\t\n\t\t\t\t\t<\/div>\n\t\t\t\t\t\t\n\t\t\t\t<\/div>\n\t\t\t<\/div>\n\t\t<\/div>\n\t<\/div>\n\n\n\n<div style=\"height:40px\" aria-hidden=\"true\" class=\"wp-block-spacer\"><\/div>\n\n\n\n<div class=\"wp-block-group\"><div class=\"wp-block-group__inner-container is-layout-constrained wp-block-group-is-layout-constrained\">\n<p>Tengo amplia experiencia en el \u00e1mbito de la logopedia y la psicopedagog\u00eda. Estoy especializada en la estimulaci\u00f3n del habla, el lenguaje y los trastornos del aprendizaje. Me apasiona ayudar a los ni\u00f1os a comunicarse, mejorar su habla y habilidades comunicativas, y acompa\u00f1arlos en el proceso de aprendizaje. Trabajo de manera conjunta con otros profesionales de la salud, las escuelas y las familias para favorecer que todas las partes actuemos de manera coordinada y creemos entornos estimulantes.<\/p>\n\n\n\n<p>Previamente, hab\u00eda trabajado como logopeda y reeducadora en otros centros donde hab\u00eda tratado con ni\u00f1os con trastornos auditivos, trastornos del aprendizaje, trastornos del lenguaje y del habla.<\/p>\n\n\n\n<div style=\"height:40px\" aria-hidden=\"true\" class=\"wp-block-spacer\"><\/div>\n<\/div><\/div>\n\n\n\n<div class=\"wp-block-group\"><div class=\"wp-block-group__inner-container is-layout-constrained wp-block-group-is-layout-constrained\">\n<h3 class=\"wp-block-heading\"><strong>FORMACI\u00d3N Y ACREDITACIONES<\/strong><\/h3>\n\n\n\n<p>Cursos certificados de Disfon\u00eda (2020); Glifing (2016); PECS (2014-2016); PROMPT (2014); PECS (2013) y TEACCH (2010).<\/p>\n\n\n\n<p>Cursos y talleres de formaci\u00f3n en Tratamiento de la Tartamudez (2020) o La voz en el paciente disf\u00f3nico (2020); TEL o TDL (2020); Evaluaci\u00f3n e intervenci\u00f3n en adolescentes y adultos en los trastornos de la fluidez del habla (2016); Aplicaci\u00f3n del m\u00e9todo Glifing (2016); Evaluaci\u00f3n e intervenci\u00f3n en el trastorno espec\u00edfico del lenguaje (2011); La intervenci\u00f3n en los TEL (2011); Lectura, procesos y dificultades (2010), y talleres de formaci\u00f3n de disfunciones orofaciales (2007).<\/p>\n\n\n\n<p>Licenciada en Psicopedagog\u00eda por la Universidad Oberta de Catalunya (2004).<\/p>\n\n\n\n<p>Posgrado de especialista en Trastornos del Lenguaje y la Audici\u00f3n: Logopeda por la Universidad Aut\u00f3noma de Barcelona (1992).<\/p>\n\n\n\n<p>Diplomada en Profesorado de E.G.B. Especialidad: Educaci\u00f3n Infantil por la Escola Universit\u00e0ria de Mestres de Lleida, Universidad Aut\u00f3noma de Barcelona (1990).<\/p>\n\n\n\n<div style=\"height:80px\" aria-hidden=\"true\" class=\"wp-block-spacer\"><\/div>\n<\/div><\/div>\n\n\n\n<div style=\"height:100px\" aria-hidden=\"true\" class=\"wp-block-spacer\"><\/div>\n","protected":false},"excerpt":{"rendered":"<p>Tengo amplia experiencia en el \u00e1mbito de la logopedia y la psicopedagog\u00eda. Estoy especializada en la estimulaci\u00f3n del habla, el lenguaje y los trastornos del aprendizaje. &#8230; <a title=\"Annabel Ibarz Jordan\" class=\"read-more\" href=\"https:\/\/www.institutpsicologia.cat\/es\/equipo\/annabel-ibarz-jordan\" aria-label=\"Leer m\u00e1s sobre Annabel Ibarz Jordan\">Leer m\u00e1s<\/a><\/p>\n","protected":false},"author":1,"featured_media":0,"parent":30991,"menu_order":12,"comment_status":"closed","ping_status":"closed","template":"","meta":{"_acf_changed":false,"wp_popup_display_lightbox":0,"wp_popup_suppress":"","wp_popup_trigger":"","wp_popup_trigger_amount":0,"wp_popup_disable_on_mobile":false,"_themeisle_gutenberg_block_has_review":false,"footnotes":""},"class_list":["post-31042","page","type-page","status-publish"],"acf":[],"_links":{"self":[{"href":"https:\/\/www.institutpsicologia.cat\/es\/wp-json\/wp\/v2\/pages\/31042","targetHints":{"allow":["GET"]}}],"collection":[{"href":"https:\/\/www.institutpsicologia.cat\/es\/wp-json\/wp\/v2\/pages"}],"about":[{"href":"https:\/\/www.institutpsicologia.cat\/es\/wp-json\/wp\/v2\/types\/page"}],"author":[{"embeddable":true,"href":"https:\/\/www.institutpsicologia.cat\/es\/wp-json\/wp\/v2\/users\/1"}],"replies":[{"embeddable":true,"href":"https:\/\/www.institutpsicologia.cat\/es\/wp-json\/wp\/v2\/comments?post=31042"}],"version-history":[{"count":2,"href":"https:\/\/www.institutpsicologia.cat\/es\/wp-json\/wp\/v2\/pages\/31042\/revisions"}],"predecessor-version":[{"id":31045,"href":"https:\/\/www.institutpsicologia.cat\/es\/wp-json\/wp\/v2\/pages\/31042\/revisions\/31045"}],"up":[{"embeddable":true,"href":"https:\/\/www.institutpsicologia.cat\/es\/wp-json\/wp\/v2\/pages\/30991"}],"wp:attachment":[{"href":"https:\/\/www.institutpsicologia.cat\/es\/wp-json\/wp\/v2\/media?parent=31042"}],"curies":[{"name":"wp","href":"https:\/\/api.w.org\/{rel}","templated":true}]}}