{"id":31038,"date":"2023-09-13T19:06:47","date_gmt":"2023-09-13T18:06:47","guid":{"rendered":"https:\/\/institutpsicologia.cat\/equipo\/rosa-fernandez-valdes-mari"},"modified":"2023-12-21T01:19:49","modified_gmt":"2023-12-21T00:19:49","slug":"rosa-fernandez-valdes-mari","status":"publish","type":"page","link":"https:\/\/www.institutpsicologia.cat\/es\/equipo\/rosa-fernandez-valdes-mari","title":{"rendered":"Rosa Fern\u00e1ndez-Vald\u00e9s Mar\u00ed"},"content":{"rendered":"\t<div class=\"grid-container\">\n\t\t<div class=\"text-imatge-full\">\n\t\t\t<div class=\"text-imatge-row row lazy\">\t\t\t\t<div class=\"text-imatge__imatge\">\n\t\t\t\t\t<img loading=\"lazy\" decoding=\"async\" width=\"1000\" height=\"848\" src=\"https:\/\/www.institutpsicologia.cat\/wp-content\/uploads\/2023\/11\/Rosa-Fernandez-Centrada-1000x848.png\" class=\"attachment-custom-cuadrat size-custom-cuadrat\" alt=\"\" \/>\t\t\t\t<\/div>\n\t\t\t\t<div class=\"text-imatge__text\">\n\t\t\t\t\t<h2 class=\"titol_bloc\">Rosa Fern\u00e1ndez-Vald\u00e9s Mar\u00ed<\/h2>\n\t\t\t\t\t<div class=\"text_bloc\">\n\t\t\t\t\t\t\t<p><strong>Psicolog\u00eda cl\u00ednica<\/strong><\/p>\n<p>Tengo una larga y dilatada experiencia como psic\u00f3loga de adultos, especializada en trastornos emocionales y de la conducta alimentaria. Soy Licenciada en Psicolog\u00eda y M\u00e1ster en Medicina Conductual por la Universidad Aut\u00f3noma de Barcelona.<\/p>\n\t\n\t\t\t\t\t<\/div>\n\t\t\t\t\t\t\n\t\t\t\t<\/div>\n\t\t\t<\/div>\n\t\t<\/div>\n\t<\/div>\n\n\n\n<div style=\"height:40px\" aria-hidden=\"true\" class=\"wp-block-spacer\"><\/div>\n\n\n\n<div class=\"wp-block-group\"><div class=\"wp-block-group__inner-container is-layout-constrained wp-block-group-is-layout-constrained\">\n<p>Comenc\u00e9 mi pr\u00e1ctica profesional en el Servicio de Psiquiatr\u00eda del <em>Hospital Germans Trias i Pujol<\/em> realizando tareas de evaluaci\u00f3n y terapia cognitivo-conductual en adultos. Desde entonces, me he especializado en pacientes con trastornos tanto de la conducta alimentaria como de ansiedad, depresi\u00f3n, de la personalidad o dism\u00f3rfico corporal.<\/p>\n\n\n\n<p>Tambi\u00e9n tengo experiencia docente y he publicado libros y art\u00edculos cient\u00edficos centrados en trastornos de la conducta alimentaria.<\/p>\n\n\n\n<div style=\"height:40px\" aria-hidden=\"true\" class=\"wp-block-spacer\"><\/div>\n<\/div><\/div>\n\n\n\n<div class=\"wp-block-group\"><div class=\"wp-block-group__inner-container is-layout-constrained wp-block-group-is-layout-constrained\">\n<h3 class=\"wp-block-heading\"><strong>FORMACI\u00d3N Y ACREDITACIONES<\/strong><\/h3>\n\n\n\n<p>Formaciones espec\u00edficas en la Aplicaci\u00f3n del Protocolo Unificado para el Tratamiento Transdiagn\u00f3stico de los Trastornos Emocionales (2016) y en Terapia Dial\u00e9ctica Conductual (2019).<\/p>\n\n\n\n<p>Certificaci\u00f3n del Entrenamiento Intensivo en Terapia Dial\u00e9ctica Conductual\u2122 (DBT) organizado por la Fundaci\u00f3n Foro DBT (2018).<\/p>\n\n\n\n<p>Suficiencia investigadora en Psiquiatr\u00eda. Comorbilidad en pacientes con anorexia nerviosa y bulimia nerviosa. Influencia de la comorbilidad en la gravedad del trastorno de la conducta alimentaria (2005).<\/p>\n\n\n\n<p>Cursos de doctorado en Psiquiatr\u00eda y Psicolog\u00eda M\u00e9dica en la Universidad Aut\u00f3noma de Barcelona (1999-2001).<\/p>\n\n\n\n<p>M\u00e1ster universitario en Medicina Conductual en la Universidad Aut\u00f3noma de Barcelona (1998). <\/p>\n\n\n\n<p>Licenciada en Psicolog\u00eda por la Universidad Aut\u00f3noma de Barcelona (1996).<\/p>\n\n\n\n<div style=\"height:80px\" aria-hidden=\"true\" class=\"wp-block-spacer\"><\/div>\n<\/div><\/div>\n\n\n\n<div style=\"height:100px\" aria-hidden=\"true\" class=\"wp-block-spacer\"><\/div>\n","protected":false},"excerpt":{"rendered":"<p>Comenc\u00e9 mi pr\u00e1ctica profesional en el Servicio de Psiquiatr\u00eda del Hospital Germans Trias i Pujol realizando tareas de evaluaci\u00f3n y terapia cognitivo-conductual en adultos. Desde entonces, &#8230; <a title=\"Rosa Fern\u00e1ndez-Vald\u00e9s Mar\u00ed\" class=\"read-more\" href=\"https:\/\/www.institutpsicologia.cat\/es\/equipo\/rosa-fernandez-valdes-mari\" aria-label=\"Leer m\u00e1s sobre Rosa Fern\u00e1ndez-Vald\u00e9s Mar\u00ed\">Leer m\u00e1s<\/a><\/p>\n","protected":false},"author":1,"featured_media":0,"parent":30991,"menu_order":11,"comment_status":"closed","ping_status":"closed","template":"","meta":{"_acf_changed":false,"wp_popup_display_lightbox":0,"wp_popup_suppress":"","wp_popup_trigger":"","wp_popup_trigger_amount":0,"wp_popup_disable_on_mobile":false,"_themeisle_gutenberg_block_has_review":false,"footnotes":""},"class_list":["post-31038","page","type-page","status-publish"],"acf":[],"_links":{"self":[{"href":"https:\/\/www.institutpsicologia.cat\/es\/wp-json\/wp\/v2\/pages\/31038","targetHints":{"allow":["GET"]}}],"collection":[{"href":"https:\/\/www.institutpsicologia.cat\/es\/wp-json\/wp\/v2\/pages"}],"about":[{"href":"https:\/\/www.institutpsicologia.cat\/es\/wp-json\/wp\/v2\/types\/page"}],"author":[{"embeddable":true,"href":"https:\/\/www.institutpsicologia.cat\/es\/wp-json\/wp\/v2\/users\/1"}],"replies":[{"embeddable":true,"href":"https:\/\/www.institutpsicologia.cat\/es\/wp-json\/wp\/v2\/comments?post=31038"}],"version-history":[{"count":2,"href":"https:\/\/www.institutpsicologia.cat\/es\/wp-json\/wp\/v2\/pages\/31038\/revisions"}],"predecessor-version":[{"id":31041,"href":"https:\/\/www.institutpsicologia.cat\/es\/wp-json\/wp\/v2\/pages\/31038\/revisions\/31041"}],"up":[{"embeddable":true,"href":"https:\/\/www.institutpsicologia.cat\/es\/wp-json\/wp\/v2\/pages\/30991"}],"wp:attachment":[{"href":"https:\/\/www.institutpsicologia.cat\/es\/wp-json\/wp\/v2\/media?parent=31038"}],"curies":[{"name":"wp","href":"https:\/\/api.w.org\/{rel}","templated":true}]}}