{"id":31026,"date":"2023-09-13T18:53:38","date_gmt":"2023-09-13T17:53:38","guid":{"rendered":"https:\/\/institutpsicologia.cat\/equipo\/mireia-sala-casal"},"modified":"2023-12-21T01:12:09","modified_gmt":"2023-12-21T00:12:09","slug":"mireia-sala-casal","status":"publish","type":"page","link":"https:\/\/www.institutpsicologia.cat\/es\/equipo\/mireia-sala-casal","title":{"rendered":"Mireia Sala Casal"},"content":{"rendered":"\t<div class=\"grid-container\">\n\t\t<div class=\"text-imatge-full\">\n\t\t\t<div class=\"text-imatge-row row lazy\">\t\t\t\t<div class=\"text-imatge__imatge\">\n\t\t\t\t\t<img loading=\"lazy\" decoding=\"async\" width=\"1000\" height=\"848\" src=\"https:\/\/www.institutpsicologia.cat\/wp-content\/uploads\/2023\/11\/Mireia-Sala-Centrada-1000x848.png\" class=\"attachment-custom-cuadrat size-custom-cuadrat\" alt=\"\" \/>\t\t\t\t<\/div>\n\t\t\t\t<div class=\"text-imatge__text\">\n\t\t\t\t\t<h2 class=\"titol_bloc\">Mireia Sala Casal<\/h2>\n\t\t\t\t\t<div class=\"text_bloc\">\n\t\t\t\t\t\t\t<p><strong>Psicolog\u00eda cl\u00ednica<\/strong><\/p>\n<p>Psic\u00f3loga sanitaria especializada en trastornos del aprendizaje, trastorno por d\u00e9ficit de atenci\u00f3n con hiperactividad (TDAH), trastornos de conducta, trastorno del espectro alcoh\u00f3lico fetal (TEAF) y trastorno del espectro autista (TEA) en ni\u00f1os, j\u00f3venes, adultos y sus familias.<\/p>\n\t\n\t\t\t\t\t<\/div>\n\t\t\t\t\t\t\n\t\t\t\t<\/div>\n\t\t\t<\/div>\n\t\t<\/div>\n\t<\/div>\n\n\n\n<div style=\"height:40px\" aria-hidden=\"true\" class=\"wp-block-spacer\"><\/div>\n\n\n\n<div class=\"wp-block-group\"><div class=\"wp-block-group__inner-container is-layout-constrained wp-block-group-is-layout-constrained\">\n<p>Dispongo de una amplia experiencia en el tratamiento, seguimiento y valoraci\u00f3n de programas individuales y grupales de atenci\u00f3n psicol\u00f3gica para ni\u00f1os, j\u00f3venes y adultos. Adem\u00e1s, brindo asesoramiento, seguimiento y formaci\u00f3n a familias, profesorado y alumnos de centros educativos. Tambi\u00e9n tengo experiencia en la organizaci\u00f3n, gesti\u00f3n y coordinaci\u00f3n de grupos de habilidades comunicativas y socioemocionales, as\u00ed como en actividades y estancias de ocio terap\u00e9utico dirigidas a ni\u00f1os, adolescentes y adultos con TEA.<\/p>\n\n\n\n<p>Antes de formar parte del equipo del Instituto de Psicolog\u00eda, trabaj\u00e9 durante m\u00e1s de 10 a\u00f1os en centros de atenci\u00f3n psicol\u00f3gica como psic\u00f3loga sanitaria, reeducadora psicopedag\u00f3gica y tambi\u00e9n como cuidadora de ni\u00f1os y adolescentes con TEA y espina b\u00edfida.<\/p>\n<\/div><\/div>\n\n\n\n<div style=\"height:40px\" aria-hidden=\"true\" class=\"wp-block-spacer\"><\/div>\n\n\n\n<div class=\"wp-block-group\"><div class=\"wp-block-group__inner-container is-layout-constrained wp-block-group-is-layout-constrained\">\n<h3 class=\"wp-block-heading\"><strong>FORMACI\u00d3N Y ACREDITACIONES<\/strong><\/h3>\n\n\n\n<p>Acreditaci\u00f3n cl\u00ednica ADOS-2. IGAIN (2021)<\/p>\n\n\n\n<p>Jornada Internacional de formaci\u00f3n sobre el Trastorno del espectro autista (TEA) en la adolescencia y la edad adulta. Asociaci\u00f3n TEA Vall\u00e8s (2019)<\/p>\n\n\n\n<p>Formaciones espec\u00edficas en TDAH: Tratamientos del TDAH y sus implicaciones actuales sociales, escolares y familiares, intervenci\u00f3n cognitivo-conductual y farmacol\u00f3gica del TDAH. Colegio Oficial de Psic\u00f3logos (2013-2018).<\/p>\n\n\n\n<p>Formaciones espec\u00edficas en TEA. Asociaci\u00f3n TEA Vall\u00e8s (2013-2017)<\/p>\n\n\n\n<p>M\u00e1ster universitario en Psicolog\u00eda Cl\u00ednica y de la Salud. Instituto Superior Estudios Psicol\u00f3gicos (2013)<\/p>\n\n\n\n<p>Curso sobre Pensamiento Social a cargo de Michelle Garcia Winner (2013)<\/p>\n\n\n\n<p>Formaci\u00f3n espec\u00edfica en TDAH: Las reeducaciones psicopedag\u00f3gicas desde el abordaje cognitivo-conductual. Gesti\u00f3n de conflictos en el aula: ni\u00f1os y adolescentes con comportamiento dif\u00edcil. Curso cl\u00ednico sobre el TDAH: evaluaci\u00f3n, diagn\u00f3stico y plan terap\u00e9utico. Fundaci\u00f3n Adana (2012)<\/p>\n\n\n\n<p>Licenciatura en Psicolog\u00eda. Universidad Aut\u00f3noma de Barcelona (2012)<\/p>\n\n\n\n<div style=\"height:80px\" aria-hidden=\"true\" class=\"wp-block-spacer\"><\/div>\n<\/div><\/div>\n\n\n\n<div style=\"height:100px\" aria-hidden=\"true\" class=\"wp-block-spacer\"><\/div>\n","protected":false},"excerpt":{"rendered":"<p>Dispongo de una amplia experiencia en el tratamiento, seguimiento y valoraci\u00f3n de programas individuales y grupales de atenci\u00f3n psicol\u00f3gica para ni\u00f1os, j\u00f3venes y adultos. Adem\u00e1s, brindo &#8230; <a title=\"Mireia Sala Casal\" class=\"read-more\" href=\"https:\/\/www.institutpsicologia.cat\/es\/equipo\/mireia-sala-casal\" aria-label=\"Leer m\u00e1s sobre Mireia Sala Casal\">Leer m\u00e1s<\/a><\/p>\n","protected":false},"author":1,"featured_media":0,"parent":30991,"menu_order":6,"comment_status":"closed","ping_status":"closed","template":"","meta":{"_acf_changed":false,"wp_popup_display_lightbox":0,"wp_popup_suppress":"","wp_popup_trigger":"","wp_popup_trigger_amount":0,"wp_popup_disable_on_mobile":false,"_themeisle_gutenberg_block_has_review":false,"footnotes":""},"class_list":["post-31026","page","type-page","status-publish"],"acf":[],"_links":{"self":[{"href":"https:\/\/www.institutpsicologia.cat\/es\/wp-json\/wp\/v2\/pages\/31026","targetHints":{"allow":["GET"]}}],"collection":[{"href":"https:\/\/www.institutpsicologia.cat\/es\/wp-json\/wp\/v2\/pages"}],"about":[{"href":"https:\/\/www.institutpsicologia.cat\/es\/wp-json\/wp\/v2\/types\/page"}],"author":[{"embeddable":true,"href":"https:\/\/www.institutpsicologia.cat\/es\/wp-json\/wp\/v2\/users\/1"}],"replies":[{"embeddable":true,"href":"https:\/\/www.institutpsicologia.cat\/es\/wp-json\/wp\/v2\/comments?post=31026"}],"version-history":[{"count":2,"href":"https:\/\/www.institutpsicologia.cat\/es\/wp-json\/wp\/v2\/pages\/31026\/revisions"}],"predecessor-version":[{"id":31029,"href":"https:\/\/www.institutpsicologia.cat\/es\/wp-json\/wp\/v2\/pages\/31026\/revisions\/31029"}],"up":[{"embeddable":true,"href":"https:\/\/www.institutpsicologia.cat\/es\/wp-json\/wp\/v2\/pages\/30991"}],"wp:attachment":[{"href":"https:\/\/www.institutpsicologia.cat\/es\/wp-json\/wp\/v2\/media?parent=31026"}],"curies":[{"name":"wp","href":"https:\/\/api.w.org\/{rel}","templated":true}]}}