{"id":31018,"date":"2023-09-13T18:56:10","date_gmt":"2023-09-13T17:56:10","guid":{"rendered":"https:\/\/institutpsicologia.cat\/equipo\/claudia-manuel-braojos"},"modified":"2023-12-21T01:07:26","modified_gmt":"2023-12-21T00:07:26","slug":"claudia-manuel-braojos","status":"publish","type":"page","link":"https:\/\/www.institutpsicologia.cat\/es\/equipo\/claudia-manuel-braojos","title":{"rendered":"Cl\u00e0udia Manuel Braojos"},"content":{"rendered":"\t<div class=\"grid-container\">\n\t\t<div class=\"text-imatge-full\">\n\t\t\t<div class=\"text-imatge-row row lazy\">\t\t\t\t<div class=\"text-imatge__imatge\">\n\t\t\t\t\t<img loading=\"lazy\" decoding=\"async\" width=\"1000\" height=\"899\" src=\"https:\/\/www.institutpsicologia.cat\/wp-content\/uploads\/2023\/11\/Claudia-Manuel-Centrada-1000x899.png\" class=\"attachment-custom-cuadrat size-custom-cuadrat\" alt=\"\" \/>\t\t\t\t<\/div>\n\t\t\t\t<div class=\"text-imatge__text\">\n\t\t\t\t\t<h2 class=\"titol_bloc\">Cl\u00e0udia Manuel Braojos<\/h2>\n\t\t\t\t\t<div class=\"text_bloc\">\n\t\t\t\t\t\t\t<p><strong>Psicolog\u00eda cl\u00ednica<\/strong><\/p>\n<p>Psic\u00f3loga sanitaria infantojuvenil con amplia experiencia en el \u00e1mbito de la psicopatolog\u00eda infantil y especializada en el trastorno del espectro autista (TEA). Despu\u00e9s de graduarme en Psicolog\u00eda en la Universidad Ramon Llull, inici\u00e9 la especializaci\u00f3n con el Posgrado Autismo: Diagn\u00f3stico e Intervenci\u00f3n de la Universidad de Barcelona del cual he ido cursando las diversas actualizaciones. Posteriormente, he realizado formaciones en herramientas espec\u00edficas de evaluaci\u00f3n (ADI-R y el ADOS-2) y m\u00e9todos de intervenci\u00f3n (m\u00e9todo TEACCH, Denver, funciones ejecutivas, pragm\u00e1tica del lenguaje, etc.).<\/p>\n\t\n\t\t\t\t\t<\/div>\n\t\t\t\t\t\t\n\t\t\t\t<\/div>\n\t\t\t<\/div>\n\t\t<\/div>\n\t<\/div>\n\n\n\n<div style=\"height:40px\" aria-hidden=\"true\" class=\"wp-block-spacer\"><\/div>\n\n\n\n<div class=\"wp-block-group\"><div class=\"wp-block-group__inner-container is-layout-constrained wp-block-group-is-layout-constrained\">\n<p>Mi inter\u00e9s por la infancia y la adolescencia me ha llevado a asistir a congresos y cursos con el objetivo de mantenerme actualizada y en constante evoluci\u00f3n. Adem\u00e1s, me he formado en la atenci\u00f3n a la primera infancia y en el asesoramiento y trabajo con las familias.<\/p>\n\n\n\n<p>He coordinado servicios de atenci\u00f3n a las personas con autismo, trastornos del neurodesarrollo y de comportamiento. Realizo talleres y charlas sobre crianza, nuevas tecnolog\u00edas y gesti\u00f3n emocional a j\u00f3venes, familias y equipos educativos.<\/p>\n<\/div><\/div>\n\n\n\n<div style=\"height:40px\" aria-hidden=\"true\" class=\"wp-block-spacer\"><\/div>\n\n\n\n<div class=\"wp-block-group\"><div class=\"wp-block-group__inner-container is-layout-constrained wp-block-group-is-layout-constrained\">\n<h3 class=\"wp-block-heading\"><strong>FORMACI\u00d3N Y ACREDITACIONES<\/strong><\/h3>\n\n\n\n<p>Curso de expertos en Actualizaci\u00f3n en Autismo. Universidad de Barcelona (2023)<\/p>\n\n\n\n<p>M\u00e1ster universitario en Psicolog\u00eda General Sanitaria. UNIR (2021)<\/p>\n\n\n\n<p>Posgrado en Intervenci\u00f3n en Atenci\u00f3n Temprana: Primera Infancia y Familia. Instituto de formaci\u00f3n continua IL3. Universidad de Barcelona (2018)<\/p>\n\n\n\n<p>Posgrado en Autismo: Diagn\u00f3stico e Intervenci\u00f3n. Universidad de Barcelona (2017)<\/p>\n\n\n\n<p>Grado en Psicolog\u00eda, menci\u00f3n en Psicolog\u00eda de la Salud. Universidad Ramon Llull (2016)<\/p>\n\n\n\n<p>Acreditaciones en la actualizaci\u00f3n del ADOS-2, la escala de observaci\u00f3n para el diagn\u00f3stico del Autismo-2 (2017) y en la <em>Autism Diagnostic Interview-Revised<\/em> (ADI-R) (2017)<\/p>\n\n\n\n<p>Formaci\u00f3n en m\u00e9todo TEACCH (2017), comunicaci\u00f3n y lenguaje en ni\u00f1os no verbales (2017), TDAH (2018), funciones ejecutivas (2019), pragm\u00e1tica del lenguaje (2019), estrategias de intervenci\u00f3n de gesti\u00f3n emocional en ni\u00f1os (2022) y curso de intervenci\u00f3n temprana naturalista: principios y estrategias basadas en el Modelo Denver (2019)<\/p>\n\n\n\n<div style=\"height:80px\" aria-hidden=\"true\" class=\"wp-block-spacer\"><\/div>\n\n\n\n<div style=\"height:100px\" aria-hidden=\"true\" class=\"wp-block-spacer\"><\/div>\n<\/div><\/div>\n","protected":false},"excerpt":{"rendered":"<p>Mi inter\u00e9s por la infancia y la adolescencia me ha llevado a asistir a congresos y cursos con el objetivo de mantenerme actualizada y en constante &#8230; <a title=\"Cl\u00e0udia Manuel Braojos\" class=\"read-more\" href=\"https:\/\/www.institutpsicologia.cat\/es\/equipo\/claudia-manuel-braojos\" aria-label=\"Leer m\u00e1s sobre Cl\u00e0udia Manuel Braojos\">Leer m\u00e1s<\/a><\/p>\n","protected":false},"author":1,"featured_media":0,"parent":30991,"menu_order":7,"comment_status":"closed","ping_status":"closed","template":"","meta":{"_acf_changed":false,"wp_popup_display_lightbox":0,"wp_popup_suppress":"","wp_popup_trigger":"","wp_popup_trigger_amount":0,"wp_popup_disable_on_mobile":false,"_themeisle_gutenberg_block_has_review":false,"footnotes":""},"class_list":["post-31018","page","type-page","status-publish"],"acf":[],"_links":{"self":[{"href":"https:\/\/www.institutpsicologia.cat\/es\/wp-json\/wp\/v2\/pages\/31018","targetHints":{"allow":["GET"]}}],"collection":[{"href":"https:\/\/www.institutpsicologia.cat\/es\/wp-json\/wp\/v2\/pages"}],"about":[{"href":"https:\/\/www.institutpsicologia.cat\/es\/wp-json\/wp\/v2\/types\/page"}],"author":[{"embeddable":true,"href":"https:\/\/www.institutpsicologia.cat\/es\/wp-json\/wp\/v2\/users\/1"}],"replies":[{"embeddable":true,"href":"https:\/\/www.institutpsicologia.cat\/es\/wp-json\/wp\/v2\/comments?post=31018"}],"version-history":[{"count":2,"href":"https:\/\/www.institutpsicologia.cat\/es\/wp-json\/wp\/v2\/pages\/31018\/revisions"}],"predecessor-version":[{"id":31021,"href":"https:\/\/www.institutpsicologia.cat\/es\/wp-json\/wp\/v2\/pages\/31018\/revisions\/31021"}],"up":[{"embeddable":true,"href":"https:\/\/www.institutpsicologia.cat\/es\/wp-json\/wp\/v2\/pages\/30991"}],"wp:attachment":[{"href":"https:\/\/www.institutpsicologia.cat\/es\/wp-json\/wp\/v2\/media?parent=31018"}],"curies":[{"name":"wp","href":"https:\/\/api.w.org\/{rel}","templated":true}]}}