{"id":30955,"date":"2023-09-15T10:07:44","date_gmt":"2023-09-15T09:07:44","guid":{"rendered":"https:\/\/institutpsicologia.cat\/adultos\/tea-en-adults"},"modified":"2023-12-20T21:15:06","modified_gmt":"2023-12-20T20:15:06","slug":"tea-en-adultos","status":"publish","type":"page","link":"https:\/\/www.institutpsicologia.cat\/es\/adultos\/tea-en-adultos","title":{"rendered":"TEA en adultos"},"content":{"rendered":"\n\t<div id=\"cabecerainterior-block_6bf2e45d24bc409242fa0d6bfd9c2767\" class=\"cabecerainterior lazy\">\n\t\t<div class=\"cabint-image\">\n\t\t\t<img decoding=\"async\" src=\"https:\/\/www.institutpsicologia.cat\/wp-content\/uploads\/2023\/09\/3.4-ADULTS-tea2.jpg\" alt=\"\">\n\t\t<\/div>\n\t\t<div class=\"cabint-info\">\n\t\t\t<h1 class=\"cabint-info__titol\">\n\t\t\t\tTEA en adultos\t\t\t<\/h1>\n\t\t<\/div>\n\t<\/div>\n\n\t\n\n\t<div iid=\"text-block_d1a4d9ceea292d87b848a1406d211595\" class=\"text-simple lazy\">    <div class=\"grid-container\">\n      <!-- Item -->\n      <div class=\"text-simple__text\">\n        <h2 class=\"titol_bloc\"><\/h2>\n      \t<div class=\"text_bloc\">\n        \t<p>El Trastorno del Espectro Autista (TEA) es un trastorno del neurodesarrollo que persiste a lo largo de la vida. La nueva conceptualizaci\u00f3n de los TEA, entendida como un espectro amplio y diverso de personas que \u00fanicamente comparten las dificultades de comunicaci\u00f3n e interacci\u00f3n social, as\u00ed como la presencia de conductas repetitivas e intereses restringidos, ha hecho que, hasta hace unos a\u00f1os, muchos casos sutiles pasaran desapercibidos. Aun as\u00ed, estas personas tambi\u00e9n experimentan las dificultades asociadas con tener un funcionamiento cerebral y social diverso y diferente al perfil neurot\u00edpico.<\/p>\n<p>Tradicionalmente, solo los psic\u00f3logos infantiles han tratado a personas con autismo. Para muchos psic\u00f3logos de adultos, estos trastornos son relativamente poco conocidos. Por ello, en la actualidad, se necesitan servicios de psicolog\u00eda y psiquiatr\u00eda de adultos especializados en el diagn\u00f3stico y tratamiento de adultos con Trastorno del Espectro Autista (TEA) que tienen las necesidades espec\u00edficas de la vida adulta.<\/p>\n<p>En la Fundaci\u00f3n Instituto de Psicolog\u00eda tenemos profesionales ampliamente especializados en el Trastorno del Espectro Autista (TEA) a lo largo del ciclo vital que pueden ayudarte a descubrir si tus caracter\u00edsticas se corresponden con las de las personas del espectro del autismo y pueden brindarte apoyo en diferentes \u00e1reas de la vida, ya sea a nivel laboral, social o en el manejo de las relaciones afectivas, la sexualidad o el ocio, entre otros.<\/p>\n      \t<\/div>\n     \t<\/div>\n      <!-- .\/ Item -->\n    <\/div>\n  <\/div>\n\n\t","protected":false},"excerpt":{"rendered":"","protected":false},"author":1,"featured_media":0,"parent":30943,"menu_order":4,"comment_status":"closed","ping_status":"closed","template":"","meta":{"_acf_changed":false,"wp_popup_display_lightbox":0,"wp_popup_suppress":"","wp_popup_trigger":"","wp_popup_trigger_amount":0,"wp_popup_disable_on_mobile":false,"_themeisle_gutenberg_block_has_review":false,"footnotes":""},"class_list":["post-30955","page","type-page","status-publish"],"acf":[],"_links":{"self":[{"href":"https:\/\/www.institutpsicologia.cat\/es\/wp-json\/wp\/v2\/pages\/30955","targetHints":{"allow":["GET"]}}],"collection":[{"href":"https:\/\/www.institutpsicologia.cat\/es\/wp-json\/wp\/v2\/pages"}],"about":[{"href":"https:\/\/www.institutpsicologia.cat\/es\/wp-json\/wp\/v2\/types\/page"}],"author":[{"embeddable":true,"href":"https:\/\/www.institutpsicologia.cat\/es\/wp-json\/wp\/v2\/users\/1"}],"replies":[{"embeddable":true,"href":"https:\/\/www.institutpsicologia.cat\/es\/wp-json\/wp\/v2\/comments?post=30955"}],"version-history":[{"count":2,"href":"https:\/\/www.institutpsicologia.cat\/es\/wp-json\/wp\/v2\/pages\/30955\/revisions"}],"predecessor-version":[{"id":30957,"href":"https:\/\/www.institutpsicologia.cat\/es\/wp-json\/wp\/v2\/pages\/30955\/revisions\/30957"}],"up":[{"embeddable":true,"href":"https:\/\/www.institutpsicologia.cat\/es\/wp-json\/wp\/v2\/pages\/30943"}],"wp:attachment":[{"href":"https:\/\/www.institutpsicologia.cat\/es\/wp-json\/wp\/v2\/media?parent=30955"}],"curies":[{"name":"wp","href":"https:\/\/api.w.org\/{rel}","templated":true}]}}