{"id":30921,"date":"2023-09-14T19:01:24","date_gmt":"2023-09-14T18:01:24","guid":{"rendered":"https:\/\/institutpsicologia.cat\/ninos-y-adolescentes\/alteracions-de-conducta"},"modified":"2023-12-20T20:19:19","modified_gmt":"2023-12-20T19:19:19","slug":"alteraciones-de-conducta","status":"publish","type":"page","link":"https:\/\/www.institutpsicologia.cat\/es\/ninos-y-adolescentes\/alteraciones-de-conducta","title":{"rendered":"Alteraciones de conducta"},"content":{"rendered":"\n\t<div id=\"cabecerainterior-block_5a28ea4898508b80488d1e1f695f57ed\" class=\"cabecerainterior lazy\">\n\t\t<div class=\"cabint-image\">\n\t\t\t<img decoding=\"async\" src=\"https:\/\/www.institutpsicologia.cat\/wp-content\/uploads\/2023\/11\/INFANTS-conducta.jpg\" alt=\"\">\n\t\t<\/div>\n\t\t<div class=\"cabint-info\">\n\t\t\t<h1 class=\"cabint-info__titol\">\n\t\t\t\tAlteraciones de conducta\t\t\t<\/h1>\n\t\t<\/div>\n\t<\/div>\n\n\t\n\n\t<div iid=\"text-block_7c82c360fbb0328a8ef797e1a044a8d6\" class=\"text-simple lazy\">    <div class=\"grid-container\">\n      <!-- Item -->\n      <div class=\"text-simple__text\">\n        <h2 class=\"titol_bloc\"><\/h2>\n      \t<div class=\"text_bloc\">\n        \t<p>Las alteraciones conductuales suponen un estr\u00e9s importante para las familias y son un factor de riesgo para el desarrollo normativo de ni\u00f1os y j\u00f3venes.<\/p>\n<p>Existen diferentes momentos evolutivos -entre los 2 y los 3 a\u00f1os y en la adolescencia- que se caracterizan por la presencia de conductas desafiantes y de desobediencia. En ocasiones, la gravedad de las alteraciones del comportamiento, la frecuencia y la intensidad de las conductas perturbadoras hacen que la gesti\u00f3n de estos ni\u00f1os y j\u00f3venes sea realmente dif\u00edcil. Ponen a prueba la capacidad parental de la familia y requieren de una intervenci\u00f3n especializada que asesore y gu\u00ede a padres y madres en la intervenci\u00f3n educativa. Paralelamente, es necesario ayudar a los hijos e hijas a autocontrolarse, gestionar sus emociones y mejorar su conducta.<\/p>\n<p>A menudo, estos ni\u00f1os y adolescentes son etiquetados como mal educados y las familias sufren la incomprensi\u00f3n del entorno. Los estudios y la investigaci\u00f3n constatan que existen trastornos conductuales que no dependen \u00fanicamente del sentido com\u00fan a la hora de educar. En cambio, se relacionan con temperamentos dif\u00edciles de manejar que se presentan en forma de Trastorno Negativista Desafiante o Trastornos de Conducta, en los cuales es imprescindible una intervenci\u00f3n temprana que dificulte la progresi\u00f3n hacia conductas delictivas, consumos de sustancias problem\u00e1ticos o trastornos de personalidad antisocial.<\/p>\n<p>La Fundaci\u00f3n Instituto de Psicolog\u00eda ha colaborado en diversos proyectos de investigaci\u00f3n que han estudiado las trayectorias evolutivas de estos ni\u00f1os y ni\u00f1as y los tratamientos m\u00e1s adecuados. Estamos especializados, por lo tanto, en ayudar a las familias y a sus hijos e hijas a mejorar la conducta.<\/p>\n      \t<\/div>\n     \t<\/div>\n      <!-- .\/ Item -->\n    <\/div>\n  <\/div>\n\n\t","protected":false},"excerpt":{"rendered":"","protected":false},"author":1,"featured_media":0,"parent":30902,"menu_order":4,"comment_status":"closed","ping_status":"closed","template":"","meta":{"_acf_changed":false,"wp_popup_display_lightbox":0,"wp_popup_suppress":"","wp_popup_trigger":"","wp_popup_trigger_amount":0,"wp_popup_disable_on_mobile":false,"_themeisle_gutenberg_block_has_review":false,"footnotes":""},"class_list":["post-30921","page","type-page","status-publish"],"acf":[],"_links":{"self":[{"href":"https:\/\/www.institutpsicologia.cat\/es\/wp-json\/wp\/v2\/pages\/30921","targetHints":{"allow":["GET"]}}],"collection":[{"href":"https:\/\/www.institutpsicologia.cat\/es\/wp-json\/wp\/v2\/pages"}],"about":[{"href":"https:\/\/www.institutpsicologia.cat\/es\/wp-json\/wp\/v2\/types\/page"}],"author":[{"embeddable":true,"href":"https:\/\/www.institutpsicologia.cat\/es\/wp-json\/wp\/v2\/users\/1"}],"replies":[{"embeddable":true,"href":"https:\/\/www.institutpsicologia.cat\/es\/wp-json\/wp\/v2\/comments?post=30921"}],"version-history":[{"count":2,"href":"https:\/\/www.institutpsicologia.cat\/es\/wp-json\/wp\/v2\/pages\/30921\/revisions"}],"predecessor-version":[{"id":30923,"href":"https:\/\/www.institutpsicologia.cat\/es\/wp-json\/wp\/v2\/pages\/30921\/revisions\/30923"}],"up":[{"embeddable":true,"href":"https:\/\/www.institutpsicologia.cat\/es\/wp-json\/wp\/v2\/pages\/30902"}],"wp:attachment":[{"href":"https:\/\/www.institutpsicologia.cat\/es\/wp-json\/wp\/v2\/media?parent=30921"}],"curies":[{"name":"wp","href":"https:\/\/api.w.org\/{rel}","templated":true}]}}