{"id":30843,"date":"2023-09-08T13:08:26","date_gmt":"2023-09-08T12:08:26","guid":{"rendered":"https:\/\/institutpsicologia.cat\/fundacio"},"modified":"2023-12-19T00:55:48","modified_gmt":"2023-12-18T23:55:48","slug":"fundacion","status":"publish","type":"page","link":"https:\/\/www.institutpsicologia.cat\/es\/fundacion","title":{"rendered":"La Fundaci\u00f3n"},"content":{"rendered":"\n\t<div id=\"cabecerainterior-block_c59274611c0da6b2910699f28ea9d5db\" class=\"cabecerainterior lazy\">\n\t\t<div class=\"cabint-image\">\n\t\t\t<img decoding=\"async\" src=\"https:\/\/www.institutpsicologia.cat\/wp-content\/uploads\/2023\/11\/fundacio-1-e1699556629795.jpg\" alt=\"\">\n\t\t<\/div>\n\t\t<div class=\"cabint-info\">\n\t\t\t<h1 class=\"cabint-info__titol\">\n\t\t\t\tLa Fundaci\u00f3n\t\t\t<\/h1>\n\t\t<\/div>\n\t<\/div>\n\n\t\n\n\t<div id=\"textodestacado-block_549be854df101b3b2a3b81eceacaaebf\" class=\"text-destacat lazy\">\t\t<div class=\"grid-container\">\n\t\t\t<!-- Item -->\n        <div class=\"text-destacat__text\">\n\t\t\t\t\t<h2 class=\"titol_bloc\"><\/h2>\n\t\t\t\t\t<div class=\"text_bloc\">\n\t\t\t\t\t\t<p>La b\u00fasqueda del bienestar nos caracteriza como personas. Para conseguirlo es necesario desarrollar estrategias que nos permitan encontrar el equilibrio personal y aprovechar las oportunidades que se nos presentan.<\/p>\n\t\t\t\t\t<\/div>\n\t\t\t\t<\/div>\n\t\t\t<!-- .\/ Item -->\t\n\t\t<\/div>\n\t<\/div>\n\n\t\n\n\n<div class=\"wp-block-group alignfull\"><div class=\"wp-block-group__inner-container is-layout-constrained wp-block-group-is-layout-constrained\">\t<div id=\"text-block_a31bd19dd466e8436a95d8fd5339ceab\" class=\"text-simple bg-ultra_clar lazy\">    <div class=\"grid-container\">\n      <!-- Item -->\n      <div class=\"text-simple__text\">\n        <h2 class=\"titol_bloc\"><\/h2>\n      \t<div class=\"text_bloc\">\n        \t<p>En la Fundaci\u00f3n Instituto de Psicolog\u00eda (FIP) nos preocupamos por las personas en cada momento de su ciclo vital. Nuestra voluntad es ayudar a la estabilidad emocional, acompa\u00f1ar a las personas en los procesos de cambio, ofrecer tratamientos eficaces para los trastornos psicol\u00f3gicos\/psiqui\u00e1tricos, extendiendo una mano profesional y cercana que facilite la superaci\u00f3n de las dificultades.<\/p>\n<p>Tenemos un conocimiento profundo de las diferentes etapas de la vida \u2013infancia, adolescencia y adultez\u2013, sus caracter\u00edsticas y necesidades, y las herramientas adecuadas para proporcionar el apoyo necesario para superar los obst\u00e1culos y ayudar al desarrollo personal.<\/p>\n<p>Por eso, en la Fundaci\u00f3n Instituto de Psicolog\u00eda ofrecemos servicios de psicoterapia, psiquiatr\u00eda, psicopedagog\u00eda, logopedia y neuropsicolog\u00eda, presenciales en la sede de Barcelona y en l\u00ednea desde donde est\u00e9s. Nuestro equipo de profesionales te acompa\u00f1a con una atenci\u00f3n personalizada basada en la evidencia cient\u00edfica para ayudarte y mejorar tu bienestar psicol\u00f3gico.<\/p>\n      \t<\/div>\n     \t<\/div>\n      <!-- .\/ Item -->\n    <\/div>\n  <\/div>\n\n\t<\/div><\/div>\n\n\n\n<div class=\"wp-block-group o-sticky o-sticky-scope-main-area o-sticky-pos-top o-sticky-bhvr-keep ticss-5351f22a\"><div class=\"wp-block-group__inner-container is-layout-constrained wp-block-group-is-layout-constrained\">\n<h2 class=\"wp-block-heading ticss-d0dc8716 has-accent-2-color has-text-color\">#CuentaConNosotros<\/h2>\n<\/div><\/div>\n\n\n\t<div class=\"grid-container\">\n\t\t<div class=\"text-imatge-full\">\n\t\t\t<div class=\"text-imatge-row row lazy\">\t\t\t\t<div class=\"text-imatge__imatge\">\n\t\t\t\t\t<img loading=\"lazy\" decoding=\"async\" width=\"1000\" height=\"1000\" src=\"https:\/\/www.institutpsicologia.cat\/wp-content\/uploads\/2023\/10\/historia-1000x1000.jpg\" class=\"attachment-custom-cuadrat size-custom-cuadrat\" alt=\"\" srcset=\"https:\/\/www.institutpsicologia.cat\/wp-content\/uploads\/2023\/10\/historia-1000x1000.jpg 1000w, https:\/\/www.institutpsicologia.cat\/wp-content\/uploads\/2023\/10\/historia-300x300.jpg 300w, https:\/\/www.institutpsicologia.cat\/wp-content\/uploads\/2023\/10\/historia-100x100.jpg 100w, https:\/\/www.institutpsicologia.cat\/wp-content\/uploads\/2023\/10\/historia-150x150.jpg 150w, https:\/\/www.institutpsicologia.cat\/wp-content\/uploads\/2023\/10\/historia-800x800.jpg 800w\" sizes=\"auto, (max-width: 1000px) 100vw, 1000px\" \/>\t\t\t\t<\/div>\n\t\t\t\t<div class=\"text-imatge__text\">\n\t\t\t\t\t<h2 class=\"titol_bloc\">Historia<\/h2>\n\t\t\t\t\t<div class=\"text_bloc\">\n\t\t\t\t\t\t\t<p>La Fundaci\u00f3n Instituto de Psicolog\u00eda se cre\u00f3 en el a\u00f1o 2006. Somos una instituci\u00f3n sin \u00e1nimo de lucro, que nace impulsada por la Fundaci\u00f3n Collserola con el prop\u00f3sito de crear sinergias entre el mundo de la pedagog\u00eda y el de la psicolog\u00eda para ayudar a los ni\u00f1os, los adolescentes, los adultos y sus familias. Con el tiempo, se ha consolidado como un centro sanitario de atenci\u00f3n psicol\u00f3gica de referencia que ofrece apoyo a las personas a lo largo de todo el ciclo vital, desde las primeras etapas del desarrollo hasta la edad adulta.<\/p>\n<p>Constamos en el Registro de Centros, Servicios y Establecimientos Sanitarios del Departamento de Salud (E08582687) como centro sanitario polivalente con servicios de foniatr\u00eda, logopedia y salud mental.<\/p>\n\t\n\t\t\t\t\t<\/div>\n\t\t\t\t\t\t\n\t\t\t\t<\/div>\n\t\t\t<\/div>\n\t\t<\/div>\n\t<\/div>\n\n\n\t<div class=\"grid-container\">\n\t\t<div class=\"text-imatge-full right\">\n\t\t\t<div class=\"text-imatge-row row\">\t\t\t\t<div class=\"text-imatge__imatge\">\n\t\t\t\t\t<img loading=\"lazy\" decoding=\"async\" width=\"1000\" height=\"1000\" src=\"https:\/\/www.institutpsicologia.cat\/wp-content\/uploads\/2023\/10\/valors-1000x1000.jpg\" class=\"attachment-custom-cuadrat size-custom-cuadrat\" alt=\"\" srcset=\"https:\/\/www.institutpsicologia.cat\/wp-content\/uploads\/2023\/10\/valors-1000x1000.jpg 1000w, https:\/\/www.institutpsicologia.cat\/wp-content\/uploads\/2023\/10\/valors-300x300.jpg 300w, https:\/\/www.institutpsicologia.cat\/wp-content\/uploads\/2023\/10\/valors-100x100.jpg 100w, https:\/\/www.institutpsicologia.cat\/wp-content\/uploads\/2023\/10\/valors-150x150.jpg 150w, https:\/\/www.institutpsicologia.cat\/wp-content\/uploads\/2023\/10\/valors-800x800.jpg 800w\" sizes=\"auto, (max-width: 1000px) 100vw, 1000px\" \/>\t\t\t\t<\/div>\n\t\t\t\t<div class=\"text-imatge__text\">\n\t\t\t\t\t<h2 class=\"titol_bloc\">Misi\u00f3n y valores<\/h2>\n\t\t\t\t\t<div class=\"text_bloc\">\n\t\t\t\t\t\t\t<p>Nuestra misi\u00f3n es mejorar la calidad de vida de las personas y su entorno. Somos un equipo humano cercano, interdisciplinario y especializado que trabaja de forma coordinada para cubrir todas las necesidades de las personas que nos consultan.<\/p>\n<p>Los valores que vertebran nuestra manera de ser y hacer son la profesionalidad, el compromiso, la proximidad y el rigor. Trabajamos para dar la respuesta m\u00e1s ajustada y eficiente a las necesidades de las personas que atendemos, con una actitud de servicio cercana y c\u00e1lida.<\/p>\n\t\n\t\t\t\t\t<\/div>\n\t\t\t\t\t\t\n\t\t\t\t<\/div>\n\t\t\t<\/div>\n\t\t<\/div>\n\t<\/div>\n\n\n\n<div style=\"height:100px\" aria-hidden=\"true\" class=\"wp-block-spacer\"><\/div>\n","protected":false},"excerpt":{"rendered":"<p>#CuentaConNosotros<\/p>\n","protected":false},"author":1,"featured_media":0,"parent":0,"menu_order":0,"comment_status":"closed","ping_status":"closed","template":"","meta":{"_acf_changed":false,"wp_popup_display_lightbox":0,"wp_popup_suppress":"","wp_popup_trigger":"","wp_popup_trigger_amount":0,"wp_popup_disable_on_mobile":false,"_themeisle_gutenberg_block_has_review":false,"footnotes":""},"class_list":["post-30843","page","type-page","status-publish"],"acf":[],"_links":{"self":[{"href":"https:\/\/www.institutpsicologia.cat\/es\/wp-json\/wp\/v2\/pages\/30843","targetHints":{"allow":["GET"]}}],"collection":[{"href":"https:\/\/www.institutpsicologia.cat\/es\/wp-json\/wp\/v2\/pages"}],"about":[{"href":"https:\/\/www.institutpsicologia.cat\/es\/wp-json\/wp\/v2\/types\/page"}],"author":[{"embeddable":true,"href":"https:\/\/www.institutpsicologia.cat\/es\/wp-json\/wp\/v2\/users\/1"}],"replies":[{"embeddable":true,"href":"https:\/\/www.institutpsicologia.cat\/es\/wp-json\/wp\/v2\/comments?post=30843"}],"version-history":[{"count":5,"href":"https:\/\/www.institutpsicologia.cat\/es\/wp-json\/wp\/v2\/pages\/30843\/revisions"}],"predecessor-version":[{"id":30860,"href":"https:\/\/www.institutpsicologia.cat\/es\/wp-json\/wp\/v2\/pages\/30843\/revisions\/30860"}],"wp:attachment":[{"href":"https:\/\/www.institutpsicologia.cat\/es\/wp-json\/wp\/v2\/media?parent=30843"}],"curies":[{"name":"wp","href":"https:\/\/api.w.org\/{rel}","templated":true}]}}