{"id":4234,"date":"2020-07-16T12:41:48","date_gmt":"2020-07-16T12:41:48","guid":{"rendered":"https:\/\/fredericmistral-tecniceulalia.cat\/areas\/cultura-i-valors\/"},"modified":"2021-02-16T10:08:25","modified_gmt":"2021-02-16T09:08:25","slug":"culture-and-values","status":"publish","type":"page","link":"https:\/\/www.institutpsicologia.cat\/en\/areas\/culture-and-values","title":{"rendered":"Culture and values"},"content":{"rendered":"\n\t<div id=\"cabecerainterior-block_5ed76c89e95bc\" class=\"cabecerainterior lazy\">\n\t\t<div class=\"cabint-image\">\n\t\t\t<img decoding=\"async\" src=\"https:\/\/www.institutpsicologia.cat\/wp-content\/uploads\/2020\/10\/ambits_cultura_valors-scaled.jpg\" alt=\"\">\n\t\t<\/div>\n\t\t<div class=\"cabint-info\">\n\t\t\t<h1 class=\"cabint-info__titol\">\n\t\t\t\tCulture and values\t\t\t<\/h1>\n\t\t<\/div>\n\t<\/div>\n\n\t\n\n\n\t<div id=\"tornarenrera-block_5f359774ec64a\" class=\"back lazy\">\n\t\t<a href=\"\/en\/areas\/\" class=\"goback\">\n\t\t\t<img decoding=\"async\" src=\"\/wp-content\/uploads\/2020\/08\/arrow_goback.png\" alt=\"Tornar enrere\" title=\"Tornar enrere\"\/>\n\t\t<\/a>\n\t<\/div>\n\n\t\n\n\t<div id=\"textodestacado-block_5f104b02134ab\" class=\"text-destacat lazy\">\t\t<div class=\"grid-container\">\n\t\t\t<!-- Item -->\n        <div class=\"text-destacat__text\">\n\t\t\t\t\t<h2 class=\"titol_bloc\">We make culture a total experience!<\/h2>\n\t\t\t\t\t<div class=\"text_bloc\">\n\t\t\t\t\t\t<p>Throughout the school pathway, from P3 to Baccalaureate, we establish links with foundations and organisations that strengthen the civic engagement and social and emotional skills of our students.<\/p>\n\t\t\t\t\t<\/div>\n\t\t\t\t<\/div>\n\t\t\t<!-- .\/ Item -->\t\n\t\t<\/div>\n\t<\/div>\n\n\t\n\n\t<div class=\"grid-container lazy\">\n\t\t<div class=\"text-imatge\">\n\t\t\t<div class=\"text-imatge-row row\">\n\t\t\t\t<div class=\"col-md-6 text-imatge__imatge\">\n\t\t\t\t\t\t\t\t\t\t<a href=\"\">\n\t\t\t\t\t<img loading=\"lazy\" decoding=\"async\" width=\"1000\" height=\"1000\" src=\"https:\/\/www.institutpsicologia.cat\/wp-content\/uploads\/2020\/07\/opt_web_FMTE_Cultura_valors_6-1-1000x1000.jpg\" class=\"attachment-custom-cuadrat size-custom-cuadrat\" alt=\"Alumnes a la Fundaci\u00f3 Mir\u00f3\" srcset=\"https:\/\/www.institutpsicologia.cat\/wp-content\/uploads\/2020\/07\/opt_web_FMTE_Cultura_valors_6-1.jpg 1000w, https:\/\/www.institutpsicologia.cat\/wp-content\/uploads\/2020\/07\/opt_web_FMTE_Cultura_valors_6-1-300x300.jpg 300w, https:\/\/www.institutpsicologia.cat\/wp-content\/uploads\/2020\/07\/opt_web_FMTE_Cultura_valors_6-1-150x150.jpg 150w, https:\/\/www.institutpsicologia.cat\/wp-content\/uploads\/2020\/07\/opt_web_FMTE_Cultura_valors_6-1-768x768.jpg 768w, https:\/\/www.institutpsicologia.cat\/wp-content\/uploads\/2020\/07\/opt_web_FMTE_Cultura_valors_6-1-800x800.jpg 800w\" sizes=\"auto, (max-width: 1000px) 100vw, 1000px\" \/>\t\t\t\t\t<\/a>\n\t\t\t\t<\/div>\n\t\t\t\t<div class=\"col-md-6 text-imatge__text\">\n\t\t\t\t\t<span class=\"seccio_bloc\">\n\t\t\t\t\t\t\t\n\t\t\t\t\t<\/span>\n\t\t\t\t\t<h2 class=\"titol_bloc\">Reflection, critical spirit and creativity<\/h2>\n\t\t\t\t\t<div class=\"text_bloc\">\n\t\t\t\t\t\t<p>\n\t\t\t\t\t\t\t<p>We generate an environment conducive to reflection and a critical spirit, in which students acquire their own system of values and exercise their citizenship in a constructive, supportive and responsible way.<\/p>\n<p>We encourage creativity and artistic sensitivity through activities organised thanks to agreements we have with leading cultural institutions, such as the Fundaci\u00f3 Mir\u00f3, Foto Colectania and the Vall\u00e8s Symphony Orchestra.<\/p>\n\t\n\t\t\t\t\t\t<\/p>\n\t\t\t\t\t<\/div>\n\t\t\t\t\t\t\n\t\t\t\t<\/div>\n\t\t\t<\/div>\n\t\t<\/div>\n\t<\/div>\n\n\n\t\t<div id=\"fotos-block_5f104ba9134ad\" class=\"text slider-fotos lazy\">\t\t\t\t\t\t\t\t\t\t\t\t<div class=\"fotos-info slick-container\">\n\t\t\t\t\t<h2 class=\"fotos-titol\">\n\t\t\t\t\t\t\t\t\t\t\t<\/h2>\n\t\t\t\t\t<img loading=\"lazy\" decoding=\"async\" width=\"1000\" height=\"730\" src=\"https:\/\/www.institutpsicologia.cat\/wp-content\/uploads\/2020\/07\/opt_web_FMTE_Cultura_valors_2-1.jpg\" class=\"attachment-full size-full\" alt=\"Cultura i valors\" srcset=\"https:\/\/www.institutpsicologia.cat\/wp-content\/uploads\/2020\/07\/opt_web_FMTE_Cultura_valors_2-1.jpg 1000w, https:\/\/www.institutpsicologia.cat\/wp-content\/uploads\/2020\/07\/opt_web_FMTE_Cultura_valors_2-1-300x219.jpg 300w, https:\/\/www.institutpsicologia.cat\/wp-content\/uploads\/2020\/07\/opt_web_FMTE_Cultura_valors_2-1-768x561.jpg 768w\" sizes=\"auto, (max-width: 1000px) 100vw, 1000px\" \/>\t\t\t\t\t<p class=\"fotos-txt\">\n\t\t\t\t\t\t\t\n\t\t\t\t\t<\/p>\n\t\t\t\t<\/div>\n\t\t\t\t\t\t\t\t\t\t\t\t<div class=\"fotos-info slick-container\">\n\t\t\t\t\t<h2 class=\"fotos-titol\">\n\t\t\t\t\t\t\t\t\t\t\t<\/h2>\n\t\t\t\t\t<img loading=\"lazy\" decoding=\"async\" width=\"1000\" height=\"730\" src=\"https:\/\/www.institutpsicologia.cat\/wp-content\/uploads\/2020\/07\/opt_web_FMTE_Cultura_valors_4-1.jpg\" class=\"attachment-full size-full\" alt=\"Cultura i valors\" srcset=\"https:\/\/www.institutpsicologia.cat\/wp-content\/uploads\/2020\/07\/opt_web_FMTE_Cultura_valors_4-1.jpg 1000w, https:\/\/www.institutpsicologia.cat\/wp-content\/uploads\/2020\/07\/opt_web_FMTE_Cultura_valors_4-1-300x219.jpg 300w, https:\/\/www.institutpsicologia.cat\/wp-content\/uploads\/2020\/07\/opt_web_FMTE_Cultura_valors_4-1-768x561.jpg 768w\" sizes=\"auto, (max-width: 1000px) 100vw, 1000px\" \/>\t\t\t\t\t<p class=\"fotos-txt\">\n\t\t\t\t\t\t\t\n\t\t\t\t\t<\/p>\n\t\t\t\t<\/div>\n\t\t\t\t\t\t\t\t\t\t\t\t<div class=\"fotos-info slick-container\">\n\t\t\t\t\t<h2 class=\"fotos-titol\">\n\t\t\t\t\t\t\t\t\t\t\t<\/h2>\n\t\t\t\t\t<img loading=\"lazy\" decoding=\"async\" width=\"1000\" height=\"730\" src=\"https:\/\/www.institutpsicologia.cat\/wp-content\/uploads\/2020\/07\/opt_web_FMTE_Cultura_valors_5-1.jpg\" class=\"attachment-full size-full\" alt=\"Cultura i valors\" srcset=\"https:\/\/www.institutpsicologia.cat\/wp-content\/uploads\/2020\/07\/opt_web_FMTE_Cultura_valors_5-1.jpg 1000w, https:\/\/www.institutpsicologia.cat\/wp-content\/uploads\/2020\/07\/opt_web_FMTE_Cultura_valors_5-1-300x219.jpg 300w, https:\/\/www.institutpsicologia.cat\/wp-content\/uploads\/2020\/07\/opt_web_FMTE_Cultura_valors_5-1-768x561.jpg 768w\" sizes=\"auto, (max-width: 1000px) 100vw, 1000px\" \/>\t\t\t\t\t<p class=\"fotos-txt\">\n\t\t\t\t\t\t\t\n\t\t\t\t\t<\/p>\n\t\t\t\t<\/div>\n\t\t\t\t\t\t\t\t\t\t\t\t<div class=\"fotos-info slick-container\">\n\t\t\t\t\t<h2 class=\"fotos-titol\">\n\t\t\t\t\t\t\t\t\t\t\t<\/h2>\n\t\t\t\t\t<img loading=\"lazy\" decoding=\"async\" width=\"1000\" height=\"730\" src=\"https:\/\/www.institutpsicologia.cat\/wp-content\/uploads\/2020\/07\/opt_web_FMTE_Cultura_valors_7-1.jpg\" class=\"attachment-full size-full\" alt=\"Cultura i valors\" srcset=\"https:\/\/www.institutpsicologia.cat\/wp-content\/uploads\/2020\/07\/opt_web_FMTE_Cultura_valors_7-1.jpg 1000w, https:\/\/www.institutpsicologia.cat\/wp-content\/uploads\/2020\/07\/opt_web_FMTE_Cultura_valors_7-1-300x219.jpg 300w, https:\/\/www.institutpsicologia.cat\/wp-content\/uploads\/2020\/07\/opt_web_FMTE_Cultura_valors_7-1-768x561.jpg 768w\" sizes=\"auto, (max-width: 1000px) 100vw, 1000px\" \/>\t\t\t\t\t<p class=\"fotos-txt\">\n\t\t\t\t\t\t\t\n\t\t\t\t\t<\/p>\n\t\t\t\t<\/div>\n\t\t\t\t\t    \t\t<\/div>\n\t\t\n\n\t\t<div id=\"videos-block_5f16974782304\" class=\"video-fullscreen slider-videos lazy\">\n\t\t\t\t\t\t\t\t\t\t\t\t<iframe loading=\"lazy\" title=\"Temps Que Vivim, un projecte amb Foto Colectania\" width=\"640\" height=\"360\" src=\"https:\/\/www.youtube.com\/embed\/to6osr3kmE0?feature=oembed&#038;controls=1&#038;hd=1&#038;autohide=1\" frameborder=\"0\" allow=\"accelerometer; autoplay; clipboard-write; encrypted-media; gyroscope; picture-in-picture; web-share\" referrerpolicy=\"strict-origin-when-cross-origin\" allowfullscreen frameborder=\"0\"><\/iframe>\t\t\t\t\t    \t\t\t<\/div>\n\t\t\n\n\t\t\t<div id=\"fotos-block_5f609d3070341\" class=\"text slider-fotos lazy\">\t\t\t\t\t\t\t\t\t\t\t\t\t\t\t<div class=\"fotos-info\">\n\t\t\t\t\t<h2 class=\"fotos-titol\">\n\t\t\t\t\t\t\t\t\t\t\t<\/h2>\n\t\t\t\t\t<img loading=\"lazy\" decoding=\"async\" width=\"2000\" height=\"550\" src=\"https:\/\/www.institutpsicologia.cat\/wp-content\/uploads\/2020\/09\/logos_OK2.png\" class=\"attachment-full size-full\" alt=\"\" srcset=\"https:\/\/www.institutpsicologia.cat\/wp-content\/uploads\/2020\/09\/logos_OK2.png 2000w, https:\/\/www.institutpsicologia.cat\/wp-content\/uploads\/2020\/09\/logos_OK2-300x83.png 300w, https:\/\/www.institutpsicologia.cat\/wp-content\/uploads\/2020\/09\/logos_OK2-1024x282.png 1024w, https:\/\/www.institutpsicologia.cat\/wp-content\/uploads\/2020\/09\/logos_OK2-768x211.png 768w, https:\/\/www.institutpsicologia.cat\/wp-content\/uploads\/2020\/09\/logos_OK2-1536x422.png 1536w\" sizes=\"auto, (max-width: 2000px) 100vw, 2000px\" \/>\t\t\t\t\t<p class=\"fotos-txt\">\n\t\t\t\t\t\t\t\n\t\t\t\t\t<\/p>\n\t\t\t\t<\/div>\n\t\t\t\t    \t\t\t<\/div>\n\t\t\n\n   \t<div id=\"\" class=\"row bg-clar ambits lazy\">\n   \t\t<h2 class=\"entry-title\">Areas<\/h2>\n     \t<div class=\"col-md-2 offset-md-1 offset-xxl-2\">\n       \t<div class=\"ambits-txt\">\n          Discover the<br><strong> 5 unique<\/strong> core ideas that define us       \t<\/div>\n     \t<\/div>\n     \t<div class=\"col-md-9 col-xxl-8\">\n        <ul class=\"ambits-links\">\n        \t<li class=\"ambits-link cultura_valors\"><a href=\"https:\/\/fredericmistral-tecniceulalia.cat\/en\/areas\/culture-and-values\/\">Culture and values<\/a><\/li>\n          <li class=\"ambits-link sostenibilitat\"><a href=\"https:\/\/fredericmistral-tecniceulalia.cat\/en\/areas\/sustainability\/\">Sustainability<\/a><\/li>\n          <li class=\"ambits-link orientacio\"><a href=\"https:\/\/fredericmistral-tecniceulalia.cat\/en\/areas\/personal-and-academic-counselling\/\">Personal and <br>academic orientation<\/a><\/li>\n          <li class=\"ambits-link innovacio\"><a href=\"https:\/\/fredericmistral-tecniceulalia.cat\/en\/areas\/innovation\/\">Innovation<\/a><\/li>\n          <li class=\"ambits-link plurilinguisme\"><a href=\"https:\/\/fredericmistral-tecniceulalia.cat\/en\/areas\/plurilingualism\/\">Plurilingualism<\/a><\/li>\n       \t<\/ul>\n     \t<\/div>\n   \t<\/div>\n\n\t","protected":false},"excerpt":{"rendered":"","protected":false},"author":2,"featured_media":0,"parent":4036,"menu_order":0,"comment_status":"closed","ping_status":"closed","template":"","meta":{"_acf_changed":false,"wp_popup_display_lightbox":0,"wp_popup_suppress":"","wp_popup_trigger":"","wp_popup_trigger_amount":0,"wp_popup_disable_on_mobile":false,"_themeisle_gutenberg_block_has_review":false,"footnotes":""},"class_list":["post-4234","page","type-page","status-publish"],"acf":[],"_links":{"self":[{"href":"https:\/\/www.institutpsicologia.cat\/en\/wp-json\/wp\/v2\/pages\/4234","targetHints":{"allow":["GET"]}}],"collection":[{"href":"https:\/\/www.institutpsicologia.cat\/en\/wp-json\/wp\/v2\/pages"}],"about":[{"href":"https:\/\/www.institutpsicologia.cat\/en\/wp-json\/wp\/v2\/types\/page"}],"author":[{"embeddable":true,"href":"https:\/\/www.institutpsicologia.cat\/en\/wp-json\/wp\/v2\/users\/2"}],"replies":[{"embeddable":true,"href":"https:\/\/www.institutpsicologia.cat\/en\/wp-json\/wp\/v2\/comments?post=4234"}],"version-history":[{"count":7,"href":"https:\/\/www.institutpsicologia.cat\/en\/wp-json\/wp\/v2\/pages\/4234\/revisions"}],"predecessor-version":[{"id":5193,"href":"https:\/\/www.institutpsicologia.cat\/en\/wp-json\/wp\/v2\/pages\/4234\/revisions\/5193"}],"up":[{"embeddable":true,"href":"https:\/\/www.institutpsicologia.cat\/en\/wp-json\/wp\/v2\/pages\/4036"}],"wp:attachment":[{"href":"https:\/\/www.institutpsicologia.cat\/en\/wp-json\/wp\/v2\/media?parent=4234"}],"curies":[{"name":"wp","href":"https:\/\/api.w.org\/{rel}","templated":true}]}}